{"id":3,"date":"2024-12-09T10:52:23","date_gmt":"2024-12-09T10:52:23","guid":{"rendered":"https:\/\/gadgetingcar.com\/?page_id=3"},"modified":"2024-12-09T23:02:02","modified_gmt":"2024-12-09T23:02:02","slug":"datenschutzrichtlinie","status":"publish","type":"page","link":"https:\/\/gadgetingcar.com\/de\/datenschutzrichtlinie\/","title":{"rendered":"Impressum und Datenschutz"},"content":{"rendered":"<div data-elementor-type=\"wp-page\" data-elementor-id=\"3\" class=\"elementor elementor-3\" data-elementor-post-type=\"page\">\n\t\t\t\t<div class=\"elementor-element elementor-element-2522cf49 e-flex e-con-boxed e-con e-parent\" data-id=\"2522cf49\" data-element_type=\"container\">\n\t\t\t\t\t<div class=\"e-con-inner\">\n\t\t\t\t<div class=\"elementor-element elementor-element-79be662c elementor-widget elementor-widget-text-editor\" data-id=\"79be662c\" data-element_type=\"widget\" data-widget_type=\"text-editor.default\">\n\t\t\t\t<div class=\"elementor-widget-container\">\n\t\t\t\t\t\t\t\t\t<!DOCTYPE html>\n<html lang=\"es\">\n<head>\n    <meta charset=\"UTF-8\">\n    <meta name=\"viewport\" content=\"width=device-width, initial-scale=1.0\">\n    <title>Impressum und Datenschutz<\/title>\n<\/head>\n<body>\n    <h1>Rechtliche Hinweise<\/h1>\n    <h2>Identifizierung des Website-Eigent\u00fcmers<\/h2>\n    <p>In \u00dcbereinstimmung mit dem Gesetz \u00fcber Dienste der Informationsgesellschaft und elektronischen Handel (LSSICE) stellen wir die folgenden Informationen zur Verf\u00fcgung:<\/p>\n    <ul>\n        \n        <li><strong>Kontakt-E-Mail:<\/strong> info@gadgetingcar.com<\/li>\n        \n        <li><strong>Handelsname:<\/strong> Gadgetingcar.com<\/li>\n    <\/ul>\n    <h2>Zweck der Website<\/h2>\n    <p>Gadgetingcar.com ist ein Online-Shop, der Produkte rund um Gadgets und Fahrzeugzubeh\u00f6r anbietet.<\/p>\n    <h2>Geistiges Eigentum<\/h2>\n    <p>Alle Website-Inhalte (Texte, Logos, Bilder, Grafikdesign, Quellcode usw.) sind Eigentum von Gadgetingcar.com oder seinen Lizenzgebern. Unbefugte Vervielf\u00e4ltigung oder Verbreitung ist untersagt.<\/p>\n    <h2>Haftungsausschluss<\/h2>\n    <p>Gadgetingcar.com fungiert als Vermittler beim Erwerb von Produkten. Wir sind nicht verantwortlich f\u00fcr:<\/p>\n    <ul>\n        <li>Versandverz\u00f6gerungen oder Fehler bei der Auftragsabwicklung.<\/li>\n        <li>Fehlerhafte Produkte, f\u00fcr die der externe Lieferant verantwortlich ist.<\/li>\n    <\/ul>\n    <h2>Allgemeine Nutzungsbedingungen<\/h2>\n    <p>Die Nutzung der Website f\u00fcr illegale Zwecke ist verboten. Gadgetingcar.com kann seine Inhalte und Dienste ohne vorherige Ank\u00fcndigung \u00e4ndern.<\/p>\n\n    <h1>Datenschutzrichtlinie<\/h1>\n    <h2>Verantwortlicher<\/h2>\n    <ul>\n        <li><strong>Halter:<\/strong> Gadgetingcar.com<\/li>\n        <li><strong>Mail:<\/strong> info@gadgetingcar.com<\/li>\n    <\/ul>\n    <h2>Von uns erhobene Daten<\/h2>\n    <ul>\n        <li>Name, Adresse, E-Mail-Adresse und Zahlungsdaten, die zur Abwicklung der Bestellung erforderlich sind.<\/li>\n        <li>Technische Informationen: IP-Adresse, Browsertyp und Surfgewohnheiten.<\/li>\n    <\/ul>\n    <h2>Zweck der Behandlung<\/h2>\n    <ul>\n        <li>Einkaufs- und Versandmanagement.<\/li>\n        <li>Senden von Benachrichtigungen im Zusammenhang mit Bestellungen.<\/li>\n        <li>Website-Optimierung durch Navigationsdatenanalyse.<\/li>\n    <\/ul>\n    <h2>Rechtsgrundlage der Verarbeitung<\/h2>\n    <p>Die Datenverarbeitung erfolgt auf Grundlage Ihrer Einwilligung und zur Durchf\u00fchrung des Vertragsverh\u00e4ltnisses.<\/p>\n    <h2>Datenaufbewahrung<\/h2>\n    <p>Personenbezogene Daten werden solange gespeichert, wie dies zur Erf\u00fcllung gesetzlicher Verpflichtungen erforderlich ist oder eine Gesch\u00e4ftsbeziehung besteht.<\/p>\n    <h2>Nutzerrechte<\/h2>\n    <ul>\n        <li><strong>Zugang:<\/strong> Informieren Sie sich, welche personenbezogenen Daten wir verarbeiten.<\/li>\n        <li><strong>Berichtigung:<\/strong> Korrigieren Sie falsche Daten.<\/li>\n        <li><strong>Unterdr\u00fcckung:<\/strong> L\u00f6schung der Daten beantragen.<\/li>\n        <li><strong>Portabilit\u00e4t:<\/strong> Erhalten Sie eine strukturierte Kopie der personenbezogenen Daten.<\/li>\n    <\/ul>\n    <p>Um diese Rechte auszu\u00fcben, wenden Sie sich bitte an info@gadgetingcar.com.<\/p>\n    <h2>Externe Lieferanten<\/h2>\n    <p>Gadgetingcar.com gibt Daten an Dritte wie AliExpress und Zahlungsgateways weiter, vorbehaltlich deren eigener Datenschutzrichtlinien.<\/p>\n<\/body>\n<\/html>\n\t\t\t\t\t\t\t\t<\/div>\n\t\t\t\t<\/div>\n\t\t\t\t\t<\/div>\n\t\t\t\t<\/div>\n\t\t\t\t<\/div>","protected":false},"excerpt":{"rendered":"<p>Rechtliche Hinweise und Datenschutzpolitik Rechtliche Hinweise Rechtliche Hinweise Identifizierung des Eigent\u00fcmers der Website In \u00dcbereinstimmung mit dem Gesetz \u00fcber Dienstleistungen der Informationsgesellschaft und des elektronischen Handels (LSSICE), informieren wir Sie \u00fcber die folgenden Daten: Kontakt-E-Mail: info@gadgetingcar.com Handelsname: Gadgetingcar.com Zweck der Website Gadgetingcar.com ist ein Online-Shop, der [...]<\/p>","protected":false},"author":1,"featured_media":0,"parent":0,"menu_order":0,"comment_status":"closed","ping_status":"closed","template":"","meta":{"footnotes":""},"class_list":["post-3","page","type-page","status-publish","hentry"],"aioseo_notices":[],"jetpack_sharing_enabled":true,"_links":{"self":[{"href":"https:\/\/gadgetingcar.com\/de\/wp-json\/wp\/v2\/pages\/3","targetHints":{"allow":["GET"]}}],"collection":[{"href":"https:\/\/gadgetingcar.com\/de\/wp-json\/wp\/v2\/pages"}],"about":[{"href":"https:\/\/gadgetingcar.com\/de\/wp-json\/wp\/v2\/types\/page"}],"author":[{"embeddable":true,"href":"https:\/\/gadgetingcar.com\/de\/wp-json\/wp\/v2\/users\/1"}],"replies":[{"embeddable":true,"href":"https:\/\/gadgetingcar.com\/de\/wp-json\/wp\/v2\/comments?post=3"}],"version-history":[{"count":4,"href":"https:\/\/gadgetingcar.com\/de\/wp-json\/wp\/v2\/pages\/3\/revisions"}],"predecessor-version":[{"id":223,"href":"https:\/\/gadgetingcar.com\/de\/wp-json\/wp\/v2\/pages\/3\/revisions\/223"}],"wp:attachment":[{"href":"https:\/\/gadgetingcar.com\/de\/wp-json\/wp\/v2\/media?parent=3"}],"curies":[{"name":"wp","href":"https:\/\/api.w.org\/{rel}","templated":true}]}}