{"id":1536,"date":"2025-07-03T18:45:48","date_gmt":"2025-07-03T18:45:48","guid":{"rendered":"https:\/\/gadgetingcar.com\/?post_type=product&#038;p=1536"},"modified":"2025-10-24T23:07:33","modified_gmt":"2025-10-24T23:07:33","slug":"hydraulischer-wagenheber-fur-pkw-und-lkw","status":"publish","type":"product","link":"https:\/\/gadgetingcar.com\/de\/produkt\/hydraulischer-wagenheber-fur-pkw-und-lkw\/","title":{"rendered":"Tragbarer hydraulischer Wagenheber f\u00fcr Autos und LKWs"},"content":{"rendered":"<h3 data-start=\"275\" data-end=\"312\"><strong data-start=\"279\" data-end=\"310\">Hauptmerkmale<\/strong><\/h3>\n<ul data-start=\"313\" data-end=\"1175\">\n<li data-start=\"313\" data-end=\"482\">\n<p data-start=\"315\" data-end=\"482\"><strong data-start=\"315\" data-end=\"361\">Hubkapazit\u00e4t von 8 Tonnen (8T)<\/strong>Ideal zum m\u00fchelosen Anheben von Autos, LKWs, Wohnwagen und Traktoren. Tr\u00e4gt gro\u00dfe Lasten sicher.<\/p>\n<\/li>\n<li data-start=\"483\" data-end=\"634\">\n<p data-start=\"485\" data-end=\"634\"><strong data-start=\"485\" data-end=\"509\">Robuste Konstruktion<\/strong>: Vollmetallgussgeh\u00e4use mit verdickter Stahlplatte sorgt f\u00fcr langfristige Haltbarkeit und Festigkeit.<\/p>\n<\/li>\n<li data-start=\"635\" data-end=\"798\">\n<p data-start=\"637\" data-end=\"798\"><strong data-start=\"637\" data-end=\"657\">H\u00f6henverstellbar<\/strong>: Erm\u00f6glicht die Verl\u00e4ngerung von 200 mm auf 385 mm mit einem oberen Schraubmechanismus und erleichtert so die Arbeit an Fahrzeugen unterschiedlicher H\u00f6he.<\/p>\n<\/li>\n<li data-start=\"799\" data-end=\"917\">\n<p data-start=\"801\" data-end=\"917\"><strong data-start=\"801\" data-end=\"831\">Tragbares und praktisches Design<\/strong>: Mit zweiteiligem abnehmbaren Griff f\u00fcr einfachen Transport und Lagerung.<\/p>\n<\/li>\n<li data-start=\"918\" data-end=\"1046\">\n<p data-start=\"920\" data-end=\"1046\"><strong data-start=\"920\" data-end=\"945\">Garantierte Sicherheit<\/strong>: : Rutschfeste Oberfl\u00e4che mit Querrillen und verbreiterter Basis f\u00fcr zus\u00e4tzliche Stabilit\u00e4t.<\/p>\n<\/li>\n<li data-start=\"1047\" data-end=\"1175\">\n<p data-start=\"1049\" data-end=\"1175\"><strong data-start=\"1049\" data-end=\"1076\">Einfache Bedienung<\/strong>: Hydrauliksystem mit \u00d6lr\u00fccklaufventil, das ein kontrolliertes automatisches Absenken erm\u00f6glicht.<\/p>\n<\/li>\n<\/ul>\n<h3 data-start=\"1177\" data-end=\"1212\"><strong data-start=\"1181\" data-end=\"1210\">Technische Spezifikationen<\/strong><\/h3>\n<div class=\"_tableContainer_80l1q_1\">\n<div class=\"_tableWrapper_80l1q_14 group flex w-fit flex-col-reverse\" tabindex=\"-1\">\n<table class=\"w-fit min-w-(--thread-content-width)\" data-start=\"1213\" data-end=\"2075\">\n<thead data-start=\"1213\" data-end=\"1283\">\n<tr data-start=\"1213\" data-end=\"1283\">\n<th data-start=\"1213\" data-end=\"1239\" data-col-size=\"sm\">Spezifikation<\/th>\n<th data-start=\"1239\" data-end=\"1283\" data-col-size=\"sm\">Detail<\/th>\n<\/tr>\n<\/thead>\n<tbody data-start=\"1356\" data-end=\"2075\">\n<tr data-start=\"1356\" data-end=\"1427\">\n<td data-start=\"1356\" data-end=\"1383\" data-col-size=\"sm\">Kerl<\/td>\n<td data-col-size=\"sm\" data-start=\"1383\" data-end=\"1427\">Hydraulischer Wagenheber<\/td>\n<\/tr>\n<tr data-start=\"1428\" data-end=\"1499\">\n<td data-start=\"1428\" data-end=\"1455\" data-col-size=\"sm\">Tragf\u00e4higkeit<\/td>\n<td data-col-size=\"sm\" data-start=\"1455\" data-end=\"1499\">8 Tonnen (8000 kg)<\/td>\n<\/tr>\n<tr data-start=\"1500\" data-end=\"1571\">\n<td data-start=\"1500\" data-end=\"1527\" data-col-size=\"sm\">Mindesth\u00f6he<\/td>\n<td data-col-size=\"sm\" data-start=\"1527\" data-end=\"1571\">200 mm (7,87 Zoll)<\/td>\n<\/tr>\n<tr data-start=\"1572\" data-end=\"1643\">\n<td data-start=\"1572\" data-end=\"1599\" data-col-size=\"sm\">Maximale H\u00f6he<\/td>\n<td data-col-size=\"sm\" data-start=\"1599\" data-end=\"1643\">385 mm (15,15 Zoll)<\/td>\n<\/tr>\n<tr data-start=\"1644\" data-end=\"1715\">\n<td data-start=\"1644\" data-end=\"1671\" data-col-size=\"sm\">H\u00f6henverstellbar<\/td>\n<td data-col-size=\"sm\" data-start=\"1671\" data-end=\"1715\">60 mm<\/td>\n<\/tr>\n<tr data-start=\"1716\" data-end=\"1787\">\n<td data-start=\"1716\" data-end=\"1743\" data-col-size=\"sm\">Hubh\u00f6he<\/td>\n<td data-col-size=\"sm\" data-start=\"1743\" data-end=\"1787\">125 mm<\/td>\n<\/tr>\n<tr data-start=\"1788\" data-end=\"1859\">\n<td data-start=\"1788\" data-end=\"1815\" data-col-size=\"sm\">Gewicht<\/td>\n<td data-col-size=\"sm\" data-start=\"1815\" data-end=\"1859\">3,75 kg<\/td>\n<\/tr>\n<tr data-start=\"1860\" data-end=\"1931\">\n<td data-start=\"1860\" data-end=\"1887\" data-col-size=\"sm\">Material<\/td>\n<td data-col-size=\"sm\" data-start=\"1887\" data-end=\"1931\">Metall mit langlebiger Oberfl\u00e4che<\/td>\n<\/tr>\n<tr data-start=\"1932\" data-end=\"2003\">\n<td data-start=\"1932\" data-end=\"1959\" data-col-size=\"sm\">Anwendungen<\/td>\n<td data-col-size=\"sm\" data-start=\"1959\" data-end=\"2003\">Automobil, Landwirtschaft, Industrie<\/td>\n<\/tr>\n<tr data-start=\"2004\" data-end=\"2075\">\n<td data-start=\"2004\" data-end=\"2031\" data-col-size=\"sm\">Erfordert vertikale Verwendung<\/td>\n<td data-col-size=\"sm\" data-start=\"2031\" data-end=\"2075\">Ja (nicht seitlich oder verkehrt herum verwenden)<\/td>\n<\/tr>\n<\/tbody>\n<\/table>\n<div class=\"sticky end-(--thread-content-margin) h-0 self-end select-none\">\n<div class=\"absolute end-0 flex items-end\"><\/div>\n<\/div>\n<\/div>\n<\/div>\n<h3 data-start=\"2077\" data-end=\"2110\"><strong data-start=\"2081\" data-end=\"2108\">Warum dieses Produkt?<\/strong><\/h3>\n<p data-start=\"2111\" data-end=\"2498\">Dieser hydraulische Wagenheber ist eine kompakte und leistungsstarke L\u00f6sung zum sicheren und komfortablen Anheben schwerer Fahrzeuge. Seine verst\u00e4rkte Metallkonstruktion und die einfache Handhabung machen ihn ideal f\u00fcr den professionellen Einsatz und den Einsatz am Stra\u00dfenrand. Er enth\u00e4lt au\u00dferdem eine Anleitung zur einfachen Wartung des Hydrauliksystems, die dessen Lebensdauer ohne Leckagen verl\u00e4ngert.<\/p>\n<p data-start=\"2500\" data-end=\"2686\">Diese Hebeb\u00fchne ist perfekt f\u00fcr Mechaniker, Spediteure und Fahrer, die ein zuverl\u00e4ssiges Werkzeug ben\u00f6tigen, und eine kluge Investition in jeden Kfz-Werkzeugkasten.<\/p>","protected":false},"excerpt":{"rendered":"<p data-start=\"2018\" data-end=\"2164\">Tragbarer hydraulischer 8-Tonnen-Wagenheber, ideal zum sicheren und einfachen Anheben von Autos, LKWs und Traktoren. Robust, kompakt und zuverl\u00e4ssig.<\/p>","protected":false},"featured_media":1537,"comment_status":"open","ping_status":"closed","template":"","meta":[],"product_brand":[],"product_cat":[23],"product_tag":[],"class_list":{"0":"post-1536","1":"product","2":"type-product","3":"status-publish","4":"has-post-thumbnail","6":"product_cat-accesorios","8":"first","9":"instock","10":"sale","11":"shipping-taxable","12":"purchasable","13":"product-type-simple"},"aioseo_notices":[],"jetpack_sharing_enabled":true,"_links":{"self":[{"href":"https:\/\/gadgetingcar.com\/de\/wp-json\/wp\/v2\/product\/1536","targetHints":{"allow":["GET"]}}],"collection":[{"href":"https:\/\/gadgetingcar.com\/de\/wp-json\/wp\/v2\/product"}],"about":[{"href":"https:\/\/gadgetingcar.com\/de\/wp-json\/wp\/v2\/types\/product"}],"replies":[{"embeddable":true,"href":"https:\/\/gadgetingcar.com\/de\/wp-json\/wp\/v2\/comments?post=1536"}],"wp:featuredmedia":[{"embeddable":true,"href":"https:\/\/gadgetingcar.com\/de\/wp-json\/wp\/v2\/media\/1537"}],"wp:attachment":[{"href":"https:\/\/gadgetingcar.com\/de\/wp-json\/wp\/v2\/media?parent=1536"}],"wp:term":[{"taxonomy":"product_brand","embeddable":true,"href":"https:\/\/gadgetingcar.com\/de\/wp-json\/wp\/v2\/product_brand?post=1536"},{"taxonomy":"product_cat","embeddable":true,"href":"https:\/\/gadgetingcar.com\/de\/wp-json\/wp\/v2\/product_cat?post=1536"},{"taxonomy":"product_tag","embeddable":true,"href":"https:\/\/gadgetingcar.com\/de\/wp-json\/wp\/v2\/product_tag?post=1536"}],"curies":[{"name":"wp","href":"https:\/\/api.w.org\/{rel}","templated":true}]}}