{"id":1872,"date":"2025-11-25T21:20:40","date_gmt":"2025-11-25T21:20:40","guid":{"rendered":"https:\/\/gadgetingcar.com\/?post_type=product&#038;p=1872"},"modified":"2025-12-03T11:55:58","modified_gmt":"2025-12-03T11:55:58","slug":"topk-autohandyhalterung-mit-360-drehbarem-luftungsschlitzclip-kompatibel-mit-dicken-hullen","status":"publish","type":"product","link":"https:\/\/gadgetingcar.com\/de\/produkt\/topk-autohandyhalterung-mit-360-drehbarem-luftungsschlitzclip-kompatibel-mit-dicken-hullen\/","title":{"rendered":"TOPK Auto-Handyhalterung mit L\u00fcftungsschlitzclip, 360\u00b0 drehbar, kompatibel mit dicken Schutzh\u00fcllen"},"content":{"rendered":"<p data-start=\"325\" data-end=\"779\"><strong data-start=\"325\" data-end=\"357\">Haupteigenschaften:<\/strong><br data-start=\"357\" data-end=\"360\" \/>Die TOPK-Autohalterung bietet festen und sicheren Halt, selbst f\u00fcr Smartphones mit dicken H\u00fcllen. Sie wird an den L\u00fcftungsschlitzen im Auto befestigt und verf\u00fcgt \u00fcber einen verbesserten Hakenclip f\u00fcr maximale Stabilit\u00e4t \u2013 ideal f\u00fcr lange Autofahrten, holprige Stra\u00dfen oder scharfe Kurven. Dank der 360\u00b0-Drehung l\u00e4sst sich der Betrachtungswinkel m\u00fchelos anpassen, egal ob im Hoch- oder Querformat.<\/p>\n<p data-start=\"781\" data-end=\"804\"><strong data-start=\"781\" data-end=\"802\">Spezifikationen:<\/strong><\/p>\n<ul data-start=\"805\" data-end=\"1288\">\n<li data-start=\"805\" data-end=\"820\">\n<p data-start=\"807\" data-end=\"820\">Marke: TOPK<\/p>\n<\/li>\n<li data-start=\"821\" data-end=\"932\">\n<p data-start=\"823\" data-end=\"932\">Kompatibilit\u00e4t: Smartphones von 4 bis 7 Zoll (einschlie\u00dflich iPhone 14, 13, 12, SE, XS, XR, Samsung Galaxy usw.)<\/p>\n<\/li>\n<li data-start=\"933\" data-end=\"972\">\n<p data-start=\"935\" data-end=\"972\">St\u00fctzbreite: 6,5 cm bis 10,7 cm<\/p>\n<\/li>\n<li data-start=\"973\" data-end=\"992\">\n<p data-start=\"975\" data-end=\"992\">H\u00f6he: 13,4 cm<\/p>\n<\/li>\n<li data-start=\"993\" data-end=\"1068\">\n<p data-start=\"995\" data-end=\"1068\">Material: Strapazierf\u00e4higer Kunststoff mit kratzfesten Silikonpads<\/p>\n<\/li>\n<li data-start=\"1069\" data-end=\"1134\">\n<p data-start=\"1071\" data-end=\"1134\">Montage: Bel\u00fcftungsklemme mit verst\u00e4rktem Klemmhaken<\/p>\n<\/li>\n<li data-start=\"1135\" data-end=\"1214\">\n<p data-start=\"1137\" data-end=\"1214\">Einstellm\u00f6glichkeiten: 360\u00b0-Drehung, verstellbare Seitenarme und Schnellverschlussknopf<\/p>\n<\/li>\n<li data-start=\"1215\" data-end=\"1288\">\n<p data-start=\"1217\" data-end=\"1288\">Verwendung: Kompatibel mit horizontalen und vertikalen L\u00fcftungsgittern<\/p>\n<\/li>\n<\/ul>\n<p data-start=\"1290\" data-end=\"1735\"><strong data-start=\"1290\" data-end=\"1317\">Warum dieses Produkt?<\/strong><br data-start=\"1317\" data-end=\"1320\" \/>Diese Halterung zeichnet sich durch ihre einfache Einhandbedienung, Kompatibilit\u00e4t mit dicken Schutzh\u00fcllen und einen sicheren Halt aus, der versehentliches Fallenlassen verhindert. Dank der Silikonpads sch\u00fctzt sie Ihr Smartphone zudem vor Kratzern und sorgt f\u00fcr ein sicheres und komfortables Fahrerlebnis. Sie ist die ideale Wahl f\u00fcr alle, die Wert auf Praktikabilit\u00e4t, Langlebigkeit und Stabilit\u00e4t legen.<\/p>","protected":false},"excerpt":{"rendered":"<p data-start=\"1742\" data-end=\"1901\">Handyhalterung mit sicherer Befestigung am L\u00fcftungsschlitz, 360\u00b0-Drehung, kompatibel mit dicken Schutzh\u00fcllen und einh\u00e4ndiger Bedienung.<\/p>","protected":false},"featured_media":1931,"comment_status":"open","ping_status":"closed","template":"","meta":[],"product_brand":[],"product_cat":[15],"product_tag":[],"class_list":{"0":"post-1872","1":"product","2":"type-product","3":"status-publish","4":"has-post-thumbnail","6":"product_cat-sin-categorizar","8":"first","9":"instock","10":"sale","11":"shipping-taxable","12":"purchasable","13":"product-type-simple"},"aioseo_notices":[],"jetpack_sharing_enabled":true,"_links":{"self":[{"href":"https:\/\/gadgetingcar.com\/de\/wp-json\/wp\/v2\/product\/1872","targetHints":{"allow":["GET"]}}],"collection":[{"href":"https:\/\/gadgetingcar.com\/de\/wp-json\/wp\/v2\/product"}],"about":[{"href":"https:\/\/gadgetingcar.com\/de\/wp-json\/wp\/v2\/types\/product"}],"replies":[{"embeddable":true,"href":"https:\/\/gadgetingcar.com\/de\/wp-json\/wp\/v2\/comments?post=1872"}],"wp:featuredmedia":[{"embeddable":true,"href":"https:\/\/gadgetingcar.com\/de\/wp-json\/wp\/v2\/media\/1931"}],"wp:attachment":[{"href":"https:\/\/gadgetingcar.com\/de\/wp-json\/wp\/v2\/media?parent=1872"}],"wp:term":[{"taxonomy":"product_brand","embeddable":true,"href":"https:\/\/gadgetingcar.com\/de\/wp-json\/wp\/v2\/product_brand?post=1872"},{"taxonomy":"product_cat","embeddable":true,"href":"https:\/\/gadgetingcar.com\/de\/wp-json\/wp\/v2\/product_cat?post=1872"},{"taxonomy":"product_tag","embeddable":true,"href":"https:\/\/gadgetingcar.com\/de\/wp-json\/wp\/v2\/product_tag?post=1872"}],"curies":[{"name":"wp","href":"https:\/\/api.w.org\/{rel}","templated":true}]}}