{"id":1933,"date":"2025-12-03T12:23:24","date_gmt":"2025-12-03T12:23:24","guid":{"rendered":"https:\/\/gadgetingcar.com\/?post_type=product&#038;p=1933"},"modified":"2026-03-29T01:04:38","modified_gmt":"2026-03-29T01:04:38","slug":"dgt-zugelassener-v16-verbundener-beacon-mit-geolokalisierung-und-esim-ab-2026-obligatorisch","status":"publish","type":"product","link":"https:\/\/gadgetingcar.com\/de\/produkt\/dgt-zugelassener-v16-verbundener-beacon-mit-geolokalisierung-und-esim-ab-2026-obligatorisch\/","title":{"rendered":"DGT-genehmigter vernetzter V16-Beacon mit Geolokalisierung und eSIM \u2013 verpflichtend ab 2026"},"content":{"rendered":"<p data-start=\"205\" data-end=\"646\"><strong data-start=\"205\" data-end=\"237\">Haupteigenschaften:<\/strong><br data-start=\"237\" data-end=\"240\" \/>Das V16-f\u00e4hige Warndreieck ist der offizielle Ersatz f\u00fcr Warndreiecke und wird in Spanien ab Januar 2026 Pflicht sein. Dieses Modell ist von der spanischen Verkehrsbeh\u00f6rde DGT nach dem Standard V16 3.0 zugelassen und verbindet sich per eSIM direkt mit dem Netzwerk, um im Notfall pr\u00e4zise Standortinformationen zu \u00fcbermitteln. Es ist aus robusten Materialien gefertigt und bietet maximale Sicherheit und Sichtbarkeit im Stra\u00dfenverkehr.<\/p>\n<p data-start=\"648\" data-end=\"671\"><strong data-start=\"648\" data-end=\"669\">Spezifikationen:<\/strong><\/p>\n<ul data-start=\"672\" data-end=\"1141\">\n<li data-start=\"672\" data-end=\"724\">\n<p data-start=\"674\" data-end=\"724\"><strong data-start=\"674\" data-end=\"691\">Homologation:<\/strong> V16 3.0 zertifiziert von der DGT<\/p>\n<\/li>\n<li data-start=\"725\" data-end=\"807\">\n<p data-start=\"727\" data-end=\"807\"><strong data-start=\"727\" data-end=\"744\">Konnektivit\u00e4t:<\/strong> Integrierte eSIM (Orange oder Telef\u00f3nica, je nach verf\u00fcgbarem Modell)<\/p>\n<\/li>\n<li data-start=\"808\" data-end=\"873\">\n<p data-start=\"810\" data-end=\"873\"><strong data-start=\"810\" data-end=\"830\">Geolokalisierung:<\/strong> Chip und GNSS-Antenne f\u00fcr pr\u00e4zise Ortung<\/p>\n<\/li>\n<li data-start=\"874\" data-end=\"946\">\n<p data-start=\"876\" data-end=\"946\"><strong data-start=\"876\" data-end=\"892\">Sichtweite:<\/strong> 9 Hochleistungs-LEDs, 360\u00b0-Beleuchtung, aus 1 km Entfernung sichtbar<\/p>\n<\/li>\n<li data-start=\"947\" data-end=\"1013\">\n<p data-start=\"949\" data-end=\"1013\"><strong data-start=\"949\" data-end=\"965\">Einrichtung:<\/strong> Magnetfu\u00df, zur Verwendung im Fahrzeuginneren<\/p>\n<\/li>\n<li data-start=\"1014\" data-end=\"1054\">\n<p data-start=\"1016\" data-end=\"1054\"><strong data-start=\"1016\" data-end=\"1032\">Ausdauer:<\/strong> IP54 (wasser- und staubdicht)<\/p>\n<\/li>\n<li data-start=\"1055\" data-end=\"1141\">\n<p data-start=\"1057\" data-end=\"1141\"><strong data-start=\"1057\" data-end=\"1079\">Datendienst:<\/strong> Beinhaltet 12 kostenlose Jahre ab 2026, automatische Aktivierung<\/p>\n<\/li>\n<\/ul>\n<p data-start=\"1143\" data-end=\"1533\"><strong data-start=\"1143\" data-end=\"1170\">Warum dieses Produkt?<\/strong><br data-start=\"1170\" data-end=\"1173\" \/>Diese V16-Warnleuchte repr\u00e4sentiert modernste Technologie f\u00fcr die Verkehrssicherheit. Ihre automatische Verbindung mit der DGT (Spanische Generaldirektion f\u00fcr Verkehr) und ihr Geolokalisierungssystem gew\u00e4hrleisten eine schnelle Reaktion im Falle eines Zwischenfalls. Dar\u00fcber hinaus minimiert die einfache Installation im Fahrzeuginneren die Risiken f\u00fcr den Fahrer. Eine unverzichtbare Investition, um die Vorschriften einzuhalten und Ihre Sicherheit zu gew\u00e4hrleisten.<\/p>","protected":false},"excerpt":{"rendered":"<p data-start=\"1540\" data-end=\"1697\">V16-Notleuchte, vernetzt und von der spanischen Verkehrsbeh\u00f6rde DGT zugelassen, mit eSIM und Geolokalisierung. Ab 2026 Pflicht. Maximale Sicherheit, ohne das Fahrzeug verlassen zu m\u00fcssen.<\/p>","protected":false},"featured_media":1934,"comment_status":"open","ping_status":"closed","template":"","meta":[],"product_brand":[],"product_cat":[15],"product_tag":[],"class_list":{"0":"post-1933","1":"product","2":"type-product","3":"status-publish","4":"has-post-thumbnail","6":"product_cat-sin-categorizar","8":"first","9":"instock","10":"shipping-taxable","11":"purchasable","12":"product-type-simple"},"aioseo_notices":[],"jetpack_sharing_enabled":true,"_links":{"self":[{"href":"https:\/\/gadgetingcar.com\/de\/wp-json\/wp\/v2\/product\/1933","targetHints":{"allow":["GET"]}}],"collection":[{"href":"https:\/\/gadgetingcar.com\/de\/wp-json\/wp\/v2\/product"}],"about":[{"href":"https:\/\/gadgetingcar.com\/de\/wp-json\/wp\/v2\/types\/product"}],"replies":[{"embeddable":true,"href":"https:\/\/gadgetingcar.com\/de\/wp-json\/wp\/v2\/comments?post=1933"}],"wp:featuredmedia":[{"embeddable":true,"href":"https:\/\/gadgetingcar.com\/de\/wp-json\/wp\/v2\/media\/1934"}],"wp:attachment":[{"href":"https:\/\/gadgetingcar.com\/de\/wp-json\/wp\/v2\/media?parent=1933"}],"wp:term":[{"taxonomy":"product_brand","embeddable":true,"href":"https:\/\/gadgetingcar.com\/de\/wp-json\/wp\/v2\/product_brand?post=1933"},{"taxonomy":"product_cat","embeddable":true,"href":"https:\/\/gadgetingcar.com\/de\/wp-json\/wp\/v2\/product_cat?post=1933"},{"taxonomy":"product_tag","embeddable":true,"href":"https:\/\/gadgetingcar.com\/de\/wp-json\/wp\/v2\/product_tag?post=1933"}],"curies":[{"name":"wp","href":"https:\/\/api.w.org\/{rel}","templated":true}]}}