{"id":201,"date":"2024-12-09T22:11:38","date_gmt":"2024-12-09T22:11:38","guid":{"rendered":"https:\/\/gadgetingcar.com\/?post_type=product&#038;p=201"},"modified":"2026-02-11T15:06:34","modified_gmt":"2026-02-11T15:06:34","slug":"dual-usb-ladegerat-fur-motorrad","status":"publish","type":"product","link":"https:\/\/gadgetingcar.com\/de\/produkt\/dual-usb-ladegerat-fur-motorrad\/","title":{"rendered":"Duales USB-Motorradladeger\u00e4t"},"content":{"rendered":"<p><strong>Haupteigenschaften:<\/strong><\/p>\n<ul>\n<li><strong>Schnelles und effizientes Laden:<\/strong> Dieses Dual-USB-Motorradladeger\u00e4t sorgt f\u00fcr schnelles und stabiles Laden und sorgt daf\u00fcr, dass Ihre Ger\u00e4te unterwegs stets voll geladen sind. Kompatibel mit Handys, GPS-Ger\u00e4ten und anderen elektronischen Ger\u00e4ten.<\/li>\n<li><strong>Wasserfest und langlebig:<\/strong> Dieses Ger\u00e4t besteht aus hochwertigen Materialien und ist wasserdicht. Es gew\u00e4hrleistet auch bei widrigen Wetterbedingungen zuverl\u00e4ssige Leistung. Perfekt f\u00fcr lange Reisen oder anspruchsvolle Umgebungen.<\/li>\n<li><strong>Ein-\/Ausschalter:<\/strong> Es verf\u00fcgt \u00fcber einen praktischen Schalter, mit dem Sie das Ger\u00e4t bei Nichtgebrauch ein- oder ausschalten k\u00f6nnen. So sparen Sie Energie und verl\u00e4ngern die Lebensdauer Ihrer Ger\u00e4te.<\/li>\n<li><strong>Einfache Montage am Lenker:<\/strong> Dieses Ladeger\u00e4t passt perfekt auf den Lenker Ihres Motorrads und l\u00e4sst sich einfach und sicher installieren. Es bietet Komfort und Zugriff w\u00e4hrend der Fahrt.<\/li>\n<li><strong>Praktisches Geschenk:<\/strong> Dieses Ladeger\u00e4t ist eine ausgezeichnete Wahl f\u00fcr Motorradfahrer und Reiseliebhaber und ein n\u00fctzliches und modernes Zubeh\u00f6r, das aufgrund seiner Funktionalit\u00e4t und seines Designs sicherlich gesch\u00e4tzt wird.<\/li>\n<\/ul>\n<hr \/>\n<p><strong>Produktspezifikationen:<\/strong><\/p>\n<ul>\n<li><strong>USB-Ausg\u00e4nge:<\/strong> 2 Schnellladeports.<\/li>\n<li><strong>Kompatibilit\u00e4t:<\/strong> Telefone, GPS, Kameras und andere USB-Ger\u00e4te.<\/li>\n<li><strong>Material:<\/strong> Wasser- und staubdichtes Geh\u00e4use.<\/li>\n<li><strong>Abmessungen:<\/strong> Kompakt und leicht, ideal f\u00fcr Motorr\u00e4der jeder Gr\u00f6\u00dfe.<\/li>\n<li><strong>Beinhaltet:<\/strong> 1 Dual-USB-Ladeger\u00e4t mit Schalter und Montagezubeh\u00f6r.<\/li>\n<\/ul>\n<hr \/>\n<p><strong>Wichtiger Hinweis:<\/strong><\/p>\n<p>Dieses Produkt ist f\u00fcr raue Wetterbedingungen ausgelegt. Es wird jedoch empfohlen, die Anschl\u00fcsse regelm\u00e4\u00dfig zu \u00fcberpr\u00fcfen, um eine optimale Leistung zu gew\u00e4hrleisten. Die Farben k\u00f6nnen je nach Monitoreinstellungen leicht abweichen.<\/p>","protected":false},"excerpt":{"rendered":"<div class=\"flex max-w-full flex-col flex-grow\">\n<div class=\"min-h-8 text-message flex w-full flex-col items-end gap-2 whitespace-normal break-words text-start [.text-message+&amp;]:mt-5\" dir=\"auto\" data-message-author-role=\"assistant\" data-message-id=\"c4359df1-a71e-45c2-bbfa-7700ae9f510c\" data-message-model-slug=\"gpt-4o\">\n<div class=\"flex w-full flex-col gap-1 empty:hidden first:pt-[3px]\">\n<div class=\"markdown prose w-full break-words dark:prose-invert light\">\n<p>Duales USB-Motorradladeger\u00e4t mit Schnellladefunktion, Wasserbest\u00e4ndigkeit, Ein-\/Ausschalter und einfacher Lenkermontage. Ideal, um Ihre Ger\u00e4te bei jeder Fahrt geladen zu halten.<\/p>\n<\/div>\n<\/div>\n<\/div>\n<\/div>","protected":false},"featured_media":240,"comment_status":"open","ping_status":"closed","template":"","meta":[],"product_brand":[],"product_cat":[23],"product_tag":[],"class_list":{"0":"post-201","1":"product","2":"type-product","3":"status-publish","4":"has-post-thumbnail","6":"product_cat-accesorios","8":"first","9":"instock","10":"sale","11":"shipping-taxable","12":"purchasable","13":"product-type-simple"},"aioseo_notices":[],"jetpack_sharing_enabled":true,"_links":{"self":[{"href":"https:\/\/gadgetingcar.com\/de\/wp-json\/wp\/v2\/product\/201","targetHints":{"allow":["GET"]}}],"collection":[{"href":"https:\/\/gadgetingcar.com\/de\/wp-json\/wp\/v2\/product"}],"about":[{"href":"https:\/\/gadgetingcar.com\/de\/wp-json\/wp\/v2\/types\/product"}],"replies":[{"embeddable":true,"href":"https:\/\/gadgetingcar.com\/de\/wp-json\/wp\/v2\/comments?post=201"}],"wp:featuredmedia":[{"embeddable":true,"href":"https:\/\/gadgetingcar.com\/de\/wp-json\/wp\/v2\/media\/240"}],"wp:attachment":[{"href":"https:\/\/gadgetingcar.com\/de\/wp-json\/wp\/v2\/media?parent=201"}],"wp:term":[{"taxonomy":"product_brand","embeddable":true,"href":"https:\/\/gadgetingcar.com\/de\/wp-json\/wp\/v2\/product_brand?post=201"},{"taxonomy":"product_cat","embeddable":true,"href":"https:\/\/gadgetingcar.com\/de\/wp-json\/wp\/v2\/product_cat?post=201"},{"taxonomy":"product_tag","embeddable":true,"href":"https:\/\/gadgetingcar.com\/de\/wp-json\/wp\/v2\/product_tag?post=201"}],"curies":[{"name":"wp","href":"https:\/\/api.w.org\/{rel}","templated":true}]}}