{"id":274,"date":"2024-12-10T14:41:58","date_gmt":"2024-12-10T14:41:58","guid":{"rendered":"https:\/\/gadgetingcar.com\/?post_type=product&#038;p=274"},"modified":"2026-03-29T01:27:50","modified_gmt":"2026-03-29T01:27:50","slug":"schalthebelgriff","status":"publish","type":"product","link":"https:\/\/gadgetingcar.com\/de\/produkt\/schalthebelgriff\/","title":{"rendered":"Schalthebelabdeckung"},"content":{"rendered":"<p><strong>Mini-Schaltknauf: Verleihen Sie Ihrem Auto einen lustigen und modernen Touch<\/strong><\/p>\n<p><strong>Haupteigenschaften:<\/strong><\/p>\n<ul>\n<li><strong>Einzigartiges und kreatives Design:<\/strong> Dieser Mini Gear Shift Hoodie ist nicht nur ein Accessoire \u2013 er ist ein Style-Statement! Verwandeln Sie ein gew\u00f6hnliches Teil Ihres Autos mit diesem originellen und einzigartigen Design in einen Blickfang. Perfekt f\u00fcr alle, die dem Innenraum ihres Fahrzeugs eine einzigartige und witzige Note verleihen m\u00f6chten.<\/li>\n<li><strong>Funktionsschutz:<\/strong> Diese Abdeckung sieht nicht nur gut aus, sondern sch\u00fctzt Ihren Schalthebel auch vor allt\u00e4glicher Abnutzung, Staub und Kratzern. Sie h\u00e4lt Ihr Auto sauber und ordentlich und verleiht dem Innenraumdesign eine innovative Note.<\/li>\n<li><strong>Farbvielfalt:<\/strong> Erh\u00e4ltlich in vielen leuchtenden Farben, darunter Rot, Schwarz, Wei\u00df, Grau, Blau und Gr\u00fcn, passt dieser Mini-Hoodie perfekt zu jedem Stil und Geschmack. W\u00e4hlen Sie Ihre Lieblingsfarbe oder kombinieren Sie mehrere, um Ihrem Fahrzeug einen dynamischen Look zu verleihen.<\/li>\n<li><strong>Hochwertiges Material:<\/strong> Dieser Bezug aus weichem, strapazierf\u00e4higem Stoff ist langlebig und leicht zu reinigen. Sein Design sorgt f\u00fcr einen bequemen Sitz und l\u00e4sst sich f\u00fcr zus\u00e4tzlichen Komfort einfach anbringen und abnehmen.<\/li>\n<\/ul>\n<p>&nbsp;<\/p>\n<hr \/>\n<p><strong>Produktspezifikationen:<\/strong><\/p>\n<ul>\n<li><strong>Material:<\/strong> Weicher und strapazierf\u00e4higer Stoff f\u00fcr ein komfortables und lang anhaltendes Erlebnis.<\/li>\n<li><strong>Verf\u00fcgbare Farben:<\/strong> Rot, Schwarz, Wei\u00df, Grau, Blau und Gr\u00fcn.<\/li>\n<li><strong>Kompatibilit\u00e4t:<\/strong> Passt auf die meisten Standard-Schalthebel.<\/li>\n<\/ul>\n<p>&nbsp;<\/p>\n<hr \/>\n<p><strong>Warum sollten Sie sich f\u00fcr den Mini Shifter Hoody entscheiden?<\/strong> Dieses Accessoire wertet Ihr Auto nicht nur optisch auf, sondern verleiht ihm auch eine individuelle Note auf kreative und spielerische Weise. Es ist ideal f\u00fcr alle, die sich von der Masse abheben und ihr Auto in ein Spiegelbild ihres individuellen Stils verwandeln m\u00f6chten. Es ist auch ein perfektes Geschenk f\u00fcr Autoliebhaber und Liebhaber innovativer Details.<\/p>\n<p><strong>Mach jeden Gangwechsel mit diesem Mini-Sweatshirt noch spannender! Personalisiere dein Fahrzeug und verleihe ihm noch heute eine besondere Note. Jetzt kaufen und alle mit diesem einzigartigen Auto-Accessoire \u00fcberraschen!<\/strong><\/p>","protected":false},"excerpt":{"rendered":"<div class=\"flex max-w-full flex-col flex-grow\">\n<div class=\"min-h-8 text-message flex w-full flex-col items-end gap-2 whitespace-normal break-words text-start [.text-message+&amp;]:mt-5\" dir=\"auto\" data-message-author-role=\"assistant\" data-message-id=\"6a7a0627-521d-4290-b31f-5f57f69ab514\" data-message-model-slug=\"gpt-4o\">\n<div class=\"flex w-full flex-col gap-1 empty:hidden first:pt-[3px]\">\n<div class=\"markdown prose w-full break-words dark:prose-invert light\">\n<p>Verleihen Sie Ihrem Auto mit dieser lustigen Mini-Schalthebelabdeckung eine einzigartige Note! Sch\u00fctzen und personalisieren Sie es mit Stil. W\u00e4hlen Sie Ihre Lieblingsfarbe und kaufen Sie jetzt!<\/p>\n<\/div>\n<\/div>\n<\/div>\n<\/div>","protected":false},"featured_media":275,"comment_status":"open","ping_status":"closed","template":"","meta":[],"product_brand":[],"product_cat":[24],"product_tag":[],"class_list":{"0":"post-274","1":"product","2":"type-product","3":"status-publish","4":"has-post-thumbnail","6":"product_cat-decoracion","8":"first","9":"instock","10":"shipping-taxable","11":"purchasable","12":"product-type-variable"},"aioseo_notices":[],"jetpack_sharing_enabled":true,"_links":{"self":[{"href":"https:\/\/gadgetingcar.com\/de\/wp-json\/wp\/v2\/product\/274","targetHints":{"allow":["GET"]}}],"collection":[{"href":"https:\/\/gadgetingcar.com\/de\/wp-json\/wp\/v2\/product"}],"about":[{"href":"https:\/\/gadgetingcar.com\/de\/wp-json\/wp\/v2\/types\/product"}],"replies":[{"embeddable":true,"href":"https:\/\/gadgetingcar.com\/de\/wp-json\/wp\/v2\/comments?post=274"}],"wp:featuredmedia":[{"embeddable":true,"href":"https:\/\/gadgetingcar.com\/de\/wp-json\/wp\/v2\/media\/275"}],"wp:attachment":[{"href":"https:\/\/gadgetingcar.com\/de\/wp-json\/wp\/v2\/media?parent=274"}],"wp:term":[{"taxonomy":"product_brand","embeddable":true,"href":"https:\/\/gadgetingcar.com\/de\/wp-json\/wp\/v2\/product_brand?post=274"},{"taxonomy":"product_cat","embeddable":true,"href":"https:\/\/gadgetingcar.com\/de\/wp-json\/wp\/v2\/product_cat?post=274"},{"taxonomy":"product_tag","embeddable":true,"href":"https:\/\/gadgetingcar.com\/de\/wp-json\/wp\/v2\/product_tag?post=274"}],"curies":[{"name":"wp","href":"https:\/\/api.w.org\/{rel}","templated":true}]}}