{"id":343,"date":"2024-12-14T16:23:25","date_gmt":"2024-12-14T16:23:25","guid":{"rendered":"https:\/\/gadgetingcar.com\/?post_type=product&#038;p=343"},"modified":"2025-10-31T20:04:44","modified_gmt":"2025-10-31T20:04:44","slug":"auto-reinigungsburste","status":"publish","type":"product","link":"https:\/\/gadgetingcar.com\/de\/produkt\/auto-reinigungsburste\/","title":{"rendered":"Auto-Reinigungsb\u00fcrste"},"content":{"rendered":"<p><strong>Mini Shifter Hoodie: Personalisieren und sch\u00fctzen Sie Ihr Fahrzeug mit Stil<\/strong><\/p>\n<p><strong>Hervorgehobene Funktionen:<\/strong><\/p>\n<ul>\n<li><strong>Einzigartiges und lustiges Design:<\/strong> Diese kapuzenpulloverf\u00f6rmige Schalthebelabdeckung verleiht dem Innenraum Ihres Autos einen Hauch von Originalit\u00e4t und Pers\u00f6nlichkeit und macht ihn einladender und stilvoller.<\/li>\n<li><strong>Wirksamer Schutz:<\/strong> Es besteht aus hochwertigen Materialien und sch\u00fctzt Ihren Schalthebel vor t\u00e4glicher Abnutzung, Staub und Kratzern, verl\u00e4ngert seine Lebensdauer und h\u00e4lt ihn in optimalem Zustand.<\/li>\n<li><strong>Vielfalt an Farben und Stilen:<\/strong> Es ist in mehreren Farben und Designs erh\u00e4ltlich und erm\u00f6glicht Ihnen, den Innenraum Ihres Fahrzeugs nach Ihren W\u00fcnschen anzupassen, sodass er zum Rest Ihrer Einrichtung passt.<\/li>\n<li><strong>Einfache Installation und Reinigung:<\/strong> Sein flexibles und verstellbares Design erleichtert das An- und Ausziehen und ist au\u00dferdem waschbar, was f\u00fcr ein frisches, sauberes Aussehen sorgt.<\/li>\n<\/ul>\n<p><strong>Produktspezifikationen:<\/strong><\/p>\n<ul>\n<li><strong>Material:<\/strong> Hochwertiger Stoff, weich und strapazierf\u00e4hig.<\/li>\n<li><strong>Abmessungen:<\/strong> Kompatibel mit den meisten Standardschalthebeln.<\/li>\n<li><strong>Verf\u00fcgbare Farben:<\/strong> Schwarz, Grau, Rot, Blau und andere.<\/li>\n<\/ul>\n<p><strong>Warum Sie sich f\u00fcr den Mini Shifter Hoodie entscheiden sollten:<\/strong> Dieses Accessoire wertet nicht nur den Innenraum Ihres Fahrzeugs auf, sondern spiegelt auch Ihren pers\u00f6nlichen Stil und Ihre Liebe zum Detail wider. Es ist ein perfektes Geschenk f\u00fcr Autoliebhaber und eine gro\u00dfartige M\u00f6glichkeit, den Look Ihres Fahrzeugs einfach und kosteng\u00fcnstig aufzufrischen.<\/p>\n<p><strong>Verleihen Sie Ihrem Auto mit dieser innovativen Schalthebel-Abdeckung einen Hauch von Spa\u00df und Schutz!<\/strong><\/p>","protected":false},"excerpt":{"rendered":"<div class=\"flex max-w-full flex-col flex-grow\">\n<div class=\"min-h-8 text-message flex w-full flex-col items-end gap-2 whitespace-normal break-words text-start [.text-message+&amp;]:mt-5\" dir=\"auto\" data-message-author-role=\"assistant\" data-message-id=\"181cadea-9fbc-4155-959b-be28021d3ef6\" data-message-model-slug=\"gpt-4o\">\n<div class=\"flex w-full flex-col gap-1 empty:hidden first:pt-[3px]\">\n<div class=\"markdown prose w-full break-words dark:prose-invert light\">\n<p>Verwandeln Sie Ihr Auto mit dieser lustigen Schalthebelabdeckung in Sweatshirt-Form! Sie sch\u00fctzt stilvoll und verleiht dem Innenraum eine einzigartige Note. Jetzt kaufen und alle \u00fcberraschen!<\/p>\n<\/div>\n<\/div>\n<\/div>\n<\/div>","protected":false},"featured_media":347,"comment_status":"open","ping_status":"closed","template":"","meta":[],"product_brand":[],"product_cat":[23],"product_tag":[],"class_list":{"0":"post-343","1":"product","2":"type-product","3":"status-publish","4":"has-post-thumbnail","6":"product_cat-accesorios","8":"first","9":"instock","10":"shipping-taxable","11":"purchasable","12":"product-type-simple"},"aioseo_notices":[],"jetpack_sharing_enabled":true,"_links":{"self":[{"href":"https:\/\/gadgetingcar.com\/de\/wp-json\/wp\/v2\/product\/343","targetHints":{"allow":["GET"]}}],"collection":[{"href":"https:\/\/gadgetingcar.com\/de\/wp-json\/wp\/v2\/product"}],"about":[{"href":"https:\/\/gadgetingcar.com\/de\/wp-json\/wp\/v2\/types\/product"}],"replies":[{"embeddable":true,"href":"https:\/\/gadgetingcar.com\/de\/wp-json\/wp\/v2\/comments?post=343"}],"wp:featuredmedia":[{"embeddable":true,"href":"https:\/\/gadgetingcar.com\/de\/wp-json\/wp\/v2\/media\/347"}],"wp:attachment":[{"href":"https:\/\/gadgetingcar.com\/de\/wp-json\/wp\/v2\/media?parent=343"}],"wp:term":[{"taxonomy":"product_brand","embeddable":true,"href":"https:\/\/gadgetingcar.com\/de\/wp-json\/wp\/v2\/product_brand?post=343"},{"taxonomy":"product_cat","embeddable":true,"href":"https:\/\/gadgetingcar.com\/de\/wp-json\/wp\/v2\/product_cat?post=343"},{"taxonomy":"product_tag","embeddable":true,"href":"https:\/\/gadgetingcar.com\/de\/wp-json\/wp\/v2\/product_tag?post=343"}],"curies":[{"name":"wp","href":"https:\/\/api.w.org\/{rel}","templated":true}]}}