{"id":350,"date":"2024-12-14T16:51:33","date_gmt":"2024-12-14T16:51:33","guid":{"rendered":"https:\/\/gadgetingcar.com\/?post_type=product&#038;p=350"},"modified":"2025-10-31T20:06:53","modified_gmt":"2025-10-31T20:06:53","slug":"wasserabweisendes-spray","status":"publish","type":"product","link":"https:\/\/gadgetingcar.com\/de\/produkt\/wasserabweisendes-spray\/","title":{"rendered":"Wasserabweisendes Spray"},"content":{"rendered":"<div class=\"flex max-w-full flex-col flex-grow\">\n<div class=\"min-h-8 text-message flex w-full flex-col items-end gap-2 whitespace-normal break-words text-start [.text-message+&amp;]:mt-5\" dir=\"auto\" data-message-author-role=\"assistant\" data-message-id=\"9d958649-3360-4793-99e5-3b21de853461\" data-message-model-slug=\"gpt-4o\">\n<div class=\"flex w-full flex-col gap-1 empty:hidden first:pt-[3px]\">\n<div class=\"markdown prose w-full break-words dark:prose-invert light\">\n<p><strong>Impr\u00e4gnierspray: Wirksamer und langanhaltender Schutz f\u00fcr Ihre Oberfl\u00e4chen<\/strong><\/p>\n<p><strong>Haupteigenschaften:<\/strong><\/p>\n<ul>\n<li><strong>Erweiterte Wasserabweisung:<\/strong> Dieses Spray erzeugt eine Schutzschicht, die verhindert, dass Wasser an Oberfl\u00e4chen haften bleibt, und bietet so lang anhaltenden Schutz vor Feuchtigkeit und Fl\u00fcssigkeiten.<\/li>\n<li><strong>Vielseitig einsetzbar:<\/strong> Ideal f\u00fcr eine Vielzahl von Oberfl\u00e4chen, einschlie\u00dflich Glas, Spiegel, Windschutzscheiben, Kleidung, Schuhen und mehr. Halten Sie Ihre Sachen bei jedem Wetter trocken und gesch\u00fctzt.<\/li>\n<li><strong>Einfache Anwendung:<\/strong> Einfach auf eine saubere, trockene Oberfl\u00e4che spr\u00fchen und einwirken lassen. Die schnelltrocknende Formel garantiert sofortige und langanhaltende Ergebnisse.<\/li>\n<li><strong>Transparenter Schutz:<\/strong> Es ver\u00e4ndert weder das Aussehen noch die Textur der behandelten Oberfl\u00e4chen und hinterl\u00e4sst ein sauberes und unsichtbares Finish.<\/li>\n<li><strong>Extreme Haltbarkeit:<\/strong> Es widersteht der t\u00e4glichen Beanspruchung und beh\u00e4lt seine wasserabweisende Wirkung auch nach kontinuierlichem Gebrauch.<\/li>\n<\/ul>\n<p>&nbsp;<\/p>\n<hr \/>\n<p><strong>Produktspezifikationen:<\/strong><\/p>\n<ul>\n<li><strong>Inhalt:<\/strong> Wasserabweisendes Spray.<\/li>\n<li><strong>Anwendung:<\/strong> Kompatibel mit Glas, Kunststoff, Metall, Stoff, Leder und weiteren Oberfl\u00e4chen.<\/li>\n<li><strong>Formel:<\/strong> Ungiftig und umweltfreundlich, sicher f\u00fcr den Innen- und Au\u00dfenbereich.<\/li>\n<\/ul>\n<p>&nbsp;<\/p>\n<hr \/>\n<p><strong>Warum sollten Sie sich f\u00fcr dieses wasserabweisende Spray entscheiden?<\/strong><\/p>\n<p>Sch\u00fctzen Sie Ihre Wertgegenst\u00e4nde vor Feuchtigkeit und verl\u00e4ngern Sie deren Lebensdauer mit diesem innovativen Abwehrspray. Es ist ideal f\u00fcr Fahrer, die an regnerischen Tagen bessere Sicht w\u00fcnschen oder Kleidung und Accessoires vor Regen und Flecken sch\u00fctzen m\u00f6chten.<\/p>\n<p><strong>Lassen Sie Wasser kein Problem sein! Kaufen Sie jetzt und genie\u00dfen Sie einwandfreien Schutz vor Feuchtigkeit.<\/strong><\/p>\n<\/div>\n<\/div>\n<\/div>\n<\/div>\n<div class=\"mb-2 flex gap-3 empty:hidden -ml-2\">\n<div class=\"items-center justify-start rounded-xl p-1 flex\">\n<div class=\"flex items-center\">\n<p>&nbsp;<\/p>\n<div class=\"flex\"><\/div>\n<div class=\"flex items-center pb-0\"><\/div>\n<\/div>\n<\/div>\n<\/div>","protected":false},"excerpt":{"rendered":"<p>Wasserabweisendes Spray: Effektiver und dauerhafter Schutz f\u00fcr Ihre Oberfl\u00e4chen Hauptmerkmale: Hochentwickelte wasserabweisende Wirkung: Dieses Spray erzeugt eine Schutzschicht, die verhindert, dass Wasser an jeder Oberfl\u00e4che haftet, und bietet lang anhaltenden Schutz vor Feuchtigkeit und Fl\u00fcssigkeiten. Vielseitige Verwendung: Ideal f\u00fcr eine Vielzahl von Oberfl\u00e4chen, wie Glas, Spiegel, Windschutzscheiben, [...]<\/p>","protected":false},"featured_media":352,"comment_status":"open","ping_status":"closed","template":"","meta":[],"product_brand":[],"product_cat":[23],"product_tag":[],"class_list":{"0":"post-350","1":"product","2":"type-product","3":"status-publish","4":"has-post-thumbnail","6":"product_cat-accesorios","8":"first","9":"instock","10":"shipping-taxable","11":"purchasable","12":"product-type-variable"},"aioseo_notices":[],"jetpack_sharing_enabled":true,"_links":{"self":[{"href":"https:\/\/gadgetingcar.com\/de\/wp-json\/wp\/v2\/product\/350","targetHints":{"allow":["GET"]}}],"collection":[{"href":"https:\/\/gadgetingcar.com\/de\/wp-json\/wp\/v2\/product"}],"about":[{"href":"https:\/\/gadgetingcar.com\/de\/wp-json\/wp\/v2\/types\/product"}],"replies":[{"embeddable":true,"href":"https:\/\/gadgetingcar.com\/de\/wp-json\/wp\/v2\/comments?post=350"}],"wp:featuredmedia":[{"embeddable":true,"href":"https:\/\/gadgetingcar.com\/de\/wp-json\/wp\/v2\/media\/352"}],"wp:attachment":[{"href":"https:\/\/gadgetingcar.com\/de\/wp-json\/wp\/v2\/media?parent=350"}],"wp:term":[{"taxonomy":"product_brand","embeddable":true,"href":"https:\/\/gadgetingcar.com\/de\/wp-json\/wp\/v2\/product_brand?post=350"},{"taxonomy":"product_cat","embeddable":true,"href":"https:\/\/gadgetingcar.com\/de\/wp-json\/wp\/v2\/product_cat?post=350"},{"taxonomy":"product_tag","embeddable":true,"href":"https:\/\/gadgetingcar.com\/de\/wp-json\/wp\/v2\/product_tag?post=350"}],"curies":[{"name":"wp","href":"https:\/\/api.w.org\/{rel}","templated":true}]}}