{"id":364,"date":"2024-12-14T18:33:24","date_gmt":"2024-12-14T18:33:24","guid":{"rendered":"https:\/\/gadgetingcar.com\/?post_type=product&#038;p=364"},"modified":"2025-10-31T20:05:30","modified_gmt":"2025-10-31T20:05:30","slug":"silikontrichter-fur-auto","status":"publish","type":"product","link":"https:\/\/gadgetingcar.com\/de\/produkt\/silikontrichter-fur-auto\/","title":{"rendered":"Silikontrichter f\u00fcrs Auto"},"content":{"rendered":"<p><strong>Haupteigenschaften:<\/strong><\/p>\n<ul>\n<li><strong>Hochwertiges Material:<\/strong> Hergestellt aus flexiblem, langlebigem, hitzebest\u00e4ndigem Silikon mit einem Bereich von -20 \u00b0C bis 220 \u00b0C.<\/li>\n<li><strong>Faltbares und kompaktes Design:<\/strong> Spart Lagerplatz und ist leicht zu transportieren.<\/li>\n<li><strong>Einfach zu verwenden und zu reinigen:<\/strong> Glatte Oberfl\u00e4che f\u00fcr schnelle Reinigung, ideal f\u00fcr Fl\u00fcssigkeiten wie Motor\u00f6l, Benzin oder Reinigungsmittel.<\/li>\n<li><strong>Universelle Kompatibilit\u00e4t:<\/strong> Passend f\u00fcr jedes Automodell.<\/li>\n<li><strong>Praktisch und vielseitig:<\/strong> Inklusive Aufh\u00e4ngeloch, wodurch die Aufbewahrung in Garagen oder Werkst\u00e4tten erleichtert wird.<\/li>\n<\/ul>\n<p><strong>Spezifikationen:<\/strong><\/p>\n<ul>\n<li><strong>Produktname:<\/strong> Faltbarer Silikontrichter f\u00fcrs Auto<\/li>\n<li><strong>Material:<\/strong> Hochwertiges Silikon<\/li>\n<li><strong>Abmessungen:<\/strong> Zusammenklappbar und kompakt f\u00fcr einfache Lagerung<\/li>\n<li><strong>Hitzebest\u00e4ndigkeit:<\/strong> -20 \u00b0C bis 220 \u00b0C<\/li>\n<li><strong>Verwenden:<\/strong> \u00d6lwechsel, Motorfl\u00fcssigkeiten, Benzin und mehr<\/li>\n<\/ul>\n<p><strong>Warum dieses Produkt?<\/strong><br \/>\nDer faltbare Silikontrichter ist ein unverzichtbares Werkzeug f\u00fcr jeden Autobesitzer. Sein praktisches Design und die hochwertigen Materialien machen ihn ideal f\u00fcr einen kleckerfreien und problemlosen Fl\u00fcssigkeitswechsel. Seine Hitzebest\u00e4ndigkeit und Tragbarkeit machen ihn zudem zu einer effektiven und langlebigen L\u00f6sung f\u00fcr Werkst\u00e4tten und Heimanwender.<\/p>","protected":false},"excerpt":{"rendered":"<p>Universeller, zusammenklappbarer Autotrichter aus Silikon, hitzebest\u00e4ndig, leicht zu reinigen und aufzubewahren. Ideal f\u00fcr \u00d6l- und Fl\u00fcssigkeitswechsel.<\/p>","protected":false},"featured_media":365,"comment_status":"open","ping_status":"closed","template":"","meta":[],"product_brand":[],"product_cat":[23],"product_tag":[],"class_list":{"0":"post-364","1":"product","2":"type-product","3":"status-publish","4":"has-post-thumbnail","6":"product_cat-accesorios","8":"first","9":"instock","10":"shipping-taxable","11":"purchasable","12":"product-type-simple"},"aioseo_notices":[],"jetpack_sharing_enabled":true,"_links":{"self":[{"href":"https:\/\/gadgetingcar.com\/de\/wp-json\/wp\/v2\/product\/364","targetHints":{"allow":["GET"]}}],"collection":[{"href":"https:\/\/gadgetingcar.com\/de\/wp-json\/wp\/v2\/product"}],"about":[{"href":"https:\/\/gadgetingcar.com\/de\/wp-json\/wp\/v2\/types\/product"}],"replies":[{"embeddable":true,"href":"https:\/\/gadgetingcar.com\/de\/wp-json\/wp\/v2\/comments?post=364"}],"wp:featuredmedia":[{"embeddable":true,"href":"https:\/\/gadgetingcar.com\/de\/wp-json\/wp\/v2\/media\/365"}],"wp:attachment":[{"href":"https:\/\/gadgetingcar.com\/de\/wp-json\/wp\/v2\/media?parent=364"}],"wp:term":[{"taxonomy":"product_brand","embeddable":true,"href":"https:\/\/gadgetingcar.com\/de\/wp-json\/wp\/v2\/product_brand?post=364"},{"taxonomy":"product_cat","embeddable":true,"href":"https:\/\/gadgetingcar.com\/de\/wp-json\/wp\/v2\/product_cat?post=364"},{"taxonomy":"product_tag","embeddable":true,"href":"https:\/\/gadgetingcar.com\/de\/wp-json\/wp\/v2\/product_tag?post=364"}],"curies":[{"name":"wp","href":"https:\/\/api.w.org\/{rel}","templated":true}]}}