{"id":59,"date":"2024-12-09T15:55:59","date_gmt":"2024-12-09T15:55:59","guid":{"rendered":"https:\/\/gadgetingcar.com\/?post_type=product&#038;p=59"},"modified":"2024-12-15T11:01:40","modified_gmt":"2024-12-15T11:01:40","slug":"rotierendes-veranda-driftauto","status":"publish","type":"product","link":"https:\/\/gadgetingcar.com\/de\/produkt\/rotierendes-veranda-driftauto\/","title":{"rendered":"Rotierendes Driftauto, Porsche"},"content":{"rendered":"<p><strong>Haupteigenschaften:<\/strong><\/p>\n<ul>\n<li><strong>Realistisches Design und sorgf\u00e4ltige Details:<\/strong> Dieses rotierende Driftauto besticht durch sein ultrarealistisches Aussehen und bewegliche Teile wie R\u00e4der und T\u00fcren, die ihm ein authentisches und faszinierendes Fahrgef\u00fchl verleihen. Der detaillierte Innenraum wird Autoliebhaber begeistern und daf\u00fcr sorgen, dass jedes Element pr\u00e4zise gestaltet ist.<\/li>\n<li><strong>Ideal f\u00fcr Fans und Enthusiasten:<\/strong> Perfekt f\u00fcr alle, die hochwertige Autos und Kultmodelle lieben. Egal, ob Sie Sammler oder Autoliebhaber sind oder Ihrem Auto oder Raum einfach eine einzigartige Note verleihen m\u00f6chten, dieses Ornament ist perfekt f\u00fcr Sie.<\/li>\n<li><strong>Neues Fahrerlebnis:<\/strong> Verleihen Sie Ihrem Fahrerlebnis eine frische und dynamische Note. Dieses Accessoire schm\u00fcckt nicht nur, sondern weckt mit seinem lebendigen und modernen Design auch Emotionen.<\/li>\n<li><strong>Perfektes Geschenk:<\/strong> \u00dcberraschen Sie Ihre autobegeisterten Freunde oder Liebsten. Dieses Driftauto ist ein einzigartiges und unvergessliches Geschenk, das alle Fans von Automodellen sicherlich zu sch\u00e4tzen wissen.<\/li>\n<\/ul>\n<p>&nbsp;<\/p>\n<hr \/>\n<p><strong>Produktspezifikationen:<\/strong><\/p>\n<ul>\n<li><strong>Verf\u00fcgbare Stile:<\/strong> Porsche 911<\/li>\n<li><strong>Verf\u00fcgbare Farben: <\/strong>Blau, Rot, Gr\u00fcn und Wei\u00df.<\/li>\n<li><strong>Beinhaltet:<\/strong> 1 Auto, 1 faltbares Drift-Display, 2 zus\u00e4tzliche Kleber.<\/li>\n<li><strong>Material:<\/strong> Metallausrichtung.<\/li>\n<\/ul>\n<p>&nbsp;<\/p>\n<hr \/>\n<p><strong>Wichtiger Hinweis:<\/strong><br \/>\nDieses Produkt wurde mit viel Liebe zum Detail gefertigt. Aufgrund manueller Messung kann es jedoch zu leichten Gr\u00f6\u00dfenabweichungen (1-2 cm) kommen. Auch die Farben k\u00f6nnen je nach Monitoreinstellungen leicht abweichen.<\/p>","protected":false},"excerpt":{"rendered":"<div class=\"flex max-w-full flex-col flex-grow\">\n<div class=\"min-h-8 text-message flex w-full flex-col items-end gap-2 whitespace-normal break-words text-start [.text-message+&amp;]:mt-5\" dir=\"auto\" data-message-author-role=\"assistant\" data-message-id=\"c4359df1-a71e-45c2-bbfa-7700ae9f510c\" data-message-model-slug=\"gpt-4o\">\n<div class=\"flex w-full flex-col gap-1 empty:hidden first:pt-[3px]\">\n<div class=\"markdown prose w-full break-words dark:prose-invert light\">\n<p>Verwandeln Sie Ihr Auto oder Ihren Raum mit diesem exklusiven Drift Spinning Car! Mit seinem realistischen Design, den leuchtenden Farben und den beweglichen Teilen ist es das perfekte Geschenk f\u00fcr Autoliebhaber. Verleihen Sie Ihrem Leben eine einzigartige und moderne Note.<\/p>\n<\/div>\n<\/div>\n<\/div>\n<\/div>","protected":false},"featured_media":71,"comment_status":"open","ping_status":"closed","template":"","meta":[],"product_brand":[],"product_cat":[18],"product_tag":[],"class_list":{"0":"post-59","1":"product","2":"type-product","3":"status-publish","4":"has-post-thumbnail","6":"product_cat-juguetes","8":"first","9":"instock","10":"shipping-taxable","11":"purchasable","12":"product-type-variable"},"aioseo_notices":[],"jetpack_sharing_enabled":true,"_links":{"self":[{"href":"https:\/\/gadgetingcar.com\/de\/wp-json\/wp\/v2\/product\/59","targetHints":{"allow":["GET"]}}],"collection":[{"href":"https:\/\/gadgetingcar.com\/de\/wp-json\/wp\/v2\/product"}],"about":[{"href":"https:\/\/gadgetingcar.com\/de\/wp-json\/wp\/v2\/types\/product"}],"replies":[{"embeddable":true,"href":"https:\/\/gadgetingcar.com\/de\/wp-json\/wp\/v2\/comments?post=59"}],"wp:featuredmedia":[{"embeddable":true,"href":"https:\/\/gadgetingcar.com\/de\/wp-json\/wp\/v2\/media\/71"}],"wp:attachment":[{"href":"https:\/\/gadgetingcar.com\/de\/wp-json\/wp\/v2\/media?parent=59"}],"wp:term":[{"taxonomy":"product_brand","embeddable":true,"href":"https:\/\/gadgetingcar.com\/de\/wp-json\/wp\/v2\/product_brand?post=59"},{"taxonomy":"product_cat","embeddable":true,"href":"https:\/\/gadgetingcar.com\/de\/wp-json\/wp\/v2\/product_cat?post=59"},{"taxonomy":"product_tag","embeddable":true,"href":"https:\/\/gadgetingcar.com\/de\/wp-json\/wp\/v2\/product_tag?post=59"}],"curies":[{"name":"wp","href":"https:\/\/api.w.org\/{rel}","templated":true}]}}