{"id":707,"date":"2025-01-27T22:36:58","date_gmt":"2025-01-27T22:36:58","guid":{"rendered":"https:\/\/gadgetingcar.com\/?post_type=product&#038;p=707"},"modified":"2025-10-15T20:35:05","modified_gmt":"2025-10-15T20:35:05","slug":"du-hast-karten-wie-scheise-geparkt","status":"publish","type":"product","link":"https:\/\/gadgetingcar.com\/de\/produkt\/du-hast-karten-wie-scheise-geparkt\/","title":{"rendered":"\u201eDu hast wie ein Idiot geparkt\u201c-Karten"},"content":{"rendered":"<div dir=\"auto\"><strong>Haben Sie genug von schlechten Parkw\u00e4chtern? Erteilen Sie ihnen eine Lektion mit Stil!\u00a0<\/strong><\/div>\n<div dir=\"auto\"><\/div>\n<div dir=\"auto\">Wir alle haben diese schlecht geparkten Autos gesehen:<\/div>\n<div dir=\"auto\">\u2013 An zwei Orten gleichzeitig.<\/div>\n<div dir=\"auto\">\u2013 Einen Fu\u00df von der Linie entfernt, als ob Sie Tetris spielen w\u00fcrden.<\/div>\n<div dir=\"auto\">\u2013 Oder sie blockieren direkt die Fahrspur, sodass Sie nicht einmal \u00fcberholen k\u00f6nnen.<\/div>\n<div dir=\"auto\"><\/div>\n<div dir=\"auto\">Wenn Sie schon einmal das Bed\u00fcrfnis hatten, etwas zu erziehen (oder einfach nur Dampf abzulassen), sind diese Karten Ihre neue Geheimwaffe. Schluss mit stillen Beleidigungen oder b\u00f6sen Blicken: Hinterlassen Sie eine Karte, lachen Sie und machen Sie weiter mit Ihrem Tag.<\/div>\n<div dir=\"auto\"><\/div>\n<div dir=\"auto\">\u25ca 100% Sarkasmus garantiert.<\/div>\n<div dir=\"auto\">\u25ca Garantierter Spa\u00df (f\u00fcr Sie, nicht f\u00fcr den Empf\u00e4nger).<\/div>\n<div dir=\"auto\">\u25ca Das perfekte Geschenk f\u00fcr Freunde mit schlechtem Temperament und guten Stra\u00dfenwerten.<\/div>\n<div dir=\"auto\"><\/div>\n<div dir=\"auto\"><strong>Bestellen Sie jetzt Ihr Paket und werden Sie zum Helden, den der Verkehr braucht!<\/strong><\/div>\n<div dir=\"auto\"><\/div>\n<p>&nbsp;<\/p>","protected":false},"excerpt":{"rendered":"<p>Perfekte Karten zum Verschenken an Leute, die nicht parken k\u00f6nnen.<\/p>","protected":false},"featured_media":708,"comment_status":"open","ping_status":"closed","template":"","meta":[],"product_brand":[],"product_cat":[28],"product_tag":[],"class_list":{"0":"post-707","1":"product","2":"type-product","3":"status-publish","4":"has-post-thumbnail","6":"product_cat-tarjetas","8":"first","9":"instock","10":"sale","11":"shipping-taxable","12":"purchasable","13":"product-type-variable"},"aioseo_notices":[],"jetpack_sharing_enabled":true,"_links":{"self":[{"href":"https:\/\/gadgetingcar.com\/de\/wp-json\/wp\/v2\/product\/707","targetHints":{"allow":["GET"]}}],"collection":[{"href":"https:\/\/gadgetingcar.com\/de\/wp-json\/wp\/v2\/product"}],"about":[{"href":"https:\/\/gadgetingcar.com\/de\/wp-json\/wp\/v2\/types\/product"}],"replies":[{"embeddable":true,"href":"https:\/\/gadgetingcar.com\/de\/wp-json\/wp\/v2\/comments?post=707"}],"wp:featuredmedia":[{"embeddable":true,"href":"https:\/\/gadgetingcar.com\/de\/wp-json\/wp\/v2\/media\/708"}],"wp:attachment":[{"href":"https:\/\/gadgetingcar.com\/de\/wp-json\/wp\/v2\/media?parent=707"}],"wp:term":[{"taxonomy":"product_brand","embeddable":true,"href":"https:\/\/gadgetingcar.com\/de\/wp-json\/wp\/v2\/product_brand?post=707"},{"taxonomy":"product_cat","embeddable":true,"href":"https:\/\/gadgetingcar.com\/de\/wp-json\/wp\/v2\/product_cat?post=707"},{"taxonomy":"product_tag","embeddable":true,"href":"https:\/\/gadgetingcar.com\/de\/wp-json\/wp\/v2\/product_tag?post=707"}],"curies":[{"name":"wp","href":"https:\/\/api.w.org\/{rel}","templated":true}]}}