{"id":15,"date":"2024-12-09T22:54:16","date_gmt":"2024-12-09T22:54:16","guid":{"rendered":"https:\/\/gadgetingcar.com\/?page_id=15"},"modified":"2024-12-09T22:56:50","modified_gmt":"2024-12-09T22:56:50","slug":"refund_returns","status":"publish","type":"page","link":"https:\/\/gadgetingcar.com\/el\/refund_returns\/","title":{"rendered":"\u03a0\u03bf\u03bb\u03b9\u03c4\u03b9\u03ba\u03ae \u03b5\u03c0\u03b9\u03c3\u03c4\u03c1\u03bf\u03c6\u03ae\u03c2 \u03ba\u03b1\u03b9 \u03b5\u03c0\u03b9\u03c3\u03c4\u03c1\u03bf\u03c6\u03ae\u03c2 \u03c7\u03c1\u03b7\u03bc\u03ac\u03c4\u03c9\u03bd"},"content":{"rendered":"<div data-elementor-type=\"wp-page\" data-elementor-id=\"15\" class=\"elementor elementor-15\" data-elementor-post-type=\"page\">\n\t\t\t\t<div class=\"elementor-element elementor-element-575ff0b9 e-flex e-con-boxed e-con e-parent\" data-id=\"575ff0b9\" data-element_type=\"container\">\n\t\t\t\t\t<div class=\"e-con-inner\">\n\t\t\t\t<div class=\"elementor-element elementor-element-6f5aa490 elementor-widget elementor-widget-text-editor\" data-id=\"6f5aa490\" data-element_type=\"widget\" data-widget_type=\"text-editor.default\">\n\t\t\t\t<div class=\"elementor-widget-container\">\n\t\t\t\t\t\t\t\t\t<p>\u00a0<\/p>\n<p>\u00a0<\/p>\n<h1>\u038c\u03c1\u03bf\u03b9 \u03ba\u03b1\u03b9 \u03c0\u03c1\u03bf\u03cb\u03c0\u03bf\u03b8\u03ad\u03c3\u03b5\u03b9\u03c2 \u03c7\u03c1\u03ae\u03c3\u03b7\u03c2<\/h1>\n<h2>\u03a0\u03b5\u03b4\u03af\u03bf \u03b5\u03c6\u03b1\u03c1\u03bc\u03bf\u03b3\u03ae\u03c2<\/h2>\n<p>\u039f\u03b9 \u03c0\u03b1\u03c1\u03cc\u03bd\u03c4\u03b5\u03c2 \u03cc\u03c1\u03bf\u03b9 \u03c1\u03c5\u03b8\u03bc\u03af\u03b6\u03bf\u03c5\u03bd \u03c4\u03b7 \u03c7\u03c1\u03ae\u03c3\u03b7 \u03c4\u03b7\u03c2 \u03b9\u03c3\u03c4\u03bf\u03c3\u03b5\u03bb\u03af\u03b4\u03b1\u03c2 Gadgetingcar.com \u03ba\u03b1\u03b9 \u03c4\u03b9\u03c2 \u03c3\u03c5\u03bd\u03b1\u03bb\u03bb\u03b1\u03b3\u03ad\u03c2 \u03c0\u03bf\u03c5 \u03c0\u03c1\u03b1\u03b3\u03bc\u03b1\u03c4\u03bf\u03c0\u03bf\u03b9\u03bf\u03cd\u03bd\u03c4\u03b1\u03b9 \u03bc\u03ad\u03c3\u03c9 \u03b1\u03c5\u03c4\u03ae\u03c2.<\/p>\n<h2>\u0394\u03b9\u03b1\u03b4\u03b9\u03ba\u03b1\u03c3\u03af\u03b1 \u03b1\u03b3\u03bf\u03c1\u03ac\u03c2<\/h2>\n<ol>\n<li>\u0395\u03c0\u03b9\u03bb\u03ad\u03be\u03c4\u03b5 \u03c4\u03b1 \u03b5\u03c0\u03b9\u03b8\u03c5\u03bc\u03b7\u03c4\u03ac \u03c0\u03c1\u03bf\u03ca\u03cc\u03bd\u03c4\u03b1 \u03ba\u03b1\u03b9 \u03c0\u03c1\u03bf\u03c3\u03b8\u03ad\u03c3\u03c4\u03b5 \u03c4\u03b1 \u03c3\u03c4\u03bf \u03ba\u03b1\u03bb\u03ac\u03b8\u03b9 \u03b1\u03b3\u03bf\u03c1\u03ce\u03bd.<\/li>\n<li>\u03a3\u03c5\u03bc\u03c0\u03bb\u03b7\u03c1\u03ce\u03c3\u03c4\u03b5 \u03c4\u03b7 \u03c6\u03cc\u03c1\u03bc\u03b1 \u03bc\u03b5 \u03c4\u03b1 \u03c0\u03c1\u03bf\u03c3\u03c9\u03c0\u03b9\u03ba\u03ac \u03c3\u03b1\u03c2 \u03c3\u03c4\u03bf\u03b9\u03c7\u03b5\u03af\u03b1 \u03ba\u03b1\u03b9 \u03b5\u03c0\u03b9\u03bb\u03ad\u03be\u03c4\u03b5 \u03bc\u03b9\u03b1 \u03bc\u03ad\u03b8\u03bf\u03b4\u03bf \u03c0\u03bb\u03b7\u03c1\u03c9\u03bc\u03ae\u03c2.<\/li>\n<li>\u0395\u03c0\u03b9\u03b2\u03b5\u03b2\u03b1\u03b9\u03ce\u03c3\u03c4\u03b5 \u03c4\u03b7\u03bd \u03c0\u03b1\u03c1\u03b1\u03b3\u03b3\u03b5\u03bb\u03af\u03b1 \u03c3\u03b1\u03c2 \u03ba\u03b1\u03b9 \u03bb\u03ac\u03b2\u03b5\u03c4\u03b5 \u03ad\u03bd\u03b1 email \u03bc\u03b5 \u03c4\u03b9\u03c2 \u03bb\u03b5\u03c0\u03c4\u03bf\u03bc\u03ad\u03c1\u03b5\u03b9\u03b5\u03c2.<\/li>\n<\/ol>\n<h2>\u038c\u03c1\u03bf\u03b9 \u03ba\u03b1\u03b9 \u03c0\u03c1\u03bf\u03cb\u03c0\u03bf\u03b8\u03ad\u03c3\u03b5\u03b9\u03c2 \u03c0\u03b1\u03c1\u03ac\u03b4\u03bf\u03c3\u03b7\u03c2<\/h2>\n<ul>\n<li>\u03a4\u03b1 \u03c0\u03c1\u03bf\u03ca\u03cc\u03bd\u03c4\u03b1 \u03c0\u03b1\u03c1\u03b1\u03b4\u03af\u03b4\u03bf\u03bd\u03c4\u03b1\u03b9 \u03b5\u03bd\u03c4\u03cc\u03c2 15 \u03ad\u03c9\u03c2 45 \u03b5\u03c1\u03b3\u03ac\u03c3\u03b9\u03bc\u03c9\u03bd \u03b7\u03bc\u03b5\u03c1\u03ce\u03bd, \u03b1\u03bd\u03ac\u03bb\u03bf\u03b3\u03b1 \u03bc\u03b5 \u03c4\u03bf\u03bd \u03c0\u03c1\u03bf\u03bc\u03b7\u03b8\u03b5\u03c5\u03c4\u03ae.<\/li>\n<li>\u03a4\u03bf Gadgetingcar.com \u03b4\u03b5\u03bd \u03b5\u03c5\u03b8\u03cd\u03bd\u03b5\u03c4\u03b1\u03b9 \u03b3\u03b9\u03b1 \u03ba\u03b1\u03b8\u03c5\u03c3\u03c4\u03b5\u03c1\u03ae\u03c3\u03b5\u03b9\u03c2 \u03c0\u03bf\u03c5 \u03c0\u03c1\u03bf\u03ba\u03b1\u03bb\u03bf\u03cd\u03bd\u03c4\u03b1\u03b9 \u03b1\u03c0\u03cc \u03c4\u03bf\u03bd \u03c0\u03c1\u03bf\u03bc\u03b7\u03b8\u03b5\u03c5\u03c4\u03ae \u03ae \u03c4\u03bf \u03c4\u03b5\u03bb\u03c9\u03bd\u03b5\u03af\u03bf.<\/li>\n<\/ul>\n<h2>\u03a0\u03b5\u03c1\u03b9\u03bf\u03c1\u03b9\u03c3\u03bc\u03cc\u03c2 \u03c4\u03b7\u03c2 \u03b5\u03c5\u03b8\u03cd\u03bd\u03b7\u03c2<\/h2>\n<ul>\n<li>\u03a4\u03bf Gadgetingcar.com \u03b4\u03b5\u03bd \u03ba\u03b1\u03c4\u03b1\u03c3\u03ba\u03b5\u03c5\u03ac\u03b6\u03b5\u03b9 \u03bf\u03cd\u03c4\u03b5 \u03b1\u03c0\u03bf\u03b8\u03b7\u03ba\u03b5\u03cd\u03b5\u03b9 \u03c4\u03b1 \u03c0\u03c1\u03bf\u03c3\u03c6\u03b5\u03c1\u03cc\u03bc\u03b5\u03bd\u03b1 \u03c0\u03c1\u03bf\u03ca\u03cc\u03bd\u03c4\u03b1, \u03b5\u03bd\u03b5\u03c1\u03b3\u03ce\u03bd\u03c4\u03b1\u03c2 \u03bc\u03cc\u03bd\u03bf \u03c9\u03c2 \u03bc\u03b5\u03c3\u03ac\u03b6\u03c9\u03bd \u03bc\u03b5\u03c4\u03b1\u03be\u03cd \u03c4\u03bf\u03c5 \u03c0\u03b5\u03bb\u03ac\u03c4\u03b7 \u03ba\u03b1\u03b9 \u03c4\u03bf\u03c5 \u03c0\u03c1\u03bf\u03bc\u03b7\u03b8\u03b5\u03c5\u03c4\u03ae.<\/li>\n<li>\u0394\u03b5\u03bd \u03b1\u03bd\u03b1\u03bb\u03b1\u03bc\u03b2\u03ac\u03bd\u03bf\u03c5\u03bc\u03b5 \u03ba\u03b1\u03bc\u03af\u03b1 \u03b5\u03c5\u03b8\u03cd\u03bd\u03b7 \u03b3\u03b9\u03b1 \u03c0\u03c1\u03bf\u03b2\u03bb\u03ae\u03bc\u03b1\u03c4\u03b1 \u03c0\u03bf\u03b9\u03cc\u03c4\u03b7\u03c4\u03b1\u03c2 \u03c4\u03c9\u03bd \u03c0\u03c1\u03bf\u03ca\u03cc\u03bd\u03c4\u03c9\u03bd, \u03b5\u03c3\u03c6\u03b1\u03bb\u03bc\u03ad\u03bd\u03b5\u03c2 \u03c0\u03b1\u03c1\u03b1\u03b4\u03cc\u03c3\u03b5\u03b9\u03c2 \u03ae \u03ba\u03b1\u03b8\u03c5\u03c3\u03c4\u03b5\u03c1\u03ae\u03c3\u03b5\u03b9\u03c2 \u03c0\u03bf\u03c5 \u03bf\u03c6\u03b5\u03af\u03bb\u03bf\u03bd\u03c4\u03b1\u03b9 \u03c3\u03c4\u03bf\u03bd \u03c0\u03c1\u03bf\u03bc\u03b7\u03b8\u03b5\u03c5\u03c4\u03ae.<\/li>\n<\/ul>\n<h2>\u03a4\u03c1\u03bf\u03c0\u03bf\u03c0\u03bf\u03b9\u03ae\u03c3\u03b5\u03b9\u03c2<\/h2>\n<p>\u0394\u03b9\u03b1\u03c4\u03b7\u03c1\u03bf\u03cd\u03bc\u03b5 \u03c4\u03bf \u03b4\u03b9\u03ba\u03b1\u03af\u03c9\u03bc\u03b1 \u03bd\u03b1 \u03b1\u03bb\u03bb\u03ac\u03be\u03bf\u03c5\u03bc\u03b5 \u03c4\u03b9\u03c2 \u03c4\u03b9\u03bc\u03ad\u03c2, \u03c4\u03bf\u03c5\u03c2 \u03cc\u03c1\u03bf\u03c5\u03c2 \u03c7\u03c1\u03ae\u03c3\u03b7\u03c2 \u03ba\u03b1\u03b9 \u03c4\u03b7\u03bd \u03b5\u03bc\u03c0\u03bf\u03c1\u03b9\u03ba\u03ae \u03c0\u03bf\u03bb\u03b9\u03c4\u03b9\u03ba\u03ae \u03c7\u03c9\u03c1\u03af\u03c2 \u03c0\u03c1\u03bf\u03b7\u03b3\u03bf\u03cd\u03bc\u03b5\u03bd\u03b7 \u03b5\u03b9\u03b4\u03bf\u03c0\u03bf\u03af\u03b7\u03c3\u03b7.<\/p>\n<h1>\u03a0\u03bf\u03bb\u03b9\u03c4\u03b9\u03ba\u03ae \u03b5\u03c0\u03b9\u03c3\u03c4\u03c1\u03bf\u03c6\u03ae\u03c2 \u03ba\u03b1\u03b9 \u03b5\u03c0\u03b9\u03c3\u03c4\u03c1\u03bf\u03c6\u03ae\u03c2 \u03c7\u03c1\u03b7\u03bc\u03ac\u03c4\u03c9\u03bd<\/h1>\n<h2>\u0393\u03b5\u03bd\u03b9\u03ba\u03bf\u03af \u03cc\u03c1\u03bf\u03b9 \u03ba\u03b1\u03b9 \u03c0\u03c1\u03bf\u03cb\u03c0\u03bf\u03b8\u03ad\u03c3\u03b5\u03b9\u03c2<\/h2>\n<ul>\n<li>\u0388\u03c7\u03b5\u03c4\u03b5 14 \u03b7\u03bc\u03ad\u03c1\u03b5\u03c2 \u03b1\u03c0\u03cc \u03c4\u03b7\u03bd \u03c0\u03b1\u03c1\u03b1\u03bb\u03b1\u03b2\u03ae \u03c4\u03bf\u03c5 \u03c0\u03c1\u03bf\u03ca\u03cc\u03bd\u03c4\u03bf\u03c2 \u03b3\u03b9\u03b1 \u03bd\u03b1 \u03b6\u03b7\u03c4\u03ae\u03c3\u03b5\u03c4\u03b5 \u03c4\u03b7\u03bd \u03b5\u03c0\u03b9\u03c3\u03c4\u03c1\u03bf\u03c6\u03ae \u03c4\u03bf\u03c5.<\/li>\n<li>\u03a4\u03bf \u03c0\u03c1\u03bf\u03ca\u03cc\u03bd \u03c0\u03c1\u03ad\u03c0\u03b5\u03b9 \u03bd\u03b1 \u03b5\u03c0\u03b9\u03c3\u03c4\u03c1\u03b1\u03c6\u03b5\u03af \u03c3\u03b5 \u03ac\u03c1\u03b9\u03c3\u03c4\u03b7 \u03ba\u03b1\u03c4\u03ac\u03c3\u03c4\u03b1\u03c3\u03b7, \u03b1\u03c7\u03c1\u03b7\u03c3\u03b9\u03bc\u03bf\u03c0\u03bf\u03af\u03b7\u03c4\u03bf \u03ba\u03b1\u03b9 \u03c3\u03c4\u03b7\u03bd \u03b1\u03c1\u03c7\u03b9\u03ba\u03ae \u03c4\u03bf\u03c5 \u03c3\u03c5\u03c3\u03ba\u03b5\u03c5\u03b1\u03c3\u03af\u03b1.<\/li>\n<\/ul>\n<h2>\u0394\u03b9\u03b1\u03b4\u03b9\u03ba\u03b1\u03c3\u03af\u03b1 \u03b5\u03c0\u03b9\u03c3\u03c4\u03c1\u03bf\u03c6\u03ce\u03bd<\/h2>\n<ol>\n<li>\u0393\u03c1\u03ac\u03c8\u03c4\u03b5 \u03c3\u03c4\u03bf info@gadgetingcar.com \u03b5\u03be\u03b7\u03b3\u03ce\u03bd\u03c4\u03b1\u03c2 \u03c4\u03bf\u03bd \u03bb\u03cc\u03b3\u03bf \u03c4\u03b7\u03c2 \u03b5\u03c0\u03b9\u03c3\u03c4\u03c1\u03bf\u03c6\u03ae\u03c2.<\/li>\n<li>\u0397 \u03bf\u03bc\u03ac\u03b4\u03b1 \u03bc\u03b1\u03c2 \u03b8\u03b1 \u03b1\u03be\u03b9\u03bf\u03bb\u03bf\u03b3\u03ae\u03c3\u03b5\u03b9 \u03c4\u03b7\u03bd \u03b1\u03af\u03c4\u03b7\u03c3\u03ae \u03c3\u03b1\u03c2 \u03ba\u03b1\u03b9 \u03b8\u03b1 \u03c3\u03b1\u03c2 \u03b4\u03ce\u03c3\u03b5\u03b9 \u03bf\u03b4\u03b7\u03b3\u03af\u03b5\u03c2 \u03b1\u03c0\u03bf\u03c3\u03c4\u03bf\u03bb\u03ae\u03c2.<\/li>\n<li>\u039c\u03cc\u03bb\u03b9\u03c2 \u03bb\u03ac\u03b2\u03bf\u03c5\u03bc\u03b5 \u03c4\u03bf \u03c0\u03c1\u03bf\u03ca\u03cc\u03bd, \u03b8\u03b1 \u03b5\u03c0\u03b5\u03be\u03b5\u03c1\u03b3\u03b1\u03c3\u03c4\u03bf\u03cd\u03bc\u03b5 \u03c4\u03b7\u03bd \u03b5\u03c0\u03b9\u03c3\u03c4\u03c1\u03bf\u03c6\u03ae \u03c7\u03c1\u03b7\u03bc\u03ac\u03c4\u03c9\u03bd \u03b5\u03bd\u03c4\u03cc\u03c2 10 \u03b5\u03c1\u03b3\u03ac\u03c3\u03b9\u03bc\u03c9\u03bd \u03b7\u03bc\u03b5\u03c1\u03ce\u03bd.<\/li>\n<\/ol>\n<h2>\u0395\u03c0\u03b9\u03c3\u03c4\u03c1\u03bf\u03c6\u03ad\u03c2<\/h2>\n<ul>\n<li>\u039f\u03b9 \u03b5\u03c0\u03b9\u03c3\u03c4\u03c1\u03bf\u03c6\u03ad\u03c2 \u03c7\u03c1\u03b7\u03bc\u03ac\u03c4\u03c9\u03bd \u03c0\u03c1\u03b1\u03b3\u03bc\u03b1\u03c4\u03bf\u03c0\u03bf\u03b9\u03bf\u03cd\u03bd\u03c4\u03b1\u03b9 \u03bc\u03ad\u03c3\u03c9 \u03c4\u03b7\u03c2 \u03af\u03b4\u03b9\u03b1\u03c2 \u03bc\u03b5\u03b8\u03cc\u03b4\u03bf\u03c5 \u03c0\u03bb\u03b7\u03c1\u03c9\u03bc\u03ae\u03c2 \u03c0\u03bf\u03c5 \u03c7\u03c1\u03b7\u03c3\u03b9\u03bc\u03bf\u03c0\u03bf\u03b9\u03ae\u03b8\u03b7\u03ba\u03b5 \u03b3\u03b9\u03b1 \u03c4\u03b7\u03bd \u03b1\u03b3\u03bf\u03c1\u03ac.<\/li>\n<li>\u0397 Gadgetingcar.com \u03b4\u03b5\u03bd \u03ba\u03b1\u03bb\u03cd\u03c0\u03c4\u03b5\u03b9 \u03c4\u03b1 \u03ad\u03be\u03bf\u03b4\u03b1 \u03b1\u03c0\u03bf\u03c3\u03c4\u03bf\u03bb\u03ae\u03c2 \u03b3\u03b9\u03b1 \u03b5\u03c0\u03b9\u03c3\u03c4\u03c1\u03bf\u03c6\u03ad\u03c2, \u03b5\u03ba\u03c4\u03cc\u03c2 \u03b5\u03ac\u03bd \u03c4\u03bf \u03c0\u03c1\u03bf\u03ca\u03cc\u03bd \u03b5\u03af\u03bd\u03b1\u03b9 \u03b5\u03bb\u03b1\u03c4\u03c4\u03c9\u03bc\u03b1\u03c4\u03b9\u03ba\u03cc \u03ae \u03bb\u03b1\u03bd\u03b8\u03b1\u03c3\u03bc\u03ad\u03bd\u03bf.<\/li>\n<\/ul>\n<h2>\u0395\u03bb\u03b1\u03c4\u03c4\u03c9\u03bc\u03b1\u03c4\u03b9\u03ba\u03ac \u03ae \u03b5\u03c3\u03c6\u03b1\u03bb\u03bc\u03ad\u03bd\u03b1 \u03c0\u03c1\u03bf\u03ca\u03cc\u03bd\u03c4\u03b1<\/h2>\n<p>\u0395\u03ac\u03bd \u03c4\u03bf \u03c0\u03c1\u03bf\u03ca\u03cc\u03bd \u03c0\u03bf\u03c5 \u03c0\u03b1\u03c1\u03b1\u03bb\u03b1\u03bc\u03b2\u03ac\u03bd\u03b5\u03c4\u03b5 \u03b5\u03af\u03bd\u03b1\u03b9 \u03b5\u03bb\u03b1\u03c4\u03c4\u03c9\u03bc\u03b1\u03c4\u03b9\u03ba\u03cc \u03ae \u03b4\u03b5\u03bd \u03c4\u03b1\u03b9\u03c1\u03b9\u03ac\u03b6\u03b5\u03b9 \u03bc\u03b5 \u03c4\u03b7\u03bd \u03c0\u03b1\u03c1\u03b1\u03b3\u03b3\u03b5\u03bb\u03af\u03b1, \u03b7 Gadgetingcar.com \u03b1\u03bd\u03b1\u03bb\u03b1\u03bc\u03b2\u03ac\u03bd\u03b5\u03b9 \u03c4\u03b1 \u03ad\u03be\u03bf\u03b4\u03b1 \u03b5\u03c0\u03b9\u03c3\u03c4\u03c1\u03bf\u03c6\u03ae\u03c2 \u03ba\u03b1\u03b9 \u03b1\u03bd\u03c4\u03b9\u03ba\u03b1\u03c4\u03ac\u03c3\u03c4\u03b1\u03c3\u03b7\u03c2.<\/p>\n<h2>\u0395\u03be\u03b1\u03b9\u03c1\u03ad\u03c3\u03b5\u03b9\u03c2<\/h2>\n<p>\u039f\u03c1\u03b9\u03c3\u03bc\u03ad\u03bd\u03b1 \u03c0\u03c1\u03bf\u03ca\u03cc\u03bd\u03c4\u03b1 \u03b5\u03bd\u03b4\u03ad\u03c7\u03b5\u03c4\u03b1\u03b9 \u03bd\u03b1 \u03c5\u03c0\u03cc\u03ba\u03b5\u03b9\u03bd\u03c4\u03b1\u03b9 \u03c3\u03c4\u03b9\u03c2 \u03c0\u03bf\u03bb\u03b9\u03c4\u03b9\u03ba\u03ad\u03c2 \u03b5\u03c0\u03b9\u03c3\u03c4\u03c1\u03bf\u03c6\u03ae\u03c2 \u03c4\u03bf\u03c5 \u03b1\u03c1\u03c7\u03b9\u03ba\u03bf\u03cd \u03c0\u03c1\u03bf\u03bc\u03b7\u03b8\u03b5\u03c5\u03c4\u03ae (AliExpress).<\/p>\t\t\t\t\t\t\t\t<\/div>\n\t\t\t\t<\/div>\n\t\t\t\t\t<\/div>\n\t\t\t\t<\/div>\n\t\t\t\t<\/div>","protected":false},"excerpt":{"rendered":"<p>\u00a0 \u00a0 T\u00e9rminos y Condiciones de Uso \u00c1mbito de aplicaci\u00f3n Estas condiciones regulan el uso del sitio web Gadgetingcar.com y las transacciones realizadas a trav\u00e9s de \u00e9l. Proceso de compra Selecciona los productos deseados y a\u00f1\u00e1delos al carrito. Completa el formulario con tus datos personales y selecciona un m\u00e9todo de pago. Confirma tu pedido y [&hellip;]<\/p>","protected":false},"author":1,"featured_media":0,"parent":0,"menu_order":0,"comment_status":"closed","ping_status":"closed","template":"","meta":{"footnotes":""},"class_list":["post-15","page","type-page","status-publish","hentry"],"aioseo_notices":[],"jetpack_sharing_enabled":true,"_links":{"self":[{"href":"https:\/\/gadgetingcar.com\/el\/wp-json\/wp\/v2\/pages\/15","targetHints":{"allow":["GET"]}}],"collection":[{"href":"https:\/\/gadgetingcar.com\/el\/wp-json\/wp\/v2\/pages"}],"about":[{"href":"https:\/\/gadgetingcar.com\/el\/wp-json\/wp\/v2\/types\/page"}],"author":[{"embeddable":true,"href":"https:\/\/gadgetingcar.com\/el\/wp-json\/wp\/v2\/users\/1"}],"replies":[{"embeddable":true,"href":"https:\/\/gadgetingcar.com\/el\/wp-json\/wp\/v2\/comments?post=15"}],"version-history":[{"count":3,"href":"https:\/\/gadgetingcar.com\/el\/wp-json\/wp\/v2\/pages\/15\/revisions"}],"predecessor-version":[{"id":219,"href":"https:\/\/gadgetingcar.com\/el\/wp-json\/wp\/v2\/pages\/15\/revisions\/219"}],"wp:attachment":[{"href":"https:\/\/gadgetingcar.com\/el\/wp-json\/wp\/v2\/media?parent=15"}],"curies":[{"name":"wp","href":"https:\/\/api.w.org\/{rel}","templated":true}]}}