{"id":3,"date":"2024-12-09T10:52:23","date_gmt":"2024-12-09T10:52:23","guid":{"rendered":"https:\/\/gadgetingcar.com\/?page_id=3"},"modified":"2024-12-09T23:02:02","modified_gmt":"2024-12-09T23:02:02","slug":"%cf%80%ce%bf%ce%bb%ce%b9%cf%84%ce%b9%ce%ba%ce%ae-%ce%b1%cf%80%ce%bf%cf%81%cf%81%ce%ae%cf%84%ce%bf%cf%85","status":"publish","type":"page","link":"https:\/\/gadgetingcar.com\/el\/%cf%80%ce%bf%ce%bb%ce%b9%cf%84%ce%b9%ce%ba%ce%ae-%ce%b1%cf%80%ce%bf%cf%81%cf%81%ce%ae%cf%84%ce%bf%cf%85\/","title":{"rendered":"\u039d\u03bf\u03bc\u03b9\u03ba\u03ae \u03b5\u03b9\u03b4\u03bf\u03c0\u03bf\u03af\u03b7\u03c3\u03b7 \u03ba\u03b1\u03b9 \u03c0\u03bf\u03bb\u03b9\u03c4\u03b9\u03ba\u03ae \u03b1\u03c0\u03bf\u03c1\u03c1\u03ae\u03c4\u03bf\u03c5"},"content":{"rendered":"<div data-elementor-type=\"wp-page\" data-elementor-id=\"3\" class=\"elementor elementor-3\" data-elementor-post-type=\"page\">\n\t\t\t\t<div class=\"elementor-element elementor-element-2522cf49 e-flex e-con-boxed e-con e-parent\" data-id=\"2522cf49\" data-element_type=\"container\">\n\t\t\t\t\t<div class=\"e-con-inner\">\n\t\t\t\t<div class=\"elementor-element elementor-element-79be662c elementor-widget elementor-widget-text-editor\" data-id=\"79be662c\" data-element_type=\"widget\" data-widget_type=\"text-editor.default\">\n\t\t\t\t<div class=\"elementor-widget-container\">\n\t\t\t\t\t\t\t\t\t<!DOCTYPE html>\n<html lang=\"es\">\n<head>\n    <meta charset=\"UTF-8\">\n    <meta name=\"viewport\" content=\"width=device-width, initial-scale=1.0\">\n    <title>\u039d\u03bf\u03bc\u03b9\u03ba\u03ae \u03b5\u03b9\u03b4\u03bf\u03c0\u03bf\u03af\u03b7\u03c3\u03b7 \u03ba\u03b1\u03b9 \u03c0\u03bf\u03bb\u03b9\u03c4\u03b9\u03ba\u03ae \u03b1\u03c0\u03bf\u03c1\u03c1\u03ae\u03c4\u03bf\u03c5<\/title>\n<\/head>\n<body>\n    <h1>\u039d\u03bf\u03bc\u03b9\u03ba\u03ae \u03b5\u03b9\u03b4\u03bf\u03c0\u03bf\u03af\u03b7\u03c3\u03b7<\/h1>\n    <h2>\u03a4\u03b1\u03c5\u03c4\u03bf\u03c0\u03bf\u03af\u03b7\u03c3\u03b7 \u03c4\u03bf\u03c5 \u03b9\u03b4\u03b9\u03bf\u03ba\u03c4\u03ae\u03c4\u03b7 \u03c4\u03bf\u03c5 \u03b4\u03b9\u03ba\u03c4\u03c5\u03b1\u03ba\u03bf\u03cd \u03c4\u03cc\u03c0\u03bf\u03c5<\/h2>\n    <p>\u03a3\u03cd\u03bc\u03c6\u03c9\u03bd\u03b1 \u03bc\u03b5 \u03c4\u03bf \u03bd\u03cc\u03bc\u03bf \u03c0\u03b5\u03c1\u03af \u03c5\u03c0\u03b7\u03c1\u03b5\u03c3\u03b9\u03ce\u03bd \u03c4\u03b7\u03c2 \u03ba\u03bf\u03b9\u03bd\u03c9\u03bd\u03af\u03b1\u03c2 \u03c4\u03b7\u03c2 \u03c0\u03bb\u03b7\u03c1\u03bf\u03c6\u03bf\u03c1\u03af\u03b1\u03c2 \u03ba\u03b1\u03b9 \u03c4\u03bf\u03c5 \u03b7\u03bb\u03b5\u03ba\u03c4\u03c1\u03bf\u03bd\u03b9\u03ba\u03bf\u03cd \u03b5\u03bc\u03c0\u03bf\u03c1\u03af\u03bf\u03c5 (LSSICE), \u03c3\u03b1\u03c2 \u03b5\u03bd\u03b7\u03bc\u03b5\u03c1\u03ce\u03bd\u03bf\u03c5\u03bc\u03b5 \u03b3\u03b9\u03b1 \u03c4\u03b9\u03c2 \u03b1\u03ba\u03cc\u03bb\u03bf\u03c5\u03b8\u03b5\u03c2 \u03bb\u03b5\u03c0\u03c4\u03bf\u03bc\u03ad\u03c1\u03b5\u03b9\u03b5\u03c2:<\/p>\n    <ul>\n        \n        <li><strong>\u0394\u03b9\u03b5\u03cd\u03b8\u03c5\u03bd\u03c3\u03b7 \u03b7\u03bb\u03b5\u03ba\u03c4\u03c1\u03bf\u03bd\u03b9\u03ba\u03bf\u03cd \u03c4\u03b1\u03c7\u03c5\u03b4\u03c1\u03bf\u03bc\u03b5\u03af\u03bf\u03c5 \u03b5\u03c0\u03b9\u03ba\u03bf\u03b9\u03bd\u03c9\u03bd\u03af\u03b1\u03c2:<\/strong> info@gadgetingcar.com<\/li>\n        \n        <li><strong>\u0395\u03bc\u03c0\u03bf\u03c1\u03b9\u03ba\u03ae \u03bf\u03bd\u03bf\u03bc\u03b1\u03c3\u03af\u03b1:<\/strong> Gadgetingcar.com<\/li>\n    <\/ul>\n    <h2>\u03a3\u03ba\u03bf\u03c0\u03cc\u03c2 \u03c4\u03bf\u03c5 \u03b4\u03b9\u03ba\u03c4\u03c5\u03b1\u03ba\u03bf\u03cd \u03c4\u03cc\u03c0\u03bf\u03c5<\/h2>\n    <p>\u03a4\u03bf Gadgetingcar.com \u03b5\u03af\u03bd\u03b1\u03b9 \u03ad\u03bd\u03b1 \u03b7\u03bb\u03b5\u03ba\u03c4\u03c1\u03bf\u03bd\u03b9\u03ba\u03cc \u03ba\u03b1\u03c4\u03ac\u03c3\u03c4\u03b7\u03bc\u03b1 \u03c0\u03bf\u03c5 \u03c0\u03c1\u03bf\u03c3\u03c6\u03ad\u03c1\u03b5\u03b9 \u03c0\u03c1\u03bf\u03ca\u03cc\u03bd\u03c4\u03b1 \u03c0\u03bf\u03c5 \u03c3\u03c7\u03b5\u03c4\u03af\u03b6\u03bf\u03bd\u03c4\u03b1\u03b9 \u03bc\u03b5 gadgets \u03ba\u03b1\u03b9 \u03b1\u03be\u03b5\u03c3\u03bf\u03c5\u03ac\u03c1 \u03b3\u03b9\u03b1 \u03bf\u03c7\u03ae\u03bc\u03b1\u03c4\u03b1.<\/p>\n    <h2>\u03a0\u03bd\u03b5\u03c5\u03bc\u03b1\u03c4\u03b9\u03ba\u03ae \u03b9\u03b4\u03b9\u03bf\u03ba\u03c4\u03b7\u03c3\u03af\u03b1<\/h2>\n    <p>\u038c\u03bb\u03b1 \u03c4\u03b1 \u03c0\u03b5\u03c1\u03b9\u03b5\u03c7\u03cc\u03bc\u03b5\u03bd\u03b1 \u03c4\u03b7\u03c2 \u03b9\u03c3\u03c4\u03bf\u03c3\u03b5\u03bb\u03af\u03b4\u03b1\u03c2 (\u03ba\u03b5\u03af\u03bc\u03b5\u03bd\u03b1, \u03bb\u03bf\u03b3\u03cc\u03c4\u03c5\u03c0\u03b1, \u03b5\u03b9\u03ba\u03cc\u03bd\u03b5\u03c2, \u03b3\u03c1\u03b1\u03c6\u03b9\u03ba\u03ac, \u03c0\u03b7\u03b3\u03b1\u03af\u03bf\u03c2 \u03ba\u03ce\u03b4\u03b9\u03ba\u03b1\u03c2 \u03ba.\u03bb\u03c0.) \u03b1\u03c0\u03bf\u03c4\u03b5\u03bb\u03bf\u03cd\u03bd \u03b9\u03b4\u03b9\u03bf\u03ba\u03c4\u03b7\u03c3\u03af\u03b1 \u03c4\u03b7\u03c2 Gadgetingcar.com \u03ae \u03c4\u03c9\u03bd \u03b4\u03b9\u03ba\u03b1\u03b9\u03bf\u03c0\u03b1\u03c1\u03cc\u03c7\u03c9\u03bd \u03c4\u03b7\u03c2. \u0391\u03c0\u03b1\u03b3\u03bf\u03c1\u03b5\u03cd\u03b5\u03c4\u03b1\u03b9 \u03b7 \u03bc\u03b7 \u03b5\u03be\u03bf\u03c5\u03c3\u03b9\u03bf\u03b4\u03bf\u03c4\u03b7\u03bc\u03ad\u03bd\u03b7 \u03b1\u03bd\u03b1\u03c0\u03b1\u03c1\u03b1\u03b3\u03c9\u03b3\u03ae \u03ae \u03b4\u03b9\u03b1\u03bd\u03bf\u03bc\u03ae.<\/p>\n    <h2>\u0391\u03c0\u03b1\u03bb\u03bb\u03b1\u03b3\u03ae \u03b1\u03c0\u03cc \u03c4\u03b7\u03bd \u03b5\u03c5\u03b8\u03cd\u03bd\u03b7<\/h2>\n    <p>\u03a4\u03bf Gadgetingcar.com \u03b5\u03bd\u03b5\u03c1\u03b3\u03b5\u03af \u03c9\u03c2 \u03bc\u03b5\u03c3\u03ac\u03b6\u03c9\u03bd \u03c3\u03c4\u03b7\u03bd \u03b1\u03b3\u03bf\u03c1\u03ac \u03c0\u03c1\u03bf\u03ca\u03cc\u03bd\u03c4\u03c9\u03bd. \u0394\u03b5\u03bd \u03b5\u03af\u03bc\u03b1\u03c3\u03c4\u03b5 \u03c5\u03c0\u03b5\u03cd\u03b8\u03c5\u03bd\u03bf\u03b9 \u03b3\u03b9\u03b1:<\/p>\n    <ul>\n        <li>\u039a\u03b1\u03b8\u03c5\u03c3\u03c4\u03b5\u03c1\u03ae\u03c3\u03b5\u03b9\u03c2 \u03c3\u03c4\u03b9\u03c2 \u03b1\u03c0\u03bf\u03c3\u03c4\u03bf\u03bb\u03ad\u03c2 \u03ae \u03c3\u03c6\u03ac\u03bb\u03bc\u03b1\u03c4\u03b1 \u03c3\u03c4\u03b7\u03bd \u03b5\u03c0\u03b5\u03be\u03b5\u03c1\u03b3\u03b1\u03c3\u03af\u03b1 \u03c4\u03c9\u03bd \u03c0\u03b1\u03c1\u03b1\u03b3\u03b3\u03b5\u03bb\u03b9\u03ce\u03bd.<\/li>\n        <li>\u03a4\u03b1 \u03b5\u03bb\u03b1\u03c4\u03c4\u03c9\u03bc\u03b1\u03c4\u03b9\u03ba\u03ac \u03c0\u03c1\u03bf\u03ca\u03cc\u03bd\u03c4\u03b1 \u03b1\u03c0\u03bf\u03c4\u03b5\u03bb\u03bf\u03cd\u03bd \u03b5\u03c5\u03b8\u03cd\u03bd\u03b7 \u03c4\u03bf\u03c5 \u03b5\u03be\u03c9\u03c4\u03b5\u03c1\u03b9\u03ba\u03bf\u03cd \u03c0\u03c1\u03bf\u03bc\u03b7\u03b8\u03b5\u03c5\u03c4\u03ae.<\/li>\n    <\/ul>\n    <h2>\u0393\u03b5\u03bd\u03b9\u03ba\u03bf\u03af \u03cc\u03c1\u03bf\u03b9 \u03ba\u03b1\u03b9 \u03c0\u03c1\u03bf\u03cb\u03c0\u03bf\u03b8\u03ad\u03c3\u03b5\u03b9\u03c2 \u03c7\u03c1\u03ae\u03c3\u03b7\u03c2<\/h2>\n    <p>\u0391\u03c0\u03b1\u03b3\u03bf\u03c1\u03b5\u03cd\u03b5\u03c4\u03b1\u03b9 \u03b7 \u03c7\u03c1\u03ae\u03c3\u03b7 \u03c4\u03bf\u03c5 \u03b9\u03c3\u03c4\u03cc\u03c4\u03bf\u03c0\u03bf\u03c5 \u03b3\u03b9\u03b1 \u03c0\u03b1\u03c1\u03ac\u03bd\u03bf\u03bc\u03bf\u03c5\u03c2 \u03c3\u03ba\u03bf\u03c0\u03bf\u03cd\u03c2. \u0397 Gadgetingcar.com \u03bc\u03c0\u03bf\u03c1\u03b5\u03af \u03bd\u03b1 \u03c4\u03c1\u03bf\u03c0\u03bf\u03c0\u03bf\u03b9\u03ae\u03c3\u03b5\u03b9 \u03c4\u03b1 \u03c0\u03b5\u03c1\u03b9\u03b5\u03c7\u03cc\u03bc\u03b5\u03bd\u03b1 \u03ba\u03b1\u03b9 \u03c4\u03b9\u03c2 \u03c5\u03c0\u03b7\u03c1\u03b5\u03c3\u03af\u03b5\u03c2 \u03c7\u03c9\u03c1\u03af\u03c2 \u03c0\u03c1\u03bf\u03b7\u03b3\u03bf\u03cd\u03bc\u03b5\u03bd\u03b7 \u03b5\u03b9\u03b4\u03bf\u03c0\u03bf\u03af\u03b7\u03c3\u03b7.<\/p>\n\n    <h1>\u03a0\u03bf\u03bb\u03b9\u03c4\u03b9\u03ba\u03ae \u03b1\u03c0\u03bf\u03c1\u03c1\u03ae\u03c4\u03bf\u03c5<\/h1>\n    <h2>\u03a5\u03c0\u03b5\u03cd\u03b8\u03c5\u03bd\u03bf\u03c2 \u03b5\u03c0\u03b5\u03be\u03b5\u03c1\u03b3\u03b1\u03c3\u03af\u03b1\u03c2 \u03b4\u03b5\u03b4\u03bf\u03bc\u03ad\u03bd\u03c9\u03bd<\/h2>\n    <ul>\n        <li><strong>\u0395\u03c0\u03b9\u03ba\u03b5\u03c6\u03b1\u03bb\u03af\u03b4\u03b1:<\/strong> Gadgetingcar.com<\/li>\n        <li><strong>\u03a4\u03b1\u03c7\u03c5\u03b4\u03c1\u03bf\u03bc\u03b5\u03af\u03bf:<\/strong> info@gadgetingcar.com<\/li>\n    <\/ul>\n    <h2>\u0394\u03b5\u03b4\u03bf\u03bc\u03ad\u03bd\u03b1 \u03c0\u03bf\u03c5 \u03c3\u03c5\u03bb\u03bb\u03ad\u03b3\u03bf\u03c5\u03bc\u03b5<\/h2>\n    <ul>\n        <li>\u038c\u03bd\u03bf\u03bc\u03b1, \u03b4\u03b9\u03b5\u03cd\u03b8\u03c5\u03bd\u03c3\u03b7, \u03b4\u03b9\u03b5\u03cd\u03b8\u03c5\u03bd\u03c3\u03b7 \u03b7\u03bb\u03b5\u03ba\u03c4\u03c1\u03bf\u03bd\u03b9\u03ba\u03bf\u03cd \u03c4\u03b1\u03c7\u03c5\u03b4\u03c1\u03bf\u03bc\u03b5\u03af\u03bf\u03c5 \u03ba\u03b1\u03b9 \u03c3\u03c4\u03bf\u03b9\u03c7\u03b5\u03af\u03b1 \u03c0\u03bb\u03b7\u03c1\u03c9\u03bc\u03ae\u03c2, \u03c4\u03b1 \u03bf\u03c0\u03bf\u03af\u03b1 \u03b5\u03af\u03bd\u03b1\u03b9 \u03b1\u03c0\u03b1\u03c1\u03b1\u03af\u03c4\u03b7\u03c4\u03b1 \u03b3\u03b9\u03b1 \u03c4\u03b7 \u03b4\u03b9\u03b5\u03ba\u03c0\u03b5\u03c1\u03b1\u03af\u03c9\u03c3\u03b7 \u03c4\u03c9\u03bd \u03c0\u03b1\u03c1\u03b1\u03b3\u03b3\u03b5\u03bb\u03b9\u03ce\u03bd.<\/li>\n        <li>\u03a4\u03b5\u03c7\u03bd\u03b9\u03ba\u03ad\u03c2 \u03c0\u03bb\u03b7\u03c1\u03bf\u03c6\u03bf\u03c1\u03af\u03b5\u03c2: \u03b4\u03b9\u03b5\u03cd\u03b8\u03c5\u03bd\u03c3\u03b7 IP, \u03c4\u03cd\u03c0\u03bf\u03c2 \u03c0\u03c1\u03bf\u03b3\u03c1\u03ac\u03bc\u03bc\u03b1\u03c4\u03bf\u03c2 \u03c0\u03b5\u03c1\u03b9\u03ae\u03b3\u03b7\u03c3\u03b7\u03c2 \u03ba\u03b1\u03b9 \u03c3\u03c5\u03bd\u03ae\u03b8\u03b5\u03b9\u03b5\u03c2 \u03c0\u03b5\u03c1\u03b9\u03ae\u03b3\u03b7\u03c3\u03b7\u03c2.<\/li>\n    <\/ul>\n    <h2>\u03a3\u03ba\u03bf\u03c0\u03cc\u03c2 \u03c4\u03b7\u03c2 \u03b5\u03c0\u03b5\u03be\u03b5\u03c1\u03b3\u03b1\u03c3\u03af\u03b1\u03c2<\/h2>\n    <ul>\n        <li>\u0394\u03b9\u03b1\u03c7\u03b5\u03af\u03c1\u03b9\u03c3\u03b7 \u03b1\u03b3\u03bf\u03c1\u03ce\u03bd \u03ba\u03b1\u03b9 \u03b1\u03c0\u03bf\u03c3\u03c4\u03bf\u03bb\u03ce\u03bd.<\/li>\n        <li>\u0391\u03c0\u03bf\u03c3\u03c4\u03bf\u03bb\u03ae \u03b5\u03b9\u03b4\u03bf\u03c0\u03bf\u03b9\u03ae\u03c3\u03b5\u03c9\u03bd \u03c3\u03c7\u03b5\u03c4\u03b9\u03ba\u03ac \u03bc\u03b5 \u03c4\u03b9\u03c2 \u03c0\u03b1\u03c1\u03b1\u03b3\u03b3\u03b5\u03bb\u03af\u03b5\u03c2.<\/li>\n        <li>\u0392\u03b5\u03bb\u03c4\u03b9\u03c3\u03c4\u03bf\u03c0\u03bf\u03af\u03b7\u03c3\u03b7 \u03c4\u03bf\u03c5 \u03b4\u03b9\u03ba\u03c4\u03c5\u03b1\u03ba\u03bf\u03cd \u03c4\u03cc\u03c0\u03bf\u03c5 \u03bc\u03ad\u03c3\u03c9 \u03c4\u03b7\u03c2 \u03b1\u03bd\u03ac\u03bb\u03c5\u03c3\u03b7\u03c2 \u03c4\u03c9\u03bd \u03b4\u03b5\u03b4\u03bf\u03bc\u03ad\u03bd\u03c9\u03bd \u03c0\u03b5\u03c1\u03b9\u03ae\u03b3\u03b7\u03c3\u03b7\u03c2.<\/li>\n    <\/ul>\n    <h2>\u039d\u03bf\u03bc\u03b9\u03ba\u03ae \u03b2\u03ac\u03c3\u03b7 \u03b3\u03b9\u03b1 \u03c4\u03b7\u03bd \u03b5\u03c0\u03b5\u03be\u03b5\u03c1\u03b3\u03b1\u03c3\u03af\u03b1<\/h2>\n    <p>\u0397 \u03b5\u03c0\u03b5\u03be\u03b5\u03c1\u03b3\u03b1\u03c3\u03af\u03b1 \u03c4\u03c9\u03bd \u03b4\u03b5\u03b4\u03bf\u03bc\u03ad\u03bd\u03c9\u03bd \u03c0\u03c1\u03b1\u03b3\u03bc\u03b1\u03c4\u03bf\u03c0\u03bf\u03b9\u03b5\u03af\u03c4\u03b1\u03b9 \u03bc\u03b5 \u03c4\u03b7 \u03c3\u03c5\u03b3\u03ba\u03b1\u03c4\u03ac\u03b8\u03b5\u03c3\u03b7 \u03c4\u03bf\u03c5 \u03c7\u03c1\u03ae\u03c3\u03c4\u03b7 \u03ba\u03b1\u03b9 \u03bc\u03b5 \u03c3\u03ba\u03bf\u03c0\u03cc \u03c4\u03b7\u03bd \u03b5\u03ba\u03c0\u03bb\u03ae\u03c1\u03c9\u03c3\u03b7 \u03c4\u03b7\u03c2 \u03c3\u03c5\u03bc\u03b2\u03b1\u03c4\u03b9\u03ba\u03ae\u03c2 \u03c3\u03c7\u03ad\u03c3\u03b7\u03c2.<\/p>\n    <h2>\u0394\u03b9\u03b1\u03c4\u03ae\u03c1\u03b7\u03c3\u03b7 \u03b4\u03b5\u03b4\u03bf\u03bc\u03ad\u03bd\u03c9\u03bd<\/h2>\n    <p>\u03a4\u03b1 \u03b4\u03b5\u03b4\u03bf\u03bc\u03ad\u03bd\u03b1 \u03c0\u03c1\u03bf\u03c3\u03c9\u03c0\u03b9\u03ba\u03bf\u03cd \u03c7\u03b1\u03c1\u03b1\u03ba\u03c4\u03ae\u03c1\u03b1 \u03b1\u03c0\u03bf\u03b8\u03b7\u03ba\u03b5\u03cd\u03bf\u03bd\u03c4\u03b1\u03b9 \u03b3\u03b9\u03b1 \u03cc\u03c3\u03bf \u03c7\u03c1\u03bf\u03bd\u03b9\u03ba\u03cc \u03b4\u03b9\u03ac\u03c3\u03c4\u03b7\u03bc\u03b1 \u03b5\u03af\u03bd\u03b1\u03b9 \u03b1\u03c0\u03b1\u03c1\u03b1\u03af\u03c4\u03b7\u03c4\u03bf \u03b3\u03b9\u03b1 \u03c4\u03b7 \u03c3\u03c5\u03bc\u03bc\u03cc\u03c1\u03c6\u03c9\u03c3\u03b7 \u03bc\u03b5 \u03c4\u03b9\u03c2 \u03bd\u03bf\u03bc\u03b9\u03ba\u03ad\u03c2 \u03c5\u03c0\u03bf\u03c7\u03c1\u03b5\u03ce\u03c3\u03b5\u03b9\u03c2 \u03ae \u03b3\u03b9\u03b1 \u03c4\u03b7 \u03b4\u03b9\u03ac\u03c1\u03ba\u03b5\u03b9\u03b1 \u03bc\u03b9\u03b1\u03c2 \u03b5\u03c0\u03b9\u03c7\u03b5\u03b9\u03c1\u03b7\u03bc\u03b1\u03c4\u03b9\u03ba\u03ae\u03c2 \u03c3\u03c7\u03ad\u03c3\u03b7\u03c2.<\/p>\n    <h2>\u0394\u03b9\u03ba\u03b1\u03b9\u03ce\u03bc\u03b1\u03c4\u03b1 \u03c7\u03c1\u03b7\u03c3\u03c4\u03ce\u03bd<\/h2>\n    <ul>\n        <li><strong>\u03a0\u03c1\u03cc\u03c3\u03b2\u03b1\u03c3\u03b7:<\/strong> \u0394\u03b5\u03af\u03c4\u03b5 \u03c0\u03bf\u03b9\u03b1 \u03c0\u03c1\u03bf\u03c3\u03c9\u03c0\u03b9\u03ba\u03ac \u03b4\u03b5\u03b4\u03bf\u03bc\u03ad\u03bd\u03b1 \u03c7\u03b5\u03b9\u03c1\u03b9\u03b6\u03cc\u03bc\u03b1\u03c3\u03c4\u03b5.<\/li>\n        <li><strong>\u0394\u03b9\u03cc\u03c1\u03b8\u03c9\u03c3\u03b7:<\/strong> \u0394\u03b9\u03cc\u03c1\u03b8\u03c9\u03c3\u03b7 \u03b5\u03c3\u03c6\u03b1\u03bb\u03bc\u03ad\u03bd\u03c9\u03bd \u03b4\u03b5\u03b4\u03bf\u03bc\u03ad\u03bd\u03c9\u03bd.<\/li>\n        <li><strong>\u0394\u03b9\u03b1\u03b3\u03c1\u03b1\u03c6\u03ae:<\/strong> \u0391\u03af\u03c4\u03b7\u03c3\u03b7 \u03b4\u03b9\u03b1\u03b3\u03c1\u03b1\u03c6\u03ae\u03c2 \u03b4\u03b5\u03b4\u03bf\u03bc\u03ad\u03bd\u03c9\u03bd.<\/li>\n        <li><strong>\u03a6\u03bf\u03c1\u03b7\u03c4\u03cc\u03c4\u03b7\u03c4\u03b1:<\/strong> \u0391\u03c0\u03bf\u03ba\u03c4\u03ae\u03c3\u03c4\u03b5 \u03ad\u03bd\u03b1 \u03b4\u03bf\u03bc\u03b7\u03bc\u03ad\u03bd\u03bf \u03b1\u03bd\u03c4\u03af\u03b3\u03c1\u03b1\u03c6\u03bf \u03c4\u03c9\u03bd \u03c0\u03c1\u03bf\u03c3\u03c9\u03c0\u03b9\u03ba\u03ce\u03bd \u03b4\u03b5\u03b4\u03bf\u03bc\u03ad\u03bd\u03c9\u03bd.<\/li>\n    <\/ul>\n    <p>\u0393\u03b9\u03b1 \u03bd\u03b1 \u03b1\u03c3\u03ba\u03ae\u03c3\u03b5\u03c4\u03b5 \u03b1\u03c5\u03c4\u03ac \u03c4\u03b1 \u03b4\u03b9\u03ba\u03b1\u03b9\u03ce\u03bc\u03b1\u03c4\u03b1, \u03b5\u03c0\u03b9\u03ba\u03bf\u03b9\u03bd\u03c9\u03bd\u03ae\u03c3\u03c4\u03b5 \u03bc\u03b5 \u03c4\u03b7 \u03b4\u03b9\u03b5\u03cd\u03b8\u03c5\u03bd\u03c3\u03b7 info@gadgetingcar.com.<\/p>\n    <h2>\u0395\u03be\u03c9\u03c4\u03b5\u03c1\u03b9\u03ba\u03bf\u03af \u03c0\u03c1\u03bf\u03bc\u03b7\u03b8\u03b5\u03c5\u03c4\u03ad\u03c2<\/h2>\n    <p>\u03a4\u03bf Gadgetingcar.com \u03bc\u03bf\u03b9\u03c1\u03ac\u03b6\u03b5\u03c4\u03b1\u03b9 \u03b4\u03b5\u03b4\u03bf\u03bc\u03ad\u03bd\u03b1 \u03bc\u03b5 \u03c4\u03c1\u03af\u03c4\u03bf\u03c5\u03c2, \u03cc\u03c0\u03c9\u03c2 \u03b7 AliExpress \u03ba\u03b1\u03b9 \u03bf\u03b9 \u03c0\u03cd\u03bb\u03b5\u03c2 \u03c0\u03bb\u03b7\u03c1\u03c9\u03bc\u03ce\u03bd, \u03c3\u03cd\u03bc\u03c6\u03c9\u03bd\u03b1 \u03bc\u03b5 \u03c4\u03b9\u03c2 \u03b4\u03b9\u03ba\u03ad\u03c2 \u03c4\u03bf\u03c5\u03c2 \u03c0\u03bf\u03bb\u03b9\u03c4\u03b9\u03ba\u03ad\u03c2 \u03b1\u03c0\u03bf\u03c1\u03c1\u03ae\u03c4\u03bf\u03c5.<\/p>\n<\/body>\n<\/html>\n\t\t\t\t\t\t\t\t<\/div>\n\t\t\t\t<\/div>\n\t\t\t\t\t<\/div>\n\t\t\t\t<\/div>\n\t\t\t\t<\/div>","protected":false},"excerpt":{"rendered":"<p>Aviso Legal y Pol\u00edtica de Privacidad Aviso Legal Identificaci\u00f3n del titular del sitio web En cumplimiento de la Ley de Servicios de la Sociedad de la Informaci\u00f3n y Comercio Electr\u00f3nico (LSSICE), informamos de los siguientes datos: Correo de contacto: info@gadgetingcar.com Nombre comercial: Gadgetingcar.com Objeto del sitio web Gadgetingcar.com es una tienda en l\u00ednea que ofrece [&hellip;]<\/p>","protected":false},"author":1,"featured_media":0,"parent":0,"menu_order":0,"comment_status":"closed","ping_status":"closed","template":"","meta":{"footnotes":""},"class_list":["post-3","page","type-page","status-publish","hentry"],"aioseo_notices":[],"jetpack_sharing_enabled":true,"_links":{"self":[{"href":"https:\/\/gadgetingcar.com\/el\/wp-json\/wp\/v2\/pages\/3","targetHints":{"allow":["GET"]}}],"collection":[{"href":"https:\/\/gadgetingcar.com\/el\/wp-json\/wp\/v2\/pages"}],"about":[{"href":"https:\/\/gadgetingcar.com\/el\/wp-json\/wp\/v2\/types\/page"}],"author":[{"embeddable":true,"href":"https:\/\/gadgetingcar.com\/el\/wp-json\/wp\/v2\/users\/1"}],"replies":[{"embeddable":true,"href":"https:\/\/gadgetingcar.com\/el\/wp-json\/wp\/v2\/comments?post=3"}],"version-history":[{"count":4,"href":"https:\/\/gadgetingcar.com\/el\/wp-json\/wp\/v2\/pages\/3\/revisions"}],"predecessor-version":[{"id":223,"href":"https:\/\/gadgetingcar.com\/el\/wp-json\/wp\/v2\/pages\/3\/revisions\/223"}],"wp:attachment":[{"href":"https:\/\/gadgetingcar.com\/el\/wp-json\/wp\/v2\/media?parent=3"}],"curies":[{"name":"wp","href":"https:\/\/api.w.org\/{rel}","templated":true}]}}