{"id":560,"date":"2024-12-21T16:03:25","date_gmt":"2024-12-21T16:03:25","guid":{"rendered":"https:\/\/gadgetingcar.com\/producto\/coche-de-drift-toyota-ae-86\/"},"modified":"2025-09-15T05:49:27","modified_gmt":"2025-09-15T05:49:27","slug":"toyota-ae-86-%ce%b1%cf%85%cf%84%ce%bf%ce%ba%ce%af%ce%bd%ce%b7%cf%84%ce%bf-drift","status":"publish","type":"product","link":"https:\/\/gadgetingcar.com\/el\/product\/toyota-ae-86-%ce%b1%cf%85%cf%84%ce%bf%ce%ba%ce%af%ce%bd%ce%b7%cf%84%ce%bf-drift\/","title":{"rendered":"\u0391\u03c5\u03c4\u03bf\u03ba\u03af\u03bd\u03b7\u03c4\u03bf drift, Toyota AE 86"},"content":{"rendered":"<p>\u039a\u03cd\u03c1\u03b9\u03b1 \u03c7\u03b1\u03c1\u03b1\u03ba\u03c4\u03b7\u03c1\u03b9\u03c3\u03c4\u03b9\u03ba\u03ac:<br \/>\n\u03a1\u03b5\u03b1\u03bb\u03b9\u03c3\u03c4\u03b9\u03ba\u03cc\u03c2 \u03a3\u03c7\u03b5\u03b4\u03b9\u03b1\u03c3\u03bc\u03cc\u03c2 \u03ba\u03b1\u03b9 \u03a0\u03c1\u03bf\u03c3\u03b5\u03b3\u03bc\u03ad\u03bd\u03b5\u03c2 \u039b\u03b5\u03c0\u03c4\u03bf\u03bc\u03ad\u03c1\u03b5\u03b9\u03b5\u03c2: \u0391\u03c5\u03c4\u03cc \u03c4\u03bf \u03c0\u03b5\u03c1\u03b9\u03c3\u03c4\u03c1\u03b5\u03c6\u03cc\u03bc\u03b5\u03bd\u03bf \u03b1\u03c5\u03c4\u03bf\u03ba\u03af\u03bd\u03b7\u03c4\u03bf drift \u03b4\u03b9\u03b1\u03b8\u03ad\u03c4\u03b5\u03b9 \u03bc\u03b9\u03b1 \u03b5\u03be\u03b1\u03b9\u03c1\u03b5\u03c4\u03b9\u03ba\u03ac \u03c1\u03b5\u03b1\u03bb\u03b9\u03c3\u03c4\u03b9\u03ba\u03ae \u03b5\u03bc\u03c6\u03ac\u03bd\u03b9\u03c3\u03b7, \u03c3\u03c5\u03bc\u03c0\u03b5\u03c1\u03b9\u03bb\u03b1\u03bc\u03b2\u03b1\u03bd\u03bf\u03bc\u03ad\u03bd\u03c9\u03bd \u03ba\u03b9\u03bd\u03bf\u03cd\u03bc\u03b5\u03bd\u03c9\u03bd \u03bc\u03b5\u03c1\u03ce\u03bd \u03cc\u03c0\u03c9\u03c2 \u03c4\u03c1\u03bf\u03c7\u03bf\u03af \u03ba\u03b1\u03b9 \u03c0\u03cc\u03c1\u03c4\u03b5\u03c2, \u03c0\u03bf\u03c5 \u03c4\u03bf\u03c5 \u03b4\u03af\u03bd\u03bf\u03c5\u03bd \u03bc\u03b9\u03b1 \u03b1\u03c5\u03b8\u03b5\u03bd\u03c4\u03b9\u03ba\u03ae \u03ba\u03b1\u03b9 \u03c3\u03b1\u03b3\u03b7\u03bd\u03b5\u03c5\u03c4\u03b9\u03ba\u03ae \u03b1\u03af\u03c3\u03b8\u03b7\u03c3\u03b7. \u03a4\u03bf \u03bb\u03b5\u03c0\u03c4\u03bf\u03bc\u03b5\u03c1\u03ad\u03c2 \u03b5\u03c3\u03c9\u03c4\u03b5\u03c1\u03b9\u03ba\u03cc \u03b8\u03b1 \u03b5\u03bd\u03b8\u03bf\u03c5\u03c3\u03b9\u03ac\u03c3\u03b5\u03b9 \u03c4\u03bf\u03c5\u03c2 \u03bb\u03ac\u03c4\u03c1\u03b5\u03b9\u03c2 \u03c4\u03c9\u03bd \u03b1\u03c5\u03c4\u03bf\u03ba\u03b9\u03bd\u03ae\u03c4\u03c9\u03bd, \u03b4\u03b9\u03b1\u03c3\u03c6\u03b1\u03bb\u03af\u03b6\u03bf\u03bd\u03c4\u03b1\u03c2 \u03cc\u03c4\u03b9 \u03ba\u03ac\u03b8\u03b5 \u03c3\u03c4\u03bf\u03b9\u03c7\u03b5\u03af\u03bf \u03b5\u03af\u03bd\u03b1\u03b9 \u03ba\u03b1\u03c4\u03b1\u03c3\u03ba\u03b5\u03c5\u03b1\u03c3\u03bc\u03ad\u03bd\u03bf \u03bc\u03b5 \u03b1\u03ba\u03c1\u03af\u03b2\u03b5\u03b9\u03b1.<br \/>\n\u0399\u03b4\u03b1\u03bd\u03b9\u03ba\u03cc \u03b3\u03b9\u03b1 \u03bb\u03ac\u03c4\u03c1\u03b5\u03b9\u03c2 \u03ba\u03b1\u03b9 \u03bb\u03ac\u03c4\u03c1\u03b5\u03b9\u03c2: \u0399\u03b4\u03b1\u03bd\u03b9\u03ba\u03cc \u03b3\u03b9\u03b1 \u03cc\u03c3\u03bf\u03c5\u03c2 \u03b1\u03b3\u03b1\u03c0\u03bf\u03cd\u03bd \u03c4\u03b1 \u03c0\u03bf\u03bb\u03c5\u03c4\u03b5\u03bb\u03ae \u03b1\u03c5\u03c4\u03bf\u03ba\u03af\u03bd\u03b7\u03c4\u03b1 \u03ba\u03b1\u03b9 \u03c4\u03b1 \u03b5\u03bc\u03b2\u03bb\u03b7\u03bc\u03b1\u03c4\u03b9\u03ba\u03ac \u03bc\u03bf\u03bd\u03c4\u03ad\u03bb\u03b1. \u0395\u03af\u03c4\u03b5 \u03b5\u03af\u03c3\u03c4\u03b5 \u03c3\u03c5\u03bb\u03bb\u03ad\u03ba\u03c4\u03b7\u03c2, \u03bb\u03ac\u03c4\u03c1\u03b7\u03c2 \u03c4\u03c9\u03bd \u03b1\u03c5\u03c4\u03bf\u03ba\u03b9\u03bd\u03ae\u03c4\u03c9\u03bd, \u03b5\u03af\u03c4\u03b5 \u03b1\u03c0\u03bb\u03ac \u03b8\u03ad\u03bb\u03b5\u03c4\u03b5 \u03bc\u03b9\u03b1 \u03bc\u03bf\u03bd\u03b1\u03b4\u03b9\u03ba\u03ae \u03c0\u03b9\u03bd\u03b5\u03bb\u03b9\u03ac \u03b3\u03b9\u03b1 \u03c4\u03bf \u03b1\u03c5\u03c4\u03bf\u03ba\u03af\u03bd\u03b7\u03c4\u03bf \u03ae \u03c4\u03bf\u03bd \u03c7\u03ce\u03c1\u03bf \u03c3\u03b1\u03c2, \u03b1\u03c5\u03c4\u03cc \u03c4\u03bf \u03c3\u03c4\u03bf\u03bb\u03af\u03b4\u03b9 \u03b5\u03af\u03bd\u03b1\u03b9 \u03b9\u03b4\u03b1\u03bd\u03b9\u03ba\u03cc \u03b3\u03b9\u03b1 \u03b5\u03c3\u03ac\u03c2.<\/p>\n<p>\u0391\u03bd\u03b1\u03bd\u03b5\u03c9\u03bc\u03ad\u03bd\u03b7 \u03b5\u03bc\u03c0\u03b5\u03b9\u03c1\u03af\u03b1 \u03bf\u03b4\u03ae\u03b3\u03b7\u03c3\u03b7\u03c2: \u03a0\u03c1\u03bf\u03c3\u03b8\u03ad\u03c3\u03c4\u03b5 \u03bc\u03b9\u03b1 \u03c6\u03c1\u03ad\u03c3\u03ba\u03b9\u03b1 \u03ba\u03b1\u03b9 \u03b4\u03c5\u03bd\u03b1\u03bc\u03b9\u03ba\u03ae \u03c0\u03b9\u03bd\u03b5\u03bb\u03b9\u03ac \u03c3\u03c4\u03b7\u03bd \u03b5\u03bc\u03c0\u03b5\u03b9\u03c1\u03af\u03b1 \u03bf\u03b4\u03ae\u03b3\u03b7\u03c3\u03b7\u03c2. \u0391\u03c5\u03c4\u03cc \u03c4\u03bf \u03b1\u03be\u03b5\u03c3\u03bf\u03c5\u03ac\u03c1 \u03cc\u03c7\u03b9 \u03bc\u03cc\u03bd\u03bf \u03b4\u03b9\u03b1\u03ba\u03bf\u03c3\u03bc\u03b5\u03af, \u03b1\u03bb\u03bb\u03ac \u03ba\u03b1\u03b9 \u03c0\u03c1\u03bf\u03ba\u03b1\u03bb\u03b5\u03af \u03c3\u03c5\u03bd\u03b1\u03af\u03c3\u03b8\u03b7\u03bc\u03b1 \u03bc\u03b5 \u03c4\u03bf\u03bd \u03b6\u03c9\u03bd\u03c4\u03b1\u03bd\u03cc \u03ba\u03b1\u03b9 \u03bc\u03bf\u03bd\u03c4\u03ad\u03c1\u03bd\u03bf \u03c3\u03c7\u03b5\u03b4\u03b9\u03b1\u03c3\u03bc\u03cc \u03c4\u03bf\u03c5.<\/p>\n<p>\u03a4\u03ad\u03bb\u03b5\u03b9\u03bf \u03b4\u03ce\u03c1\u03bf: \u039a\u03ac\u03bd\u03c4\u03b5 \u03ad\u03ba\u03c0\u03bb\u03b7\u03be\u03b7 \u03c3\u03c4\u03bf\u03c5\u03c2 \u03c6\u03af\u03bb\u03bf\u03c5\u03c2 \u03ae \u03c4\u03b1 \u03b1\u03b3\u03b1\u03c0\u03b7\u03bc\u03ad\u03bd\u03b1 \u03c3\u03b1\u03c2 \u03c0\u03c1\u03cc\u03c3\u03c9\u03c0\u03b1 \u03c0\u03bf\u03c5 \u03b5\u03af\u03bd\u03b1\u03b9 \u03c0\u03b1\u03b8\u03b9\u03b1\u03c3\u03bc\u03ad\u03bd\u03b1 \u03bc\u03b5 \u03c4\u03b1 \u03b1\u03c5\u03c4\u03bf\u03ba\u03af\u03bd\u03b7\u03c4\u03b1. \u0391\u03c5\u03c4\u03cc \u03c4\u03bf \u03b1\u03c5\u03c4\u03bf\u03ba\u03af\u03bd\u03b7\u03c4\u03bf drift \u03b5\u03af\u03bd\u03b1\u03b9 \u03ad\u03bd\u03b1 \u03bc\u03bf\u03bd\u03b1\u03b4\u03b9\u03ba\u03cc \u03ba\u03b1\u03b9 \u03b1\u03be\u03ad\u03c7\u03b1\u03c3\u03c4\u03bf \u03b4\u03ce\u03c1\u03bf \u03c0\u03bf\u03c5 \u03c3\u03af\u03b3\u03bf\u03c5\u03c1\u03b1 \u03b8\u03b1 \u03b5\u03ba\u03c4\u03b9\u03bc\u03b7\u03b8\u03b5\u03af \u03b1\u03c0\u03cc \u03cc\u03c3\u03bf\u03c5\u03c2 \u03b1\u03c0\u03bf\u03bb\u03b1\u03bc\u03b2\u03ac\u03bd\u03bf\u03c5\u03bd \u03c4\u03b1 \u03bc\u03bf\u03bd\u03c4\u03ad\u03bb\u03b1 \u03b1\u03c5\u03c4\u03bf\u03ba\u03b9\u03bd\u03ae\u03c4\u03c9\u03bd.<\/p>\n<p>\u03a0\u03c1\u03bf\u03b4\u03b9\u03b1\u03b3\u03c1\u03b1\u03c6\u03ad\u03c2 \u03c0\u03c1\u03bf\u03ca\u03cc\u03bd\u03c4\u03bf\u03c2:<br \/>\n\u0394\u03b9\u03b1\u03b8\u03ad\u03c3\u03b9\u03bc\u03b1 \u03a3\u03c4\u03c5\u03bb: Toyota AE 86<br \/>\n\u03a0\u03b5\u03c1\u03b9\u03bb\u03b1\u03bc\u03b2\u03ac\u03bd\u03b5\u03b9: 1 \u03b1\u03c5\u03c4\u03bf\u03ba\u03af\u03bd\u03b7\u03c4\u03bf, 1 \u03c0\u03c4\u03c5\u03c3\u03c3\u03cc\u03bc\u03b5\u03bd\u03b7 \u03b2\u03ac\u03c3\u03b7 \u03b5\u03c0\u03af\u03b4\u03b5\u03b9\u03be\u03b7\u03c2 \u03bc\u03b5 drift, 2 \u03b5\u03c0\u03b9\u03c0\u03bb\u03ad\u03bf\u03bd \u03ba\u03cc\u03bb\u03bb\u03b5\u03c2.<br \/>\n\u03a5\u03bb\u03b9\u03ba\u03cc: \u039c\u03b5\u03c4\u03b1\u03bb\u03bb\u03b9\u03ba\u03ae \u03b5\u03c5\u03b8\u03c5\u03b3\u03c1\u03ac\u03bc\u03bc\u03b9\u03c3\u03b7.<\/p>\n<p>\u03a3\u03b7\u03bc\u03b1\u03bd\u03c4\u03b9\u03ba\u03ae \u03c3\u03b7\u03bc\u03b5\u03af\u03c9\u03c3\u03b7:<br \/>\n\u0391\u03c5\u03c4\u03cc \u03c4\u03bf \u03c0\u03c1\u03bf\u03ca\u03cc\u03bd \u03ba\u03b1\u03c4\u03b1\u03c3\u03ba\u03b5\u03c5\u03ac\u03b6\u03b5\u03c4\u03b1\u03b9 \u03bc\u03b5 \u03bc\u03b5\u03b3\u03ac\u03bb\u03b7 \u03c0\u03c1\u03bf\u03c3\u03bf\u03c7\u03ae \u03c3\u03c4\u03b7 \u03bb\u03b5\u03c0\u03c4\u03bf\u03bc\u03ad\u03c1\u03b5\u03b9\u03b1, \u03b1\u03bb\u03bb\u03ac \u03bb\u03cc\u03b3\u03c9 \u03c7\u03b5\u03b9\u03c1\u03bf\u03ba\u03af\u03bd\u03b7\u03c4\u03b7\u03c2 \u03bc\u03ad\u03c4\u03c1\u03b7\u03c3\u03b7\u03c2, \u03b5\u03bd\u03b4\u03ad\u03c7\u03b5\u03c4\u03b1\u03b9 \u03bd\u03b1 \u03c5\u03c0\u03ac\u03c1\u03c7\u03bf\u03c5\u03bd \u03bc\u03b9\u03ba\u03c1\u03ad\u03c2 \u03b1\u03c0\u03bf\u03ba\u03bb\u03af\u03c3\u03b5\u03b9\u03c2 \u03c3\u03c4\u03bf \u03bc\u03ad\u03b3\u03b5\u03b8\u03bf\u03c2 (1-2 cm). \u0395\u03c0\u03b9\u03c0\u03bb\u03ad\u03bf\u03bd, \u03c4\u03b1 \u03c7\u03c1\u03ce\u03bc\u03b1\u03c4\u03b1 \u03b5\u03bd\u03b4\u03ad\u03c7\u03b5\u03c4\u03b1\u03b9 \u03bd\u03b1 \u03b4\u03b9\u03b1\u03c6\u03ad\u03c1\u03bf\u03c5\u03bd \u03b5\u03bb\u03b1\u03c6\u03c1\u03ce\u03c2 \u03bb\u03cc\u03b3\u03c9 \u03c4\u03c9\u03bd \u03c1\u03c5\u03b8\u03bc\u03af\u03c3\u03b5\u03c9\u03bd \u03c4\u03b7\u03c2 \u03bf\u03b8\u03cc\u03bd\u03b7\u03c2.<\/p>","protected":false},"excerpt":{"rendered":"<p>Caracter\u00edsticas Principales: Dise\u00f1o Realista y Detalles Meticulosos: Este coche giratorio de drift cuenta con un aspecto ultra realista que incluye piezas m\u00f3viles como ruedas y puertas, lo que le da un toque aut\u00e9ntico y fascinante. El interior detallado har\u00e1 las delicias de los amantes de los autom\u00f3viles, asegurando que cada elemento est\u00e9 dise\u00f1ado con precisi\u00f3n. [&hellip;]<\/p>","protected":false},"featured_media":559,"comment_status":"open","ping_status":"closed","template":"","meta":[],"product_brand":[],"product_cat":[15],"product_tag":[],"class_list":{"0":"post-560","1":"product","2":"type-product","3":"status-publish","4":"has-post-thumbnail","6":"product_cat-sin-categorizar","8":"first","9":"instock","10":"shipping-taxable","11":"purchasable","12":"product-type-simple"},"aioseo_notices":[],"jetpack_sharing_enabled":true,"_links":{"self":[{"href":"https:\/\/gadgetingcar.com\/el\/wp-json\/wp\/v2\/product\/560","targetHints":{"allow":["GET"]}}],"collection":[{"href":"https:\/\/gadgetingcar.com\/el\/wp-json\/wp\/v2\/product"}],"about":[{"href":"https:\/\/gadgetingcar.com\/el\/wp-json\/wp\/v2\/types\/product"}],"replies":[{"embeddable":true,"href":"https:\/\/gadgetingcar.com\/el\/wp-json\/wp\/v2\/comments?post=560"}],"wp:featuredmedia":[{"embeddable":true,"href":"https:\/\/gadgetingcar.com\/el\/wp-json\/wp\/v2\/media\/559"}],"wp:attachment":[{"href":"https:\/\/gadgetingcar.com\/el\/wp-json\/wp\/v2\/media?parent=560"}],"wp:term":[{"taxonomy":"product_brand","embeddable":true,"href":"https:\/\/gadgetingcar.com\/el\/wp-json\/wp\/v2\/product_brand?post=560"},{"taxonomy":"product_cat","embeddable":true,"href":"https:\/\/gadgetingcar.com\/el\/wp-json\/wp\/v2\/product_cat?post=560"},{"taxonomy":"product_tag","embeddable":true,"href":"https:\/\/gadgetingcar.com\/el\/wp-json\/wp\/v2\/product_tag?post=560"}],"curies":[{"name":"wp","href":"https:\/\/api.w.org\/{rel}","templated":true}]}}