{"id":921,"date":"2025-02-17T21:50:27","date_gmt":"2025-02-17T21:50:27","guid":{"rendered":"https:\/\/gadgetingcar.com\/?post_type=product&#038;p=921"},"modified":"2026-03-09T18:56:51","modified_gmt":"2026-03-09T18:56:51","slug":"%cf%80%cf%81%cf%8c%cf%84%cf%85%cf%80%ce%bf-%cf%80%ce%bf%cf%85-%ce%ad%cf%87%ce%b5%ce%b9%cf%82-%cf%80%ce%b1%cf%81%ce%ba%ce%ac%cf%81%ce%b5%ce%b9-%cf%83%ce%b1%ce%bd-%cf%84%ce%bf-clo","status":"publish","type":"product","link":"https:\/\/gadgetingcar.com\/el\/product\/%cf%80%cf%81%cf%8c%cf%84%cf%85%cf%80%ce%bf-%cf%80%ce%bf%cf%85-%ce%ad%cf%87%ce%b5%ce%b9%cf%82-%cf%80%ce%b1%cf%81%ce%ba%ce%ac%cf%81%ce%b5%ce%b9-%cf%83%ce%b1%ce%bd-%cf%84%ce%bf-clo\/","title":{"rendered":"\u03a0\u03c1\u03cc\u03c4\u03c5\u03c0\u03bf \"You've Parked Like The C*lo\"."},"content":{"rendered":"<p>\u03a4\u03bf \u03c0\u03c1\u03cc\u03c4\u03c5\u03c0\u03bf &quot;\u03a0\u03b1\u03c1\u03ba\u03ac\u03c1\u03b5\u03b9\u03c2 \u03c3\u03b1\u03bd \u03c4\u03bf C&quot;<em data-start=\"31\" data-end=\"235\">\u03a4\u03bf \u00bbLo\u00ab \u03b5\u03af\u03bd\u03b1\u03b9 \u03ad\u03bd\u03b1 \u03c7\u03b9\u03bf\u03c5\u03bc\u03bf\u03c1\u03b9\u03c3\u03c4\u03b9\u03ba\u03cc \u03c3\u03c7\u03ad\u03b4\u03b9\u03bf \u03c0\u03bf\u03c5 \u03ad\u03c7\u03b5\u03b9 \u03c3\u03ba\u03bf\u03c0\u03cc \u03bd\u03b1 \u03b5\u03c0\u03b9\u03c3\u03b7\u03bc\u03ac\u03bd\u03b5\u03b9 \u03bc\u03b5 \u03c0\u03b1\u03b9\u03c7\u03bd\u03b9\u03b4\u03b9\u03ac\u03c1\u03b9\u03ba\u03bf \u03c4\u03c1\u03cc\u03c0\u03bf \u03c4\u03bf \u03ba\u03b1\u03ba\u03cc \u03c0\u03b1\u03c1\u03ba\u03ac\u03c1\u03b9\u03c3\u03bc\u03b1. \u0391\u03c0\u03bf\u03c4\u03b5\u03bb\u03b5\u03af\u03c4\u03b1\u03b9 \u03b1\u03c0\u03cc \u03bc\u03b9\u03b1 \u03b5\u03b9\u03ba\u03cc\u03bd\u03b1 \u03bc\u03b5 \u03bc\u03b1\u03cd\u03c1\u03bf \u03c6\u03cc\u03bd\u03c4\u03bf \u03ba\u03b1\u03b9 \u03bc\u03b5\u03b3\u03ac\u03bb\u03bf \u03bb\u03b5\u03c5\u03ba\u03cc \u03ba\u03b5\u03af\u03bc\u03b5\u03bd\u03bf \u03c0\u03bf\u03c5 \u03b3\u03c1\u03ac\u03c6\u03b5\u03b9: \u00ab\u03a0\u0391\u03a1\u039a\u0391\u03a1\u0395\u03a8\u0391\u03a4\u0395 \u03a3\u0391\u039d \u039a\u0391\u03a1\u0395\u039a\u039b\u0391\u00bb<\/em>LO\u00bb (\u03b1\u03bd\u03c4\u03b9\u03ba\u03b1\u03b8\u03b9\u03c3\u03c4\u03ce\u03bd\u03c4\u03b1\u03c2 \u03c4\u03bf \u00abU\u00bb \u03bc\u03b5 \u03b1\u03c3\u03c4\u03b5\u03c1\u03af\u03c3\u03ba\u03bf). \u03a0\u03b1\u03c1\u03b1\u03ba\u03ac\u03c4\u03c9, \u03bc\u03b5 \u03bc\u03b9\u03ba\u03c1\u03cc\u03c4\u03b5\u03c1\u03b1 \u03b3\u03c1\u03ac\u03bc\u03bc\u03b1\u03c4\u03b1, \u03b1\u03bd\u03b1\u03b3\u03c1\u03ac\u03c6\u03b5\u03c4\u03b1\u03b9: \u00ab(\u039b\u039f\u0393\u039f\u03a3 \u03a0\u0399\u03a3\u03a9)\u00bb. \u0391\u03c5\u03c4\u03cc \u03c4\u03bf \u03c3\u03c7\u03ad\u03b4\u03b9\u03bf \u03b5\u03af\u03bd\u03b1\u03b9 \u03b4\u03b9\u03b1\u03b8\u03ad\u03c3\u03b9\u03bc\u03bf \u03b3\u03b9\u03b1 \u03bb\u03ae\u03c8\u03b7 \u03c3\u03b5 \u03bc\u03bf\u03c1\u03c6\u03ae PDF, \u03b5\u03c0\u03b9\u03c4\u03c1\u03ad\u03c0\u03bf\u03bd\u03c4\u03b1\u03c2 \u03c3\u03c4\u03bf\u03c5\u03c2 \u03c7\u03c1\u03ae\u03c3\u03c4\u03b5\u03c2 \u03bd\u03b1 \u03c4\u03bf \u03b5\u03ba\u03c4\u03c5\u03c0\u03ce\u03c3\u03bf\u03c5\u03bd \u03ba\u03b1\u03b9 \u03bd\u03b1 \u03c4\u03bf \u03c7\u03c1\u03b7\u03c3\u03b9\u03bc\u03bf\u03c0\u03bf\u03b9\u03ae\u03c3\u03bf\u03c5\u03bd \u03cc\u03c0\u03c9\u03c2 \u03b5\u03c0\u03b9\u03b8\u03c5\u03bc\u03bf\u03cd\u03bd.<\/p>","protected":false},"excerpt":{"rendered":"<p>La \u00abPlantilla Aparcas Como el Clo\u00bb es un dise\u00f1o humor\u00edstico destinado a se\u00f1alar de manera divertida los malos estacionamientos. Consiste en una imagen con fondo negro y texto blanco en letras grandes que dice: \u00abHAS APARCADO COMO EL CLO\u00bb (sustituyendo la \u00abU\u00bb por un asterisco). Debajo, en una tipograf\u00eda m\u00e1s peque\u00f1a, se lee: \u00ab(RAZ\u00d3N POR [&hellip;]<\/p>","protected":false},"featured_media":708,"comment_status":"open","ping_status":"closed","template":"","meta":[],"product_brand":[],"product_cat":[15],"product_tag":[],"class_list":{"0":"post-921","1":"product","2":"type-product","3":"status-publish","4":"has-post-thumbnail","6":"product_cat-sin-categorizar","8":"first","9":"instock","10":"downloadable","11":"shipping-taxable","12":"purchasable","13":"product-type-simple"},"aioseo_notices":[],"jetpack_sharing_enabled":true,"_links":{"self":[{"href":"https:\/\/gadgetingcar.com\/el\/wp-json\/wp\/v2\/product\/921","targetHints":{"allow":["GET"]}}],"collection":[{"href":"https:\/\/gadgetingcar.com\/el\/wp-json\/wp\/v2\/product"}],"about":[{"href":"https:\/\/gadgetingcar.com\/el\/wp-json\/wp\/v2\/types\/product"}],"replies":[{"embeddable":true,"href":"https:\/\/gadgetingcar.com\/el\/wp-json\/wp\/v2\/comments?post=921"}],"wp:featuredmedia":[{"embeddable":true,"href":"https:\/\/gadgetingcar.com\/el\/wp-json\/wp\/v2\/media\/708"}],"wp:attachment":[{"href":"https:\/\/gadgetingcar.com\/el\/wp-json\/wp\/v2\/media?parent=921"}],"wp:term":[{"taxonomy":"product_brand","embeddable":true,"href":"https:\/\/gadgetingcar.com\/el\/wp-json\/wp\/v2\/product_brand?post=921"},{"taxonomy":"product_cat","embeddable":true,"href":"https:\/\/gadgetingcar.com\/el\/wp-json\/wp\/v2\/product_cat?post=921"},{"taxonomy":"product_tag","embeddable":true,"href":"https:\/\/gadgetingcar.com\/el\/wp-json\/wp\/v2\/product_tag?post=921"}],"curies":[{"name":"wp","href":"https:\/\/api.w.org\/{rel}","templated":true}]}}