{"id":921,"date":"2025-02-17T21:50:27","date_gmt":"2025-02-17T21:50:27","guid":{"rendered":"https:\/\/gadgetingcar.com\/?post_type=product&#038;p=921"},"modified":"2026-03-09T18:56:51","modified_gmt":"2026-03-09T18:56:51","slug":"template-you-have-parked-like-the-clo","status":"publish","type":"product","link":"https:\/\/gadgetingcar.com\/en\/product\/template-you-have-parked-like-the-clo\/","title":{"rendered":"You Parked Like A F*ck"},"content":{"rendered":"<p>The &quot;Parking Like the C&quot; Template<em data-start=\"31\" data-end=\"235\">&quot;lo&quot; is a humorous design intended to playfully point out bad parking. It consists of an image with a black background and white text in large letters that says: &quot;YOU&#039;VE PARKED LIKE THE C<\/em>LO&quot; (replacing the &quot;U&quot; with an asterisk). Below, in smaller type, it reads: &quot;(REASON BEHIND)&quot;. This design is available for download as a PDF, allowing users to print and use it as they wish.<\/p>","protected":false},"excerpt":{"rendered":"<p>La \u00abPlantilla Aparcas Como el Clo\u00bb es un dise\u00f1o humor\u00edstico destinado a se\u00f1alar de manera divertida los malos estacionamientos. Consiste en una imagen con fondo negro y texto blanco en letras grandes que dice: \u00abHAS APARCADO COMO EL CLO\u00bb (sustituyendo la \u00abU\u00bb por un asterisco). Debajo, en una tipograf\u00eda m\u00e1s peque\u00f1a, se lee: \u00ab(RAZ\u00d3N POR [&hellip;]<\/p>","protected":false},"featured_media":708,"comment_status":"open","ping_status":"closed","template":"","meta":[],"product_brand":[],"product_cat":[15],"product_tag":[],"class_list":{"0":"post-921","1":"product","2":"type-product","3":"status-publish","4":"has-post-thumbnail","6":"product_cat-sin-categorizar","8":"first","9":"instock","10":"downloadable","11":"shipping-taxable","12":"purchasable","13":"product-type-simple"},"aioseo_notices":[],"jetpack_sharing_enabled":true,"_links":{"self":[{"href":"https:\/\/gadgetingcar.com\/en\/wp-json\/wp\/v2\/product\/921","targetHints":{"allow":["GET"]}}],"collection":[{"href":"https:\/\/gadgetingcar.com\/en\/wp-json\/wp\/v2\/product"}],"about":[{"href":"https:\/\/gadgetingcar.com\/en\/wp-json\/wp\/v2\/types\/product"}],"replies":[{"embeddable":true,"href":"https:\/\/gadgetingcar.com\/en\/wp-json\/wp\/v2\/comments?post=921"}],"wp:featuredmedia":[{"embeddable":true,"href":"https:\/\/gadgetingcar.com\/en\/wp-json\/wp\/v2\/media\/708"}],"wp:attachment":[{"href":"https:\/\/gadgetingcar.com\/en\/wp-json\/wp\/v2\/media?parent=921"}],"wp:term":[{"taxonomy":"product_brand","embeddable":true,"href":"https:\/\/gadgetingcar.com\/en\/wp-json\/wp\/v2\/product_brand?post=921"},{"taxonomy":"product_cat","embeddable":true,"href":"https:\/\/gadgetingcar.com\/en\/wp-json\/wp\/v2\/product_cat?post=921"},{"taxonomy":"product_tag","embeddable":true,"href":"https:\/\/gadgetingcar.com\/en\/wp-json\/wp\/v2\/product_tag?post=921"}],"curies":[{"name":"wp","href":"https:\/\/api.w.org\/{rel}","templated":true}]}}