{"id":15,"date":"2024-12-09T22:54:16","date_gmt":"2024-12-09T22:54:16","guid":{"rendered":"https:\/\/gadgetingcar.com\/?page_id=15"},"modified":"2024-12-09T22:56:50","modified_gmt":"2024-12-09T22:56:50","slug":"remboursements_retours","status":"publish","type":"page","link":"https:\/\/gadgetingcar.com\/fr\/remboursements_retours\/","title":{"rendered":"Politique de retours et de remboursements"},"content":{"rendered":"<div data-elementor-type=\"wp-page\" data-elementor-id=\"15\" class=\"elementor elementor-15\" data-elementor-post-type=\"page\">\n\t\t\t\t<div class=\"elementor-element elementor-element-575ff0b9 e-flex e-con-boxed e-con e-parent\" data-id=\"575ff0b9\" data-element_type=\"container\">\n\t\t\t\t\t<div class=\"e-con-inner\">\n\t\t\t\t<div class=\"elementor-element elementor-element-6f5aa490 elementor-widget elementor-widget-text-editor\" data-id=\"6f5aa490\" data-element_type=\"widget\" data-widget_type=\"text-editor.default\">\n\t\t\t\t<div class=\"elementor-widget-container\">\n\t\t\t\t\t\t\t\t\t<p>\u00a0<\/p>\n<p>\u00a0<\/p>\n<h1>Conditions g\u00e9n\u00e9rales d&#039;utilisation<\/h1>\n<h2>Champ d&#039;application<\/h2>\n<p>Les pr\u00e9sentes conditions g\u00e9n\u00e9rales r\u00e9gissent l&#039;utilisation du site web Gadgetingcar.com et les transactions effectu\u00e9es par son interm\u00e9diaire.<\/p>\n<h2>processus d&#039;achat<\/h2>\n<ol>\n<li>S\u00e9lectionnez les produits souhait\u00e9s et ajoutez-les au panier.<\/li>\n<li>Remplissez le formulaire avec vos informations personnelles et s\u00e9lectionnez un mode de paiement.<\/li>\n<li>Confirmez votre commande et vous recevrez un courriel contenant les d\u00e9tails.<\/li>\n<\/ol>\n<h2>d\u00e9lais et conditions de livraison<\/h2>\n<ul>\n<li>Les produits sont livr\u00e9s sous un d\u00e9lai estim\u00e9 de 15 \u00e0 45 jours ouvrables, selon le fournisseur.<\/li>\n<li>Gadgetingcar.com n&#039;est pas responsable des retards caus\u00e9s par le fournisseur ou les douanes.<\/li>\n<\/ul>\n<h2>Limitation de responsabilit\u00e9<\/h2>\n<ul>\n<li>Gadgetingcar.com ne fabrique ni ne stocke les produits propos\u00e9s, agissant uniquement en tant qu&#039;interm\u00e9diaire entre le client et le fournisseur.<\/li>\n<li>Nous d\u00e9clinons toute responsabilit\u00e9 en cas de probl\u00e8mes de qualit\u00e9 des produits, de livraisons incorrectes ou de retards imputables au fournisseur.<\/li>\n<\/ul>\n<h2>Modifications<\/h2>\n<p>Nous nous r\u00e9servons le droit de modifier les prix, les conditions d&#039;utilisation et la politique commerciale sans pr\u00e9avis.<\/p>\n<h1>Politique de retour et de remboursement<\/h1>\n<h2>Conditions g\u00e9n\u00e9rales<\/h2>\n<ul>\n<li>Vous disposez de 14 jours \u00e0 compter de la r\u00e9ception du produit pour demander un retour.<\/li>\n<li>Le produit doit \u00eatre retourn\u00e9 en parfait \u00e9tat, non utilis\u00e9 et dans son emballage d&#039;origine.<\/li>\n<\/ul>\n<h2>Proc\u00e9dure de retour<\/h2>\n<ol>\n<li>Veuillez envoyer un courriel \u00e0 info@gadgetingcar.com en expliquant le motif du retour.<\/li>\n<li>Notre \u00e9quipe \u00e9valuera votre demande et vous fournira les instructions d&#039;exp\u00e9dition.<\/li>\n<li>D\u00e8s r\u00e9ception du produit, nous proc\u00e9derons au remboursement sous 10 jours ouvrables.<\/li>\n<\/ol>\n<h2>Remboursements<\/h2>\n<ul>\n<li>Les remboursements sont effectu\u00e9s via le m\u00eame mode de paiement utilis\u00e9 lors de l&#039;achat.<\/li>\n<li>Gadgetingcar.com ne prend pas en charge les frais de retour, sauf si le produit est d\u00e9fectueux ou non conforme.<\/li>\n<\/ul>\n<h2>Produits d\u00e9fectueux ou incorrects<\/h2>\n<p>Si le produit re\u00e7u est d\u00e9fectueux ou ne correspond pas \u00e0 la commande, Gadgetingcar.com prendra en charge les frais de retour et de remplacement.<\/p>\n<h2>Exceptions<\/h2>\n<p>Certains produits peuvent \u00eatre soumis aux politiques de retour du fournisseur d&#039;origine (AliExpress).<\/p>\t\t\t\t\t\t\t\t<\/div>\n\t\t\t\t<\/div>\n\t\t\t\t\t<\/div>\n\t\t\t\t<\/div>\n\t\t\t\t<\/div>","protected":false},"excerpt":{"rendered":"<p>\u00a0 \u00a0 T\u00e9rminos y Condiciones de Uso \u00c1mbito de aplicaci\u00f3n Estas condiciones regulan el uso del sitio web Gadgetingcar.com y las transacciones realizadas a trav\u00e9s de \u00e9l. Proceso de compra Selecciona los productos deseados y a\u00f1\u00e1delos al carrito. Completa el formulario con tus datos personales y selecciona un m\u00e9todo de pago. Confirma tu pedido y [&hellip;]<\/p>","protected":false},"author":1,"featured_media":0,"parent":0,"menu_order":0,"comment_status":"closed","ping_status":"closed","template":"","meta":{"footnotes":""},"class_list":["post-15","page","type-page","status-publish","hentry"],"aioseo_notices":[],"jetpack_sharing_enabled":true,"_links":{"self":[{"href":"https:\/\/gadgetingcar.com\/fr\/wp-json\/wp\/v2\/pages\/15","targetHints":{"allow":["GET"]}}],"collection":[{"href":"https:\/\/gadgetingcar.com\/fr\/wp-json\/wp\/v2\/pages"}],"about":[{"href":"https:\/\/gadgetingcar.com\/fr\/wp-json\/wp\/v2\/types\/page"}],"author":[{"embeddable":true,"href":"https:\/\/gadgetingcar.com\/fr\/wp-json\/wp\/v2\/users\/1"}],"replies":[{"embeddable":true,"href":"https:\/\/gadgetingcar.com\/fr\/wp-json\/wp\/v2\/comments?post=15"}],"version-history":[{"count":3,"href":"https:\/\/gadgetingcar.com\/fr\/wp-json\/wp\/v2\/pages\/15\/revisions"}],"predecessor-version":[{"id":219,"href":"https:\/\/gadgetingcar.com\/fr\/wp-json\/wp\/v2\/pages\/15\/revisions\/219"}],"wp:attachment":[{"href":"https:\/\/gadgetingcar.com\/fr\/wp-json\/wp\/v2\/media?parent=15"}],"curies":[{"name":"wp","href":"https:\/\/api.w.org\/{rel}","templated":true}]}}