{"id":1277,"date":"2025-03-05T12:17:58","date_gmt":"2025-03-05T12:17:58","guid":{"rendered":"https:\/\/gadgetingcar.com\/?post_type=product&#038;p=1277"},"modified":"2026-02-27T04:37:35","modified_gmt":"2026-02-27T04:37:35","slug":"le-gel-nettoyant-pour-voiture-magic-slime-emprisonne-la-poussiere-et-la-salete","status":"publish","type":"product","link":"https:\/\/gadgetingcar.com\/fr\/product\/le-gel-nettoyant-pour-voiture-magic-slime-emprisonne-la-poussiere-et-la-salete\/","title":{"rendered":"Gel nettoyant magique pour voiture - Slime qui pi\u00e8ge la poussi\u00e8re et la salet\u00e9"},"content":{"rendered":"<p>Caract\u00e9ristiques principales :<\/p>\n<p>\u2022 Nettoyage en profondeur : Sa texture g\u00e9latineuse p\u00e9n\u00e8tre dans les recoins difficiles d&#039;acc\u00e8s tels que les grilles de ventilation, les claviers et les petits espaces.<\/p>\n<p>\u2022 R\u00e9utilisable et \u00e9cologique : il peut \u00eatre utilis\u00e9 plusieurs fois jusqu&#039;\u00e0 ce qu&#039;il change de couleur, indiquant qu&#039;il a absorb\u00e9 suffisamment de salet\u00e9s.<\/p>\n<p>\u2022 Facile \u00e0 utiliser : il suffit d&#039;appliquer le gel sur la surface, de le laisser absorber la poussi\u00e8re, puis de l&#039;enlever sans laisser de r\u00e9sidus.<\/p>\n<p>\u2022 S\u00fbr et non toxique : Fabriqu\u00e9 avec des mat\u00e9riaux biod\u00e9gradables et sans danger pour la peau.<\/p>\n<p>\u2022 Multiusage : Id\u00e9al pour nettoyer les voitures, les claviers, les t\u00e9l\u00e9commandes et autres appareils \u00e9lectroniques.<\/p>\n<p>Caract\u00e9ristiques :<\/p>\n<p>\u2022 Poids : 70 g<\/p>\n<p>\u2022 Couleur : Bleu<\/p>\n<p>\u2022 Pr\u00e9sentation : Sachet refermable pour pr\u00e9server la fra\u00eecheur<\/p>\n<p>\u2022 Mat\u00e9riau : Polym\u00e8res de nettoyage dot\u00e9s d&#039;une technologie de pi\u00e9geage des poussi\u00e8res<\/p>\n<p>Pourquoi ce produit ?<\/p>\n<p>Gardez votre voiture impeccable gr\u00e2ce au Gel Nettoyant Magique, con\u00e7u pour capturer la poussi\u00e8re, les poils et les particules sans ab\u00eemer les surfaces. Sa formule sp\u00e9ciale ne laisse aucun r\u00e9sidu collant.<\/p>","protected":false},"excerpt":{"rendered":"<p>Gel nettoyant magique, id\u00e9al pour \u00e9liminer la poussi\u00e8re et la salet\u00e9 des zones difficiles d&#039;acc\u00e8s de la voiture. Souple, r\u00e9utilisable et facile \u00e0 utiliser.<\/p>","protected":false},"featured_media":1278,"comment_status":"open","ping_status":"closed","template":"","meta":[],"product_brand":[],"product_cat":[23],"product_tag":[],"class_list":{"0":"post-1277","1":"product","2":"type-product","3":"status-publish","4":"has-post-thumbnail","6":"product_cat-accesorios","8":"first","9":"instock","10":"shipping-taxable","11":"purchasable","12":"product-type-simple"},"aioseo_notices":[],"jetpack_sharing_enabled":true,"_links":{"self":[{"href":"https:\/\/gadgetingcar.com\/fr\/wp-json\/wp\/v2\/product\/1277","targetHints":{"allow":["GET"]}}],"collection":[{"href":"https:\/\/gadgetingcar.com\/fr\/wp-json\/wp\/v2\/product"}],"about":[{"href":"https:\/\/gadgetingcar.com\/fr\/wp-json\/wp\/v2\/types\/product"}],"replies":[{"embeddable":true,"href":"https:\/\/gadgetingcar.com\/fr\/wp-json\/wp\/v2\/comments?post=1277"}],"wp:featuredmedia":[{"embeddable":true,"href":"https:\/\/gadgetingcar.com\/fr\/wp-json\/wp\/v2\/media\/1278"}],"wp:attachment":[{"href":"https:\/\/gadgetingcar.com\/fr\/wp-json\/wp\/v2\/media?parent=1277"}],"wp:term":[{"taxonomy":"product_brand","embeddable":true,"href":"https:\/\/gadgetingcar.com\/fr\/wp-json\/wp\/v2\/product_brand?post=1277"},{"taxonomy":"product_cat","embeddable":true,"href":"https:\/\/gadgetingcar.com\/fr\/wp-json\/wp\/v2\/product_cat?post=1277"},{"taxonomy":"product_tag","embeddable":true,"href":"https:\/\/gadgetingcar.com\/fr\/wp-json\/wp\/v2\/product_tag?post=1277"}],"curies":[{"name":"wp","href":"https:\/\/api.w.org\/{rel}","templated":true}]}}