{"id":1536,"date":"2025-07-03T18:45:48","date_gmt":"2025-07-03T18:45:48","guid":{"rendered":"https:\/\/gadgetingcar.com\/?post_type=product&#038;p=1536"},"modified":"2025-10-24T23:07:33","modified_gmt":"2025-10-24T23:07:33","slug":"cric-hydraulique-pour-voitures-et-camions","status":"publish","type":"product","link":"https:\/\/gadgetingcar.com\/fr\/product\/cric-hydraulique-pour-voitures-et-camions\/","title":{"rendered":"Cric hydraulique portable pour voitures et camions"},"content":{"rendered":"<h3 data-start=\"275\" data-end=\"312\"><strong data-start=\"279\" data-end=\"310\">Caract\u00e9ristiques principales<\/strong><\/h3>\n<ul data-start=\"313\" data-end=\"1175\">\n<li data-start=\"313\" data-end=\"482\">\n<p data-start=\"315\" data-end=\"482\"><strong data-start=\"315\" data-end=\"361\">Capacit\u00e9 de levage de 8 tonnes (8T)<\/strong>Id\u00e9al pour soulever sans effort voitures, camions, caravanes et tracteurs. Supporte en toute s\u00e9curit\u00e9 les charges lourdes.<\/p>\n<\/li>\n<li data-start=\"483\" data-end=\"634\">\n<p data-start=\"485\" data-end=\"634\"><strong data-start=\"485\" data-end=\"509\">Construction robuste<\/strong>Corps enti\u00e8rement en m\u00e9tal moul\u00e9 avec plaque d&#039;acier \u00e9paissie garantissant une durabilit\u00e9 et une r\u00e9sistance \u00e0 long terme.<\/p>\n<\/li>\n<li data-start=\"635\" data-end=\"798\">\n<p data-start=\"637\" data-end=\"798\"><strong data-start=\"637\" data-end=\"657\">Hauteur r\u00e9glable<\/strong>: Permet une extension de 200 mm \u00e0 385 mm gr\u00e2ce \u00e0 un m\u00e9canisme \u00e0 vis sup\u00e9rieur, facilitant le travail sur des v\u00e9hicules de diff\u00e9rentes hauteurs.<\/p>\n<\/li>\n<li data-start=\"799\" data-end=\"917\">\n<p data-start=\"801\" data-end=\"917\"><strong data-start=\"801\" data-end=\"831\">Conception portable et pratique<\/strong>: Avec une poign\u00e9e amovible en deux parties pour faciliter le transport et le rangement.<\/p>\n<\/li>\n<li data-start=\"918\" data-end=\"1046\">\n<p data-start=\"920\" data-end=\"1046\"><strong data-start=\"920\" data-end=\"945\">S\u00e9curit\u00e9 garantie<\/strong>Surface sup\u00e9rieure antid\u00e9rapante avec rainures transversales et base \u00e9largie pour une stabilit\u00e9 accrue.<\/p>\n<\/li>\n<li data-start=\"1047\" data-end=\"1175\">\n<p data-start=\"1049\" data-end=\"1175\"><strong data-start=\"1049\" data-end=\"1076\">Fonctionnement simple<\/strong>Syst\u00e8me hydraulique avec vanne de retour d&#039;huile permettant une descente automatique contr\u00f4l\u00e9e.<\/p>\n<\/li>\n<\/ul>\n<h3 data-start=\"1177\" data-end=\"1212\"><strong data-start=\"1181\" data-end=\"1210\">Sp\u00e9cifications techniques<\/strong><\/h3>\n<div class=\"_tableContainer_80l1q_1\">\n<div class=\"_tableWrapper_80l1q_14 group flex w-fit flex-col-reverse\" tabindex=\"-1\">\n<table class=\"w-fit min-w-(--thread-content-width)\" data-start=\"1213\" data-end=\"2075\">\n<thead data-start=\"1213\" data-end=\"1283\">\n<tr data-start=\"1213\" data-end=\"1283\">\n<th data-start=\"1213\" data-end=\"1239\" data-col-size=\"sm\">Sp\u00e9cification<\/th>\n<th data-start=\"1239\" data-end=\"1283\" data-col-size=\"sm\">D\u00e9tail<\/th>\n<\/tr>\n<\/thead>\n<tbody data-start=\"1356\" data-end=\"2075\">\n<tr data-start=\"1356\" data-end=\"1427\">\n<td data-start=\"1356\" data-end=\"1383\" data-col-size=\"sm\">Gars<\/td>\n<td data-col-size=\"sm\" data-start=\"1383\" data-end=\"1427\">cric bouteille hydraulique<\/td>\n<\/tr>\n<tr data-start=\"1428\" data-end=\"1499\">\n<td data-start=\"1428\" data-end=\"1455\" data-col-size=\"sm\">capacit\u00e9 de charge<\/td>\n<td data-col-size=\"sm\" data-start=\"1455\" data-end=\"1499\">8 tonnes (8000 kg)<\/td>\n<\/tr>\n<tr data-start=\"1500\" data-end=\"1571\">\n<td data-start=\"1500\" data-end=\"1527\" data-col-size=\"sm\">Hauteur minimale<\/td>\n<td data-col-size=\"sm\" data-start=\"1527\" data-end=\"1571\">200 mm (7,87 pouces)<\/td>\n<\/tr>\n<tr data-start=\"1572\" data-end=\"1643\">\n<td data-start=\"1572\" data-end=\"1599\" data-col-size=\"sm\">Hauteur maximale<\/td>\n<td data-col-size=\"sm\" data-start=\"1599\" data-end=\"1643\">385 mm (15,15 pouces)<\/td>\n<\/tr>\n<tr data-start=\"1644\" data-end=\"1715\">\n<td data-start=\"1644\" data-end=\"1671\" data-col-size=\"sm\">Hauteur r\u00e9glable<\/td>\n<td data-col-size=\"sm\" data-start=\"1671\" data-end=\"1715\">60 mm<\/td>\n<\/tr>\n<tr data-start=\"1716\" data-end=\"1787\">\n<td data-start=\"1716\" data-end=\"1743\" data-col-size=\"sm\">Hauteur de levage<\/td>\n<td data-col-size=\"sm\" data-start=\"1743\" data-end=\"1787\">125 mm<\/td>\n<\/tr>\n<tr data-start=\"1788\" data-end=\"1859\">\n<td data-start=\"1788\" data-end=\"1815\" data-col-size=\"sm\">Poids<\/td>\n<td data-col-size=\"sm\" data-start=\"1815\" data-end=\"1859\">3,75 kg<\/td>\n<\/tr>\n<tr data-start=\"1860\" data-end=\"1931\">\n<td data-start=\"1860\" data-end=\"1887\" data-col-size=\"sm\">Mat\u00e9riel<\/td>\n<td data-col-size=\"sm\" data-start=\"1887\" data-end=\"1931\">M\u00e9tal avec une finition durable<\/td>\n<\/tr>\n<tr data-start=\"1932\" data-end=\"2003\">\n<td data-start=\"1932\" data-end=\"1959\" data-col-size=\"sm\">Applications<\/td>\n<td data-col-size=\"sm\" data-start=\"1959\" data-end=\"2003\">Automobile, agriculture, industrie<\/td>\n<\/tr>\n<tr data-start=\"2004\" data-end=\"2075\">\n<td data-start=\"2004\" data-end=\"2031\" data-col-size=\"sm\">N\u00e9cessite une utilisation verticale<\/td>\n<td data-col-size=\"sm\" data-start=\"2031\" data-end=\"2075\">Oui (ne pas utiliser sur le c\u00f4t\u00e9 ou \u00e0 l&#039;envers)<\/td>\n<\/tr>\n<\/tbody>\n<\/table>\n<div class=\"sticky end-(--thread-content-margin) h-0 self-end select-none\">\n<div class=\"absolute end-0 flex items-end\"><\/div>\n<\/div>\n<\/div>\n<\/div>\n<h3 data-start=\"2077\" data-end=\"2110\"><strong data-start=\"2081\" data-end=\"2108\">Pourquoi ce produit ?<\/strong><\/h3>\n<p data-start=\"2111\" data-end=\"2498\">Ce cric hydraulique bouteille est une solution compacte et puissante pour soulever facilement et en toute s\u00e9curit\u00e9 les v\u00e9hicules lourds. Sa conception m\u00e9tallique renforc\u00e9e et son utilisation intuitive le rendent id\u00e9al pour un usage professionnel comme pour les d\u00e9pannages routiers. Il est \u00e9galement fourni avec des instructions pour un entretien simple du syst\u00e8me hydraulique, garantissant ainsi une longue dur\u00e9e de vie et pr\u00e9venant les fuites.<\/p>\n<p data-start=\"2500\" data-end=\"2686\">Parfait pour les m\u00e9caniciens, les transporteurs et les conducteurs qui ont besoin d&#039;un outil fiable, ce pont \u00e9l\u00e9vateur est un investissement judicieux pour toute bo\u00eete \u00e0 outils automobile.<\/p>","protected":false},"excerpt":{"rendered":"<p data-start=\"2018\" data-end=\"2164\">Cric bouteille hydraulique portable 8T, id\u00e9al pour soulever voitures, camions et tracteurs en toute s\u00e9curit\u00e9 et facilement. Robuste, compact et fiable.<\/p>","protected":false},"featured_media":1537,"comment_status":"open","ping_status":"closed","template":"","meta":[],"product_brand":[],"product_cat":[23],"product_tag":[],"class_list":{"0":"post-1536","1":"product","2":"type-product","3":"status-publish","4":"has-post-thumbnail","6":"product_cat-accesorios","8":"first","9":"instock","10":"sale","11":"shipping-taxable","12":"purchasable","13":"product-type-simple"},"aioseo_notices":[],"jetpack_sharing_enabled":true,"_links":{"self":[{"href":"https:\/\/gadgetingcar.com\/fr\/wp-json\/wp\/v2\/product\/1536","targetHints":{"allow":["GET"]}}],"collection":[{"href":"https:\/\/gadgetingcar.com\/fr\/wp-json\/wp\/v2\/product"}],"about":[{"href":"https:\/\/gadgetingcar.com\/fr\/wp-json\/wp\/v2\/types\/product"}],"replies":[{"embeddable":true,"href":"https:\/\/gadgetingcar.com\/fr\/wp-json\/wp\/v2\/comments?post=1536"}],"wp:featuredmedia":[{"embeddable":true,"href":"https:\/\/gadgetingcar.com\/fr\/wp-json\/wp\/v2\/media\/1537"}],"wp:attachment":[{"href":"https:\/\/gadgetingcar.com\/fr\/wp-json\/wp\/v2\/media?parent=1536"}],"wp:term":[{"taxonomy":"product_brand","embeddable":true,"href":"https:\/\/gadgetingcar.com\/fr\/wp-json\/wp\/v2\/product_brand?post=1536"},{"taxonomy":"product_cat","embeddable":true,"href":"https:\/\/gadgetingcar.com\/fr\/wp-json\/wp\/v2\/product_cat?post=1536"},{"taxonomy":"product_tag","embeddable":true,"href":"https:\/\/gadgetingcar.com\/fr\/wp-json\/wp\/v2\/product_tag?post=1536"}],"curies":[{"name":"wp","href":"https:\/\/api.w.org\/{rel}","templated":true}]}}