{"id":1872,"date":"2025-11-25T21:20:40","date_gmt":"2025-11-25T21:20:40","guid":{"rendered":"https:\/\/gadgetingcar.com\/?post_type=product&#038;p=1872"},"modified":"2025-12-03T11:55:58","modified_gmt":"2025-12-03T11:55:58","slug":"support-de-telephone-de-voiture-topk-avec-clip-de-ventilation-rotatif-a-360-compatible-avec-les-coques-epaisses","status":"publish","type":"product","link":"https:\/\/gadgetingcar.com\/fr\/product\/support-de-telephone-de-voiture-topk-avec-clip-de-ventilation-rotatif-a-360-compatible-avec-les-coques-epaisses\/","title":{"rendered":"Support de t\u00e9l\u00e9phone de voiture TOPK avec clip pour grille d&#039;a\u00e9ration, rotation \u00e0 360\u00b0, compatible avec les coques \u00e9paisses"},"content":{"rendered":"<p data-start=\"325\" data-end=\"779\"><strong data-start=\"325\" data-end=\"357\">Caract\u00e9ristiques principales :<\/strong><br data-start=\"357\" data-end=\"360\" \/>Le support de t\u00e9l\u00e9phone de voiture TOPK offre une fixation ferme et s\u00e9curis\u00e9e, m\u00eame pour les t\u00e9l\u00e9phones dot\u00e9s d&#039;une coque \u00e9paisse. Con\u00e7u pour se fixer aux grilles d&#039;a\u00e9ration du v\u00e9hicule, il est \u00e9quip\u00e9 d&#039;une pince \u00e0 crochet am\u00e9lior\u00e9e pour une stabilit\u00e9 maximale, id\u00e9ale pour les longs trajets, les routes accident\u00e9es ou les virages serr\u00e9s. Sa rotation \u00e0 360\u00b0 permet d&#039;ajuster facilement l&#039;angle de vision, en mode portrait ou paysage.<\/p>\n<p data-start=\"781\" data-end=\"804\"><strong data-start=\"781\" data-end=\"802\">Caract\u00e9ristiques :<\/strong><\/p>\n<ul data-start=\"805\" data-end=\"1288\">\n<li data-start=\"805\" data-end=\"820\">\n<p data-start=\"807\" data-end=\"820\">Marque : TOPK<\/p>\n<\/li>\n<li data-start=\"821\" data-end=\"932\">\n<p data-start=\"823\" data-end=\"932\">Compatibilit\u00e9\u00a0: Smartphones de 4 \u00e0 7 pouces (y compris iPhone 14, 13, 12, SE, XS, XR, Samsung Galaxy, etc.)<\/p>\n<\/li>\n<li data-start=\"933\" data-end=\"972\">\n<p data-start=\"935\" data-end=\"972\">Largeur du support : 6,5 cm \u00e0 10,7 cm<\/p>\n<\/li>\n<li data-start=\"973\" data-end=\"992\">\n<p data-start=\"975\" data-end=\"992\">Hauteur : 13,4 cm<\/p>\n<\/li>\n<li data-start=\"993\" data-end=\"1068\">\n<p data-start=\"995\" data-end=\"1068\">Mat\u00e9riau : Plastique durable avec coussinets en silicone anti-rayures<\/p>\n<\/li>\n<li data-start=\"1069\" data-end=\"1134\">\n<p data-start=\"1071\" data-end=\"1134\">Montage : Clip de ventilation avec crochet de serrage renforc\u00e9<\/p>\n<\/li>\n<li data-start=\"1135\" data-end=\"1214\">\n<p data-start=\"1137\" data-end=\"1214\">R\u00e9glages : rotation \u00e0 360\u00b0, bras lat\u00e9raux r\u00e9glables et bouton de d\u00e9gagement rapide<\/p>\n<\/li>\n<li data-start=\"1215\" data-end=\"1288\">\n<p data-start=\"1217\" data-end=\"1288\">Utilisation : Compatible avec les grilles de ventilation horizontales et verticales<\/p>\n<\/li>\n<\/ul>\n<p data-start=\"1290\" data-end=\"1735\"><strong data-start=\"1290\" data-end=\"1317\">Pourquoi ce produit ?<\/strong><br data-start=\"1317\" data-end=\"1320\" \/>Ce support se distingue par sa facilit\u00e9 d&#039;utilisation \u00e0 une main, sa compatibilit\u00e9 avec les coques \u00e9paisses et son syst\u00e8me de fixation s\u00e9curis\u00e9 qui pr\u00e9vient les chutes accidentelles. Il prot\u00e8ge \u00e9galement votre t\u00e9l\u00e9phone des rayures gr\u00e2ce \u00e0 ses coussinets en silicone et garantit une exp\u00e9rience de conduite s\u00fbre et confortable. C&#039;est le choix id\u00e9al pour ceux qui recherchent praticit\u00e9, durabilit\u00e9 et stabilit\u00e9 dans un seul produit.<\/p>","protected":false},"excerpt":{"rendered":"<p data-start=\"1742\" data-end=\"1901\">Support pour t\u00e9l\u00e9phone portable avec fixation s\u00e9curis\u00e9e \u00e0 la grille d&#039;a\u00e9ration, rotation \u00e0 360\u00b0, compatible avec les coques \u00e9paisses et r\u00e9glage \u00e0 une main.<\/p>","protected":false},"featured_media":1931,"comment_status":"open","ping_status":"closed","template":"","meta":[],"product_brand":[],"product_cat":[15],"product_tag":[],"class_list":{"0":"post-1872","1":"product","2":"type-product","3":"status-publish","4":"has-post-thumbnail","6":"product_cat-sin-categorizar","8":"first","9":"instock","10":"sale","11":"shipping-taxable","12":"purchasable","13":"product-type-simple"},"aioseo_notices":[],"jetpack_sharing_enabled":true,"_links":{"self":[{"href":"https:\/\/gadgetingcar.com\/fr\/wp-json\/wp\/v2\/product\/1872","targetHints":{"allow":["GET"]}}],"collection":[{"href":"https:\/\/gadgetingcar.com\/fr\/wp-json\/wp\/v2\/product"}],"about":[{"href":"https:\/\/gadgetingcar.com\/fr\/wp-json\/wp\/v2\/types\/product"}],"replies":[{"embeddable":true,"href":"https:\/\/gadgetingcar.com\/fr\/wp-json\/wp\/v2\/comments?post=1872"}],"wp:featuredmedia":[{"embeddable":true,"href":"https:\/\/gadgetingcar.com\/fr\/wp-json\/wp\/v2\/media\/1931"}],"wp:attachment":[{"href":"https:\/\/gadgetingcar.com\/fr\/wp-json\/wp\/v2\/media?parent=1872"}],"wp:term":[{"taxonomy":"product_brand","embeddable":true,"href":"https:\/\/gadgetingcar.com\/fr\/wp-json\/wp\/v2\/product_brand?post=1872"},{"taxonomy":"product_cat","embeddable":true,"href":"https:\/\/gadgetingcar.com\/fr\/wp-json\/wp\/v2\/product_cat?post=1872"},{"taxonomy":"product_tag","embeddable":true,"href":"https:\/\/gadgetingcar.com\/fr\/wp-json\/wp\/v2\/product_tag?post=1872"}],"curies":[{"name":"wp","href":"https:\/\/api.w.org\/{rel}","templated":true}]}}