{"id":274,"date":"2024-12-10T14:41:58","date_gmt":"2024-12-10T14:41:58","guid":{"rendered":"https:\/\/gadgetingcar.com\/?post_type=product&#038;p=274"},"modified":"2026-03-29T01:27:50","modified_gmt":"2026-03-29T01:27:50","slug":"capot-du-levier-de-vitesse","status":"publish","type":"product","link":"https:\/\/gadgetingcar.com\/fr\/product\/capot-du-levier-de-vitesse\/","title":{"rendered":"Capot du levier de vitesses"},"content":{"rendered":"<p><strong>Mini-capot de levier de vitesse : ajoutez une touche amusante et \u00e9l\u00e9gante \u00e0 votre voiture<\/strong><\/p>\n<p><strong>Caract\u00e9ristiques principales :<\/strong><\/p>\n<ul>\n<li><strong>Design unique et cr\u00e9atif :<\/strong> Ce mini sweat \u00e0 capuche pour levier de vitesse n'est pas seulement un accessoire, c'est une d\u00e9claration de style ! Transformez un \u00e9l\u00e9ment commun de votre voiture en centre d'attention gr\u00e2ce \u00e0 ce design original et plein de personnalit\u00e9. Parfait pour ceux qui cherchent \u00e0 ajouter une touche unique et amusante \u00e0 l'int\u00e9rieur de leur voiture.<\/li>\n<li><strong>Protection fonctionnelle :<\/strong> Au-del\u00e0 de son aspect attrayant, cette housse prot\u00e8ge votre levier de vitesse de l'usure quotidienne, de la poussi\u00e8re et des rayures. Il contribue \u00e0 la propret\u00e9 et \u00e0 l'entretien de votre voiture tout en ajoutant un d\u00e9tail innovant au design int\u00e9rieur de votre v\u00e9hicule.<\/li>\n<li><strong>Vari\u00e9t\u00e9 de couleurs :<\/strong> Disponible dans une large gamme de couleurs vives telles que le rouge, le noir, le blanc, le gris, le bleu et le vert, ce mini sweat-shirt s'adapte parfaitement \u00e0 tous les styles et \u00e0 toutes les pr\u00e9f\u00e9rences. Choisissez votre couleur pr\u00e9f\u00e9r\u00e9e ou m\u00e9langez-la pour cr\u00e9er un look dynamique pour votre v\u00e9hicule.<\/li>\n<li><strong>Mat\u00e9riau de haute qualit\u00e9 :<\/strong> Fabriqu\u00e9e dans un tissu doux et r\u00e9sistant, cette housse est durable et facile \u00e0 nettoyer. Sa conception garantit le confort au toucher, et elle est facile \u00e0 installer et \u00e0 retirer, pour plus de commodit\u00e9.<\/li>\n<\/ul>\n<p>&nbsp;<\/p>\n<hr \/>\n<p><strong>Sp\u00e9cifications du produit :<\/strong><\/p>\n<ul>\n<li><strong>Mat\u00e9riau :<\/strong> Tissu souple et durable pour une exp\u00e9rience confortable et durable.<\/li>\n<li><strong>Couleurs disponibles :<\/strong> Rouge, noir, blanc, gris, bleu et vert.<\/li>\n<li><strong>Compatibilit\u00e9 :<\/strong> Convient \u00e0 la plupart des leviers de vitesse standard.<\/li>\n<\/ul>\n<p>&nbsp;<\/p>\n<hr \/>\n<p><strong>Pourquoi choisir le sweat-shirt Mini Shift Lever ?<\/strong> Cet accessoire ne se contente pas d'am\u00e9liorer l'esth\u00e9tique de votre voiture, il la personnalise \u00e9galement de mani\u00e8re amusante et cr\u00e9ative. Il est id\u00e9al pour ceux qui veulent se d\u00e9marquer et transformer leur voiture en un reflet de leur style unique. C'est \u00e9galement un cadeau id\u00e9al pour les amateurs de voitures et les passionn\u00e9s de d\u00e9tails innovants.<\/p>\n<p><strong>Rendez chaque changement de vitesse plus excitant avec ce mini sweat \u00e0 capuche ! Personnalisez votre v\u00e9hicule et ajoutez une touche sp\u00e9ciale d\u00e8s aujourd'hui - achetez maintenant et surprenez tout le monde avec cet accessoire automobile original !<\/strong><\/p>","protected":false},"excerpt":{"rendered":"<div class=\"flex max-w-full flex-col flex-grow\">\n<div class=\"min-h-8 text-message flex w-full flex-col items-end gap-2 whitespace-normal break-words text-start [.text-message+&amp;]:mt-5\" dir=\"auto\" data-message-author-role=\"assistant\" data-message-id=\"6a7a0627-521d-4290-b31f-5f57f69ab514\" data-message-model-slug=\"gpt-4o\">\n<div class=\"flex w-full flex-col gap-1 empty:hidden first:pt-[3px]\">\n<div class=\"markdown prose w-full break-words dark:prose-invert light\">\n<p>Donnez \u00e0 votre voiture une touche unique gr\u00e2ce \u00e0 ce mini sweat \u00e0 capuche pour levier de vitesse ! Prot\u00e9gez et personnalisez avec style - choisissez votre couleur pr\u00e9f\u00e9r\u00e9e et achetez maintenant !<\/p>\n<\/div>\n<\/div>\n<\/div>\n<\/div>","protected":false},"featured_media":275,"comment_status":"open","ping_status":"closed","template":"","meta":[],"product_brand":[],"product_cat":[24],"product_tag":[],"class_list":{"0":"post-274","1":"product","2":"type-product","3":"status-publish","4":"has-post-thumbnail","6":"product_cat-decoracion","8":"first","9":"instock","10":"shipping-taxable","11":"purchasable","12":"product-type-variable"},"aioseo_notices":[],"jetpack_sharing_enabled":true,"_links":{"self":[{"href":"https:\/\/gadgetingcar.com\/fr\/wp-json\/wp\/v2\/product\/274","targetHints":{"allow":["GET"]}}],"collection":[{"href":"https:\/\/gadgetingcar.com\/fr\/wp-json\/wp\/v2\/product"}],"about":[{"href":"https:\/\/gadgetingcar.com\/fr\/wp-json\/wp\/v2\/types\/product"}],"replies":[{"embeddable":true,"href":"https:\/\/gadgetingcar.com\/fr\/wp-json\/wp\/v2\/comments?post=274"}],"wp:featuredmedia":[{"embeddable":true,"href":"https:\/\/gadgetingcar.com\/fr\/wp-json\/wp\/v2\/media\/275"}],"wp:attachment":[{"href":"https:\/\/gadgetingcar.com\/fr\/wp-json\/wp\/v2\/media?parent=274"}],"wp:term":[{"taxonomy":"product_brand","embeddable":true,"href":"https:\/\/gadgetingcar.com\/fr\/wp-json\/wp\/v2\/product_brand?post=274"},{"taxonomy":"product_cat","embeddable":true,"href":"https:\/\/gadgetingcar.com\/fr\/wp-json\/wp\/v2\/product_cat?post=274"},{"taxonomy":"product_tag","embeddable":true,"href":"https:\/\/gadgetingcar.com\/fr\/wp-json\/wp\/v2\/product_tag?post=274"}],"curies":[{"name":"wp","href":"https:\/\/api.w.org\/{rel}","templated":true}]}}