{"id":350,"date":"2024-12-14T16:51:33","date_gmt":"2024-12-14T16:51:33","guid":{"rendered":"https:\/\/gadgetingcar.com\/?post_type=product&#038;p=350"},"modified":"2025-10-31T20:06:53","modified_gmt":"2025-10-31T20:06:53","slug":"spray-hydrofuge","status":"publish","type":"product","link":"https:\/\/gadgetingcar.com\/fr\/product\/spray-hydrofuge\/","title":{"rendered":"Spray hydrofuge"},"content":{"rendered":"<div class=\"flex max-w-full flex-col flex-grow\">\n<div class=\"min-h-8 text-message flex w-full flex-col items-end gap-2 whitespace-normal break-words text-start [.text-message+&amp;]:mt-5\" dir=\"auto\" data-message-author-role=\"assistant\" data-message-id=\"9d958649-3360-4793-99e5-3b21de853461\" data-message-model-slug=\"gpt-4o\">\n<div class=\"flex w-full flex-col gap-1 empty:hidden first:pt-[3px]\">\n<div class=\"markdown prose w-full break-words dark:prose-invert light\">\n<p><strong>Spray hydrofuge : une protection efficace et durable pour vos surfaces<\/strong><\/p>\n<p><strong>Caract\u00e9ristiques principales :<\/strong><\/p>\n<ul>\n<li><strong>Imperm\u00e9abilit\u00e9 avanc\u00e9e :<\/strong> Ce spray cr\u00e9e une couche protectrice qui emp\u00eache l&#039;eau d&#039;adh\u00e9rer \u00e0 toute surface, offrant une protection durable contre l&#039;humidit\u00e9 et les liquides.<\/li>\n<li><strong>Utilisation polyvalente\u00a0:<\/strong> Id\u00e9al pour diverses surfaces, notamment le verre, les miroirs, les pare-brise, les v\u00eatements, les chaussures, etc. Gardez vos affaires au sec et prot\u00e9g\u00e9es par tous les temps.<\/li>\n<li><strong>Application facile\u00a0:<\/strong> Il suffit de vaporiser le produit sur une surface propre et s\u00e8che et de le laisser agir. Sa formule \u00e0 s\u00e9chage rapide garantit des r\u00e9sultats imm\u00e9diats et durables.<\/li>\n<li><strong>Protection transparente :<\/strong> Il ne modifie ni l&#039;aspect ni la texture des surfaces trait\u00e9es, laissant une finition propre et invisible.<\/li>\n<li><strong>Durabilit\u00e9 extr\u00eame :<\/strong> Il r\u00e9siste \u00e0 l&#039;usure quotidienne et conserve son effet hydrofuge m\u00eame apr\u00e8s une utilisation continue.<\/li>\n<\/ul>\n<p>&nbsp;<\/p>\n<hr \/>\n<p><strong>Sp\u00e9cifications du produit :<\/strong><\/p>\n<ul>\n<li><strong>Contenu:<\/strong> Spray hydrofuge.<\/li>\n<li><strong>Application:<\/strong> Compatible avec le verre, le plastique, le m\u00e9tal, le tissu, le cuir et bien plus encore.<\/li>\n<li><strong>Formule:<\/strong> Non toxique et respectueux de l&#039;environnement, sans danger pour une utilisation int\u00e9rieure et ext\u00e9rieure.<\/li>\n<\/ul>\n<p>&nbsp;<\/p>\n<hr \/>\n<p><strong>Pourquoi choisir ce spray hydrofuge ?<\/strong><\/p>\n<p>Prot\u00e9gez vos affaires de l&#039;humidit\u00e9 et prolongez leur dur\u00e9e de vie gr\u00e2ce \u00e0 ce spray hydrofuge innovant. Il est id\u00e9al pour les conducteurs souhaitant une meilleure visibilit\u00e9 par temps de pluie ou pour prot\u00e9ger v\u00eatements et accessoires de la pluie et des taches.<\/p>\n<p><strong>Ne laissez pas l&#039;eau vous g\u00eaner ! Achetez maintenant et profitez d&#039;une protection impeccable contre l&#039;humidit\u00e9.<\/strong><\/p>\n<\/div>\n<\/div>\n<\/div>\n<\/div>\n<div class=\"mb-2 flex gap-3 empty:hidden -ml-2\">\n<div class=\"items-center justify-start rounded-xl p-1 flex\">\n<div class=\"flex items-center\">\n<p>&nbsp;<\/p>\n<div class=\"flex\"><\/div>\n<div class=\"flex items-center pb-0\"><\/div>\n<\/div>\n<\/div>\n<\/div>","protected":false},"excerpt":{"rendered":"<p>Spray Repelente de Agua: Protecci\u00f3n Efectiva y Duradera para Tus Superficies Caracter\u00edsticas Principales: Repelencia Avanzada al Agua: Este spray crea una capa protectora que evita que el agua se adhiera a cualquier superficie, proporcionando una protecci\u00f3n duradera contra la humedad y los l\u00edquidos. Uso Vers\u00e1til: Ideal para una variedad de superficies, como vidrio, espejos, parabrisas, [&hellip;]<\/p>","protected":false},"featured_media":352,"comment_status":"open","ping_status":"closed","template":"","meta":[],"product_brand":[],"product_cat":[23],"product_tag":[],"class_list":{"0":"post-350","1":"product","2":"type-product","3":"status-publish","4":"has-post-thumbnail","6":"product_cat-accesorios","8":"first","9":"instock","10":"shipping-taxable","11":"purchasable","12":"product-type-variable"},"aioseo_notices":[],"jetpack_sharing_enabled":true,"_links":{"self":[{"href":"https:\/\/gadgetingcar.com\/fr\/wp-json\/wp\/v2\/product\/350","targetHints":{"allow":["GET"]}}],"collection":[{"href":"https:\/\/gadgetingcar.com\/fr\/wp-json\/wp\/v2\/product"}],"about":[{"href":"https:\/\/gadgetingcar.com\/fr\/wp-json\/wp\/v2\/types\/product"}],"replies":[{"embeddable":true,"href":"https:\/\/gadgetingcar.com\/fr\/wp-json\/wp\/v2\/comments?post=350"}],"wp:featuredmedia":[{"embeddable":true,"href":"https:\/\/gadgetingcar.com\/fr\/wp-json\/wp\/v2\/media\/352"}],"wp:attachment":[{"href":"https:\/\/gadgetingcar.com\/fr\/wp-json\/wp\/v2\/media?parent=350"}],"wp:term":[{"taxonomy":"product_brand","embeddable":true,"href":"https:\/\/gadgetingcar.com\/fr\/wp-json\/wp\/v2\/product_brand?post=350"},{"taxonomy":"product_cat","embeddable":true,"href":"https:\/\/gadgetingcar.com\/fr\/wp-json\/wp\/v2\/product_cat?post=350"},{"taxonomy":"product_tag","embeddable":true,"href":"https:\/\/gadgetingcar.com\/fr\/wp-json\/wp\/v2\/product_tag?post=350"}],"curies":[{"name":"wp","href":"https:\/\/api.w.org\/{rel}","templated":true}]}}