{"id":362,"date":"2024-12-14T18:16:38","date_gmt":"2024-12-14T18:16:38","guid":{"rendered":"https:\/\/gadgetingcar.com\/?post_type=product&#038;p=362"},"modified":"2025-10-15T20:33:50","modified_gmt":"2025-10-15T20:33:50","slug":"cendrier-de-voiture-avec-led","status":"publish","type":"product","link":"https:\/\/gadgetingcar.com\/fr\/product\/cendrier-de-voiture-avec-led\/","title":{"rendered":"Cendrier de voiture, avec LED"},"content":{"rendered":"<p><strong>Caract\u00e9ristiques principales :<\/strong><\/p>\n<ul>\n<li><strong>\u00c9clairage LED int\u00e9gr\u00e9\u00a0:<\/strong> Une douce lumi\u00e8re bleue qui permet une utilisation dans l&#039;obscurit\u00e9, id\u00e9ale pour la conduite de nuit.<\/li>\n<li><strong>Conception multifonctionnelle :<\/strong> Il sert \u00e0 la fois de cendrier, de poubelle et de bo\u00eete \u00e0 monnaie.<\/li>\n<li><strong>Couvercle herm\u00e9tique :<\/strong> Il emp\u00eache la propagation des odeurs et maintient l&#039;int\u00e9rieur de la voiture frais.<\/li>\n<li><strong>Facile \u00e0 nettoyer :<\/strong> Fabriqu\u00e9 avec des mat\u00e9riaux r\u00e9sistants \u00e0 la chaleur et faciles d&#039;entretien.<\/li>\n<li><strong>Compatibilit\u00e9 universelle\u00a0:<\/strong> Con\u00e7u pour s&#039;adapter \u00e0 la plupart des porte-gobelets et des v\u00e9hicules.<\/li>\n<\/ul>\n<p><strong>Caract\u00e9ristiques :<\/strong><\/p>\n<ul>\n<li><strong>Mat\u00e9riau :<\/strong> Plastique ABS de haute qualit\u00e9 et r\u00e9sistant \u00e0 la chaleur<\/li>\n<li><strong>Dimensions:<\/strong> Compatible avec la plupart des porte-gobelets standard<\/li>\n<li><strong>Foudre:<\/strong> LED \u00e0 lumi\u00e8re bleue douce<\/li>\n<li><strong>Couleurs disponibles :<\/strong> Noir<\/li>\n<li><strong>Poids:<\/strong> 80 g<\/li>\n<li><strong>Taille:<\/strong> 6,9 x 6,9 x 11,2 cm<\/li>\n<li><strong>Utiliser:<\/strong> Cendrier, poubelle et petit espace de rangement<\/li>\n<\/ul>\n<p><strong>Pourquoi ce produit ?<\/strong><br \/>\nLe cendrier de voiture \u00e0 LED est un accessoire indispensable pour garder votre v\u00e9hicule propre et organis\u00e9. Son \u00e9clairage LED permet une utilisation pratique m\u00eame en faible luminosit\u00e9, tandis que son design \u00e9l\u00e9gant et fonctionnel s&#039;int\u00e8gre parfaitement \u00e0 tout int\u00e9rieur. De plus, son couvercle herm\u00e9tique garantit un environnement sans odeur ni cendres.<\/p>","protected":false},"excerpt":{"rendered":"<p>Cendrier de voiture universel \u00e0 LED avec couvercle herm\u00e9tique, rangement fonctionnel et porte-gobelet compact.<\/p>","protected":false},"featured_media":363,"comment_status":"open","ping_status":"closed","template":"","meta":[],"product_brand":[],"product_cat":[23],"product_tag":[],"class_list":{"0":"post-362","1":"product","2":"type-product","3":"status-publish","4":"has-post-thumbnail","6":"product_cat-accesorios","8":"first","9":"instock","10":"shipping-taxable","11":"purchasable","12":"product-type-simple"},"aioseo_notices":[],"jetpack_sharing_enabled":true,"_links":{"self":[{"href":"https:\/\/gadgetingcar.com\/fr\/wp-json\/wp\/v2\/product\/362","targetHints":{"allow":["GET"]}}],"collection":[{"href":"https:\/\/gadgetingcar.com\/fr\/wp-json\/wp\/v2\/product"}],"about":[{"href":"https:\/\/gadgetingcar.com\/fr\/wp-json\/wp\/v2\/types\/product"}],"replies":[{"embeddable":true,"href":"https:\/\/gadgetingcar.com\/fr\/wp-json\/wp\/v2\/comments?post=362"}],"wp:featuredmedia":[{"embeddable":true,"href":"https:\/\/gadgetingcar.com\/fr\/wp-json\/wp\/v2\/media\/363"}],"wp:attachment":[{"href":"https:\/\/gadgetingcar.com\/fr\/wp-json\/wp\/v2\/media?parent=362"}],"wp:term":[{"taxonomy":"product_brand","embeddable":true,"href":"https:\/\/gadgetingcar.com\/fr\/wp-json\/wp\/v2\/product_brand?post=362"},{"taxonomy":"product_cat","embeddable":true,"href":"https:\/\/gadgetingcar.com\/fr\/wp-json\/wp\/v2\/product_cat?post=362"},{"taxonomy":"product_tag","embeddable":true,"href":"https:\/\/gadgetingcar.com\/fr\/wp-json\/wp\/v2\/product_tag?post=362"}],"curies":[{"name":"wp","href":"https:\/\/api.w.org\/{rel}","templated":true}]}}