{"id":560,"date":"2024-12-21T16:03:25","date_gmt":"2024-12-21T16:03:25","guid":{"rendered":"https:\/\/gadgetingcar.com\/producto\/coche-de-drift-toyota-ae-86\/"},"modified":"2025-09-15T05:49:27","modified_gmt":"2025-09-15T05:49:27","slug":"toyota-ae-86-voiture-de-drift","status":"publish","type":"product","link":"https:\/\/gadgetingcar.com\/fr\/product\/toyota-ae-86-voiture-de-drift\/","title":{"rendered":"Voiture de drift, Toyota AE 86"},"content":{"rendered":"<p>Caract\u00e9ristiques principales :<br \/>\nDesign r\u00e9aliste et d\u00e9tails soign\u00e9s\u00a0: cette voiture de drift rotative arbore un look ultra-r\u00e9aliste, avec des pi\u00e8ces mobiles comme les roues et les porti\u00e8res, pour une exp\u00e9rience authentique et captivante. Son int\u00e9rieur d\u00e9taill\u00e9 ravira les passionn\u00e9s d\u2019automobile, chaque \u00e9l\u00e9ment \u00e9tant con\u00e7u avec une pr\u00e9cision remarquable.<br \/>\nId\u00e9al pour les passionn\u00e9s : Parfait pour les amoureux des voitures haut de gamme et des mod\u00e8les embl\u00e9matiques. Collectionneur, amateur d&#039;automobile ou simplement \u00e0 la recherche d&#039;une touche unique pour votre voiture ou votre int\u00e9rieur, cet ornement est fait pour vous.<\/p>\n<p>Une exp\u00e9rience de conduite renouvel\u00e9e\u00a0: donnez une touche de fra\u00eecheur et de dynamisme \u00e0 votre conduite. Cet accessoire, au design moderne et vibrant, embellit votre v\u00e9hicule et suscite l\u2019\u00e9motion.<\/p>\n<p>Cadeau id\u00e9al\u00a0: Surprenez vos amis ou vos proches passionn\u00e9s d\u2019automobile. Cette voiture de drift est un cadeau unique et m\u00e9morable qui sera assur\u00e9ment appr\u00e9ci\u00e9 des amateurs de mod\u00e8les r\u00e9duits.<\/p>\n<p>Sp\u00e9cifications du produit :<br \/>\nMod\u00e8les disponibles : Toyota AE 86<br \/>\nContient : 1 voiture, 1 support d&#039;exposition pliable pour le drift, 2 tubes de colle suppl\u00e9mentaires.<br \/>\nMat\u00e9riau : Alignement m\u00e9tallique.<\/p>\n<p>Remarque importante\u00a0:<br \/>\nCe produit est fabriqu\u00e9 avec un grand souci du d\u00e9tail, mais en raison de la mesure manuelle, de l\u00e9g\u00e8res variations de taille (1 \u00e0 2 cm) peuvent survenir. De plus, les couleurs peuvent l\u00e9g\u00e8rement varier selon les r\u00e9glages de votre \u00e9cran.<\/p>","protected":false},"excerpt":{"rendered":"<p>Caracter\u00edsticas Principales: Dise\u00f1o Realista y Detalles Meticulosos: Este coche giratorio de drift cuenta con un aspecto ultra realista que incluye piezas m\u00f3viles como ruedas y puertas, lo que le da un toque aut\u00e9ntico y fascinante. El interior detallado har\u00e1 las delicias de los amantes de los autom\u00f3viles, asegurando que cada elemento est\u00e9 dise\u00f1ado con precisi\u00f3n. [&hellip;]<\/p>","protected":false},"featured_media":559,"comment_status":"open","ping_status":"closed","template":"","meta":[],"product_brand":[],"product_cat":[15],"product_tag":[],"class_list":{"0":"post-560","1":"product","2":"type-product","3":"status-publish","4":"has-post-thumbnail","6":"product_cat-sin-categorizar","8":"first","9":"instock","10":"shipping-taxable","11":"purchasable","12":"product-type-simple"},"aioseo_notices":[],"jetpack_sharing_enabled":true,"_links":{"self":[{"href":"https:\/\/gadgetingcar.com\/fr\/wp-json\/wp\/v2\/product\/560","targetHints":{"allow":["GET"]}}],"collection":[{"href":"https:\/\/gadgetingcar.com\/fr\/wp-json\/wp\/v2\/product"}],"about":[{"href":"https:\/\/gadgetingcar.com\/fr\/wp-json\/wp\/v2\/types\/product"}],"replies":[{"embeddable":true,"href":"https:\/\/gadgetingcar.com\/fr\/wp-json\/wp\/v2\/comments?post=560"}],"wp:featuredmedia":[{"embeddable":true,"href":"https:\/\/gadgetingcar.com\/fr\/wp-json\/wp\/v2\/media\/559"}],"wp:attachment":[{"href":"https:\/\/gadgetingcar.com\/fr\/wp-json\/wp\/v2\/media?parent=560"}],"wp:term":[{"taxonomy":"product_brand","embeddable":true,"href":"https:\/\/gadgetingcar.com\/fr\/wp-json\/wp\/v2\/product_brand?post=560"},{"taxonomy":"product_cat","embeddable":true,"href":"https:\/\/gadgetingcar.com\/fr\/wp-json\/wp\/v2\/product_cat?post=560"},{"taxonomy":"product_tag","embeddable":true,"href":"https:\/\/gadgetingcar.com\/fr\/wp-json\/wp\/v2\/product_tag?post=560"}],"curies":[{"name":"wp","href":"https:\/\/api.w.org\/{rel}","templated":true}]}}