{"id":59,"date":"2024-12-09T15:55:59","date_gmt":"2024-12-09T15:55:59","guid":{"rendered":"https:\/\/gadgetingcar.com\/?post_type=product&#038;p=59"},"modified":"2024-12-15T11:01:40","modified_gmt":"2024-12-15T11:01:40","slug":"porsche-drift-en-rotation","status":"publish","type":"product","link":"https:\/\/gadgetingcar.com\/fr\/product\/porsche-drift-en-rotation\/","title":{"rendered":"Voiture de drift rotative, Porsche"},"content":{"rendered":"<p><strong>Caract\u00e9ristiques principales :<\/strong><\/p>\n<ul>\n<li><strong>Conception r\u00e9aliste et d\u00e9tails m\u00e9ticuleux\u00a0:<\/strong> Cette voiture de drift rotative arbore un look ultra-r\u00e9aliste, avec des pi\u00e8ces mobiles comme les roues et les porti\u00e8res, pour une exp\u00e9rience authentique et captivante. Son int\u00e9rieur d\u00e9taill\u00e9 ravira les passionn\u00e9s d&#039;automobile, chaque \u00e9l\u00e9ment \u00e9tant r\u00e9alis\u00e9 avec une pr\u00e9cision remarquable.<\/li>\n<li><strong>Id\u00e9al pour les fans et les passionn\u00e9s\u00a0:<\/strong> Parfait pour les passionn\u00e9s de voitures haut de gamme et de mod\u00e8les embl\u00e9matiques. Collectionneur, amateur d&#039;automobile ou simplement \u00e0 la recherche d&#039;une touche unique pour votre voiture ou votre int\u00e9rieur, cet ornement est fait pour vous.<\/li>\n<li><strong>Exp\u00e9rience de conduite renouvel\u00e9e\u00a0:<\/strong> Donnez une touche de fra\u00eecheur et de dynamisme \u00e0 votre exp\u00e9rience de conduite. Cet accessoire, au design moderne et vibrant, ne se contente pas d&#039;embellir votre v\u00e9hicule, il suscite \u00e9galement des \u00e9motions.<\/li>\n<li><strong>Cadeau id\u00e9al :<\/strong> Surprenez vos amis ou vos proches passionn\u00e9s d&#039;automobile. Cette voiture de drift est un cadeau unique et m\u00e9morable qui sera assur\u00e9ment appr\u00e9ci\u00e9 des amateurs de mod\u00e8les r\u00e9duits.<\/li>\n<\/ul>\n<p>&nbsp;<\/p>\n<hr \/>\n<p><strong>Sp\u00e9cifications du produit :<\/strong><\/p>\n<ul>\n<li><strong>Styles disponibles\u00a0:<\/strong> Porsche 911<\/li>\n<li><strong>Couleurs disponibles : <\/strong>Bleu, rouge, vert et blanc.<\/li>\n<li><strong>Comprend :<\/strong> 1 voiture, 1 support d&#039;exposition pliable pour drift, 2 tubes de colle suppl\u00e9mentaires.<\/li>\n<li><strong>Mat\u00e9riau :<\/strong> Alignement des m\u00e9taux.<\/li>\n<\/ul>\n<p>&nbsp;<\/p>\n<hr \/>\n<p><strong>Remarque importante\u00a0:<\/strong><br \/>\nCe produit est fabriqu\u00e9 avec un grand souci du d\u00e9tail, mais en raison de la mesure manuelle, de l\u00e9g\u00e8res variations de taille (1 \u00e0 2 cm) peuvent survenir. De plus, les couleurs peuvent l\u00e9g\u00e8rement varier selon les r\u00e9glages de votre \u00e9cran.<\/p>","protected":false},"excerpt":{"rendered":"<div class=\"flex max-w-full flex-col flex-grow\">\n<div class=\"min-h-8 text-message flex w-full flex-col items-end gap-2 whitespace-normal break-words text-start [.text-message+&amp;]:mt-5\" dir=\"auto\" data-message-author-role=\"assistant\" data-message-id=\"c4359df1-a71e-45c2-bbfa-7700ae9f510c\" data-message-model-slug=\"gpt-4o\">\n<div class=\"flex w-full flex-col gap-1 empty:hidden first:pt-[3px]\">\n<div class=\"markdown prose w-full break-words dark:prose-invert light\">\n<p>Transformez votre voiture ou votre espace avec cette voiture de drift rotative unique en son genre\u00a0! Avec son design r\u00e9aliste, ses couleurs \u00e9clatantes et ses pi\u00e8ces mobiles, c&#039;est le cadeau id\u00e9al pour les passionn\u00e9s d&#039;automobile. Apportez une touche d&#039;originalit\u00e9 et de modernit\u00e9 \u00e0 votre quotidien.<\/p>\n<\/div>\n<\/div>\n<\/div>\n<\/div>","protected":false},"featured_media":71,"comment_status":"open","ping_status":"closed","template":"","meta":[],"product_brand":[],"product_cat":[18],"product_tag":[],"class_list":{"0":"post-59","1":"product","2":"type-product","3":"status-publish","4":"has-post-thumbnail","6":"product_cat-juguetes","8":"first","9":"instock","10":"shipping-taxable","11":"purchasable","12":"product-type-variable"},"aioseo_notices":[],"jetpack_sharing_enabled":true,"_links":{"self":[{"href":"https:\/\/gadgetingcar.com\/fr\/wp-json\/wp\/v2\/product\/59","targetHints":{"allow":["GET"]}}],"collection":[{"href":"https:\/\/gadgetingcar.com\/fr\/wp-json\/wp\/v2\/product"}],"about":[{"href":"https:\/\/gadgetingcar.com\/fr\/wp-json\/wp\/v2\/types\/product"}],"replies":[{"embeddable":true,"href":"https:\/\/gadgetingcar.com\/fr\/wp-json\/wp\/v2\/comments?post=59"}],"wp:featuredmedia":[{"embeddable":true,"href":"https:\/\/gadgetingcar.com\/fr\/wp-json\/wp\/v2\/media\/71"}],"wp:attachment":[{"href":"https:\/\/gadgetingcar.com\/fr\/wp-json\/wp\/v2\/media?parent=59"}],"wp:term":[{"taxonomy":"product_brand","embeddable":true,"href":"https:\/\/gadgetingcar.com\/fr\/wp-json\/wp\/v2\/product_brand?post=59"},{"taxonomy":"product_cat","embeddable":true,"href":"https:\/\/gadgetingcar.com\/fr\/wp-json\/wp\/v2\/product_cat?post=59"},{"taxonomy":"product_tag","embeddable":true,"href":"https:\/\/gadgetingcar.com\/fr\/wp-json\/wp\/v2\/product_tag?post=59"}],"curies":[{"name":"wp","href":"https:\/\/api.w.org\/{rel}","templated":true}]}}