{"id":707,"date":"2025-01-27T22:36:58","date_gmt":"2025-01-27T22:36:58","guid":{"rendered":"https:\/\/gadgetingcar.com\/?post_type=product&#038;p=707"},"modified":"2025-10-15T20:35:05","modified_gmt":"2025-10-15T20:35:05","slug":"tu-as-mal-gere-tes-cartes","status":"publish","type":"product","link":"https:\/\/gadgetingcar.com\/fr\/product\/tu-as-mal-gere-tes-cartes\/","title":{"rendered":"Cartes \"Tu t'es gar\u00e9 comme un con\"."},"content":{"rendered":"<div dir=\"auto\"><strong>Marre des pr\u00e9pos\u00e9s au stationnement d\u00e9sagr\u00e9ables\u00a0? Donnez-leur une le\u00e7on avec style\u00a0!\u00a0<\/strong><\/div>\n<div dir=\"auto\"><\/div>\n<div dir=\"auto\">Nous avons tous d\u00e9j\u00e0 vu ces voitures mal gar\u00e9es :<\/div>\n<div dir=\"auto\">\u2013 \u00c0 deux endroits en m\u00eame temps.<\/div>\n<div dir=\"auto\">\u2013 \u00c0 trente centim\u00e8tres de la ligne, comme s&#039;ils jouaient \u00e0 Tetris.<\/div>\n<div dir=\"auto\">\u2013 Ou en occupant directement la voie, vous emp\u00eachant m\u00eame de d\u00e9passer.<\/div>\n<div dir=\"auto\"><\/div>\n<div dir=\"auto\">Si vous avez d\u00e9j\u00e0 ressenti le besoin de remettre quelqu&#039;un \u00e0 sa place (ou simplement de vous d\u00e9fouler), ces cartes sont votre nouvelle arme secr\u00e8te. Fini les insultes silencieuses et les regards haineux\u00a0: laissez une carte, riez un bon coup et passez \u00e0 autre chose.<\/div>\n<div dir=\"auto\"><\/div>\n<div dir=\"auto\">\u25ca 100% Sarcasme garanti.<\/div>\n<div dir=\"auto\">\u25ca Plaisir garanti (pour vous, pas pour la personne qui le re\u00e7oit).<\/div>\n<div dir=\"auto\">\u25ca Le cadeau id\u00e9al pour les amis au caract\u00e8re difficile et aux bonnes valeurs routi\u00e8res.<\/div>\n<div dir=\"auto\"><\/div>\n<div dir=\"auto\"><strong>Commandez votre pack d\u00e8s maintenant et devenez le h\u00e9ros dont le trafic a besoin !<\/strong><\/div>\n<div dir=\"auto\"><\/div>\n<p>&nbsp;<\/p>","protected":false},"excerpt":{"rendered":"<p>Des cartes parfaites \u00e0 donner aux personnes qui ne savent pas se garer.<\/p>","protected":false},"featured_media":708,"comment_status":"open","ping_status":"closed","template":"","meta":[],"product_brand":[],"product_cat":[28],"product_tag":[],"class_list":{"0":"post-707","1":"product","2":"type-product","3":"status-publish","4":"has-post-thumbnail","6":"product_cat-tarjetas","8":"first","9":"instock","10":"sale","11":"shipping-taxable","12":"purchasable","13":"product-type-variable"},"aioseo_notices":[],"jetpack_sharing_enabled":true,"_links":{"self":[{"href":"https:\/\/gadgetingcar.com\/fr\/wp-json\/wp\/v2\/product\/707","targetHints":{"allow":["GET"]}}],"collection":[{"href":"https:\/\/gadgetingcar.com\/fr\/wp-json\/wp\/v2\/product"}],"about":[{"href":"https:\/\/gadgetingcar.com\/fr\/wp-json\/wp\/v2\/types\/product"}],"replies":[{"embeddable":true,"href":"https:\/\/gadgetingcar.com\/fr\/wp-json\/wp\/v2\/comments?post=707"}],"wp:featuredmedia":[{"embeddable":true,"href":"https:\/\/gadgetingcar.com\/fr\/wp-json\/wp\/v2\/media\/708"}],"wp:attachment":[{"href":"https:\/\/gadgetingcar.com\/fr\/wp-json\/wp\/v2\/media?parent=707"}],"wp:term":[{"taxonomy":"product_brand","embeddable":true,"href":"https:\/\/gadgetingcar.com\/fr\/wp-json\/wp\/v2\/product_brand?post=707"},{"taxonomy":"product_cat","embeddable":true,"href":"https:\/\/gadgetingcar.com\/fr\/wp-json\/wp\/v2\/product_cat?post=707"},{"taxonomy":"product_tag","embeddable":true,"href":"https:\/\/gadgetingcar.com\/fr\/wp-json\/wp\/v2\/product_tag?post=707"}],"curies":[{"name":"wp","href":"https:\/\/api.w.org\/{rel}","templated":true}]}}