{"id":15,"date":"2024-12-09T22:54:16","date_gmt":"2024-12-09T22:54:16","guid":{"rendered":"https:\/\/gadgetingcar.com\/?page_id=15"},"modified":"2024-12-09T22:56:50","modified_gmt":"2024-12-09T22:56:50","slug":"rimborso_rimborsi","status":"publish","type":"page","link":"https:\/\/gadgetingcar.com\/it\/rimborso_rimborsi\/","title":{"rendered":"Politica di restituzione e rimborso"},"content":{"rendered":"<div data-elementor-type=\"wp-page\" data-elementor-id=\"15\" class=\"elementor elementor-15\" data-elementor-post-type=\"page\">\n\t\t\t\t<div class=\"elementor-element elementor-element-575ff0b9 e-flex e-con-boxed e-con e-parent\" data-id=\"575ff0b9\" data-element_type=\"container\">\n\t\t\t\t\t<div class=\"e-con-inner\">\n\t\t\t\t<div class=\"elementor-element elementor-element-6f5aa490 elementor-widget elementor-widget-text-editor\" data-id=\"6f5aa490\" data-element_type=\"widget\" data-widget_type=\"text-editor.default\">\n\t\t\t\t<div class=\"elementor-widget-container\">\n\t\t\t\t\t\t\t\t\t<p>\u00a0<\/p>\n<p>\u00a0<\/p>\n<h1>Termini e condizioni d'uso<\/h1>\n<h2>Ambito di applicazione<\/h2>\n<p>Le presenti condizioni regolano l'utilizzo del sito web Gadgetingcar.com e le transazioni effettuate attraverso di esso.<\/p>\n<h2>Processo di acquisto<\/h2>\n<ol>\n<li>Selezionare i prodotti desiderati e aggiungerli al carrello.<\/li>\n<li>Completate il modulo con i vostri dati personali e selezionate un metodo di pagamento.<\/li>\n<li>Confermare l'ordine e ricevere un'e-mail con i dettagli.<\/li>\n<\/ol>\n<h2>Termini e condizioni di consegna<\/h2>\n<ul>\n<li>I prodotti vengono consegnati in un tempo stimato tra i 15 e i 45 giorni lavorativi, a seconda del fornitore.<\/li>\n<li>Gadgetingcar.com non \u00e8 responsabile dei ritardi causati dal fornitore o dalla dogana.<\/li>\n<\/ul>\n<h2>Limitazione di responsabilit\u00e0<\/h2>\n<ul>\n<li>Gadgetingcar.com non produce n\u00e9 immagazzina i prodotti offerti, agendo solo come intermediario tra il cliente e il fornitore.<\/li>\n<li>Non ci assumiamo alcuna responsabilit\u00e0 per problemi di qualit\u00e0 dei prodotti, consegne errate o ritardi imputabili al fornitore.<\/li>\n<\/ul>\n<h2>Modifiche<\/h2>\n<p>Ci riserviamo il diritto di modificare i prezzi, le condizioni di utilizzo e la politica commerciale senza preavviso.<\/p>\n<h1>Politica di restituzione e rimborso<\/h1>\n<h2>Termini e condizioni generali<\/h2>\n<ul>\n<li>Avete 14 giorni di tempo dal ricevimento del prodotto per richiedere un reso.<\/li>\n<li>Il prodotto deve essere restituito in perfette condizioni, non utilizzato e nella sua confezione originale.<\/li>\n<\/ul>\n<h2>Procedura per la restituzione<\/h2>\n<ol>\n<li>Scrivete a info@gadgetingcar.com spiegando il motivo della restituzione.<\/li>\n<li>Il nostro team valuter\u00e0 la vostra richiesta e vi fornir\u00e0 le istruzioni per la spedizione.<\/li>\n<li>Una volta ricevuto il prodotto, elaboreremo il rimborso entro 10 giorni lavorativi.<\/li>\n<\/ol>\n<h2>Rimborsi<\/h2>\n<ul>\n<li>I rimborsi vengono effettuati tramite lo stesso metodo di pagamento utilizzato per l'acquisto.<\/li>\n<li>Gadgetingcar.com non copre le spese di spedizione per i resi, a meno che il prodotto non sia difettoso o errato.<\/li>\n<\/ul>\n<h2>Prodotti difettosi o errati<\/h2>\n<p>Se il prodotto ricevuto \u00e8 difettoso o non corrisponde all'ordine, Gadgetingcar.com si assume i costi di restituzione e sostituzione.<\/p>\n<h2>Eccezioni<\/h2>\n<p>Alcuni prodotti possono essere soggetti alle politiche di restituzione del fornitore originale (AliExpress).<\/p>\t\t\t\t\t\t\t\t<\/div>\n\t\t\t\t<\/div>\n\t\t\t\t\t<\/div>\n\t\t\t\t<\/div>\n\t\t\t\t<\/div>","protected":false},"excerpt":{"rendered":"<p>\u00a0 \u00a0 T\u00e9rminos y Condiciones de Uso \u00c1mbito de aplicaci\u00f3n Estas condiciones regulan el uso del sitio web Gadgetingcar.com y las transacciones realizadas a trav\u00e9s de \u00e9l. Proceso de compra Selecciona los productos deseados y a\u00f1\u00e1delos al carrito. Completa el formulario con tus datos personales y selecciona un m\u00e9todo de pago. Confirma tu pedido y [&hellip;]<\/p>","protected":false},"author":1,"featured_media":0,"parent":0,"menu_order":0,"comment_status":"closed","ping_status":"closed","template":"","meta":{"footnotes":""},"class_list":["post-15","page","type-page","status-publish","hentry"],"aioseo_notices":[],"jetpack_sharing_enabled":true,"_links":{"self":[{"href":"https:\/\/gadgetingcar.com\/it\/wp-json\/wp\/v2\/pages\/15","targetHints":{"allow":["GET"]}}],"collection":[{"href":"https:\/\/gadgetingcar.com\/it\/wp-json\/wp\/v2\/pages"}],"about":[{"href":"https:\/\/gadgetingcar.com\/it\/wp-json\/wp\/v2\/types\/page"}],"author":[{"embeddable":true,"href":"https:\/\/gadgetingcar.com\/it\/wp-json\/wp\/v2\/users\/1"}],"replies":[{"embeddable":true,"href":"https:\/\/gadgetingcar.com\/it\/wp-json\/wp\/v2\/comments?post=15"}],"version-history":[{"count":3,"href":"https:\/\/gadgetingcar.com\/it\/wp-json\/wp\/v2\/pages\/15\/revisions"}],"predecessor-version":[{"id":219,"href":"https:\/\/gadgetingcar.com\/it\/wp-json\/wp\/v2\/pages\/15\/revisions\/219"}],"wp:attachment":[{"href":"https:\/\/gadgetingcar.com\/it\/wp-json\/wp\/v2\/media?parent=15"}],"curies":[{"name":"wp","href":"https:\/\/api.w.org\/{rel}","templated":true}]}}