{"id":1872,"date":"2025-11-25T21:20:40","date_gmt":"2025-11-25T21:20:40","guid":{"rendered":"https:\/\/gadgetingcar.com\/?post_type=product&#038;p=1872"},"modified":"2025-12-03T11:55:58","modified_gmt":"2025-12-03T11:55:58","slug":"supporto-per-telefono-da-auto-topk-con-clip-di-ventilazione-girevole-a-360-compatibile-con-custodie-spesse","status":"publish","type":"product","link":"https:\/\/gadgetingcar.com\/it\/product\/supporto-per-telefono-da-auto-topk-con-clip-di-ventilazione-girevole-a-360-compatibile-con-custodie-spesse\/","title":{"rendered":"Supporto per telefono da auto TOPK con clip per bocchetta dell&#039;aria, rotazione a 360\u00b0, compatibile con custodie spesse"},"content":{"rendered":"<p data-start=\"325\" data-end=\"779\"><strong data-start=\"325\" data-end=\"357\">Caratteristiche principali:<\/strong><br data-start=\"357\" data-end=\"360\" \/>Il supporto per telefono da auto TOPK offre una presa salda e sicura, anche per telefoni con custodie spesse. Progettato per essere fissato alle bocchette di ventilazione del veicolo, \u00e8 dotato di una clip a gancio migliorata per la massima stabilit\u00e0, ideale per viaggi su strada, strade sconnesse o curve strette. La sua rotazione a 360\u00b0 consente di regolare facilmente l&#039;angolo di visione, sia in modalit\u00e0 verticale che orizzontale.<\/p>\n<p data-start=\"781\" data-end=\"804\"><strong data-start=\"781\" data-end=\"802\">Specifiche:<\/strong><\/p>\n<ul data-start=\"805\" data-end=\"1288\">\n<li data-start=\"805\" data-end=\"820\">\n<p data-start=\"807\" data-end=\"820\">Marca: TOPK<\/p>\n<\/li>\n<li data-start=\"821\" data-end=\"932\">\n<p data-start=\"823\" data-end=\"932\">Compatibilit\u00e0: smartphone da 4 a 7 pollici (inclusi iPhone 14, 13, 12, SE, XS, XR, Samsung Galaxy, ecc.)<\/p>\n<\/li>\n<li data-start=\"933\" data-end=\"972\">\n<p data-start=\"935\" data-end=\"972\">Larghezza del supporto: da 6,5 cm a 10,7 cm<\/p>\n<\/li>\n<li data-start=\"973\" data-end=\"992\">\n<p data-start=\"975\" data-end=\"992\">Altezza: 13,4 cm<\/p>\n<\/li>\n<li data-start=\"993\" data-end=\"1068\">\n<p data-start=\"995\" data-end=\"1068\">Materiale: plastica resistente con cuscinetti in silicone antigraffio<\/p>\n<\/li>\n<li data-start=\"1069\" data-end=\"1134\">\n<p data-start=\"1071\" data-end=\"1134\">Montaggio: clip di ventilazione con gancio di serraggio rinforzato<\/p>\n<\/li>\n<li data-start=\"1135\" data-end=\"1214\">\n<p data-start=\"1137\" data-end=\"1214\">Regolazione: rotazione di 360\u00b0, bracci laterali regolabili e pulsante di sgancio rapido<\/p>\n<\/li>\n<li data-start=\"1215\" data-end=\"1288\">\n<p data-start=\"1217\" data-end=\"1288\">Utilizzo: Compatibile con griglie di ventilazione orizzontali e verticali<\/p>\n<\/li>\n<\/ul>\n<p data-start=\"1290\" data-end=\"1735\"><strong data-start=\"1290\" data-end=\"1317\">Perch\u00e9 questo prodotto?<\/strong><br data-start=\"1317\" data-end=\"1320\" \/>Questo supporto si distingue per la facilit\u00e0 d&#039;uso con una sola mano, la compatibilit\u00e0 con custodie ingombranti e un sistema di presa sicura che previene cadute accidentali. Protegge inoltre il telefono dai graffi grazie ai suoi cuscinetti in silicone e garantisce un&#039;esperienza di guida sicura e confortevole. \u00c8 la scelta ideale per chi cerca praticit\u00e0, resistenza e stabilit\u00e0 in un unico prodotto.<\/p>","protected":false},"excerpt":{"rendered":"<p data-start=\"1742\" data-end=\"1901\">Supporto per cellulare con fissaggio sicuro alla bocchetta di ventilazione, rotazione a 360\u00b0, compatibile con custodie spesse e regolazione con una sola mano.<\/p>","protected":false},"featured_media":1931,"comment_status":"open","ping_status":"closed","template":"","meta":[],"product_brand":[],"product_cat":[15],"product_tag":[],"class_list":{"0":"post-1872","1":"product","2":"type-product","3":"status-publish","4":"has-post-thumbnail","6":"product_cat-sin-categorizar","8":"first","9":"instock","10":"sale","11":"shipping-taxable","12":"purchasable","13":"product-type-simple"},"aioseo_notices":[],"jetpack_sharing_enabled":true,"_links":{"self":[{"href":"https:\/\/gadgetingcar.com\/it\/wp-json\/wp\/v2\/product\/1872","targetHints":{"allow":["GET"]}}],"collection":[{"href":"https:\/\/gadgetingcar.com\/it\/wp-json\/wp\/v2\/product"}],"about":[{"href":"https:\/\/gadgetingcar.com\/it\/wp-json\/wp\/v2\/types\/product"}],"replies":[{"embeddable":true,"href":"https:\/\/gadgetingcar.com\/it\/wp-json\/wp\/v2\/comments?post=1872"}],"wp:featuredmedia":[{"embeddable":true,"href":"https:\/\/gadgetingcar.com\/it\/wp-json\/wp\/v2\/media\/1931"}],"wp:attachment":[{"href":"https:\/\/gadgetingcar.com\/it\/wp-json\/wp\/v2\/media?parent=1872"}],"wp:term":[{"taxonomy":"product_brand","embeddable":true,"href":"https:\/\/gadgetingcar.com\/it\/wp-json\/wp\/v2\/product_brand?post=1872"},{"taxonomy":"product_cat","embeddable":true,"href":"https:\/\/gadgetingcar.com\/it\/wp-json\/wp\/v2\/product_cat?post=1872"},{"taxonomy":"product_tag","embeddable":true,"href":"https:\/\/gadgetingcar.com\/it\/wp-json\/wp\/v2\/product_tag?post=1872"}],"curies":[{"name":"wp","href":"https:\/\/api.w.org\/{rel}","templated":true}]}}