{"id":274,"date":"2024-12-10T14:41:58","date_gmt":"2024-12-10T14:41:58","guid":{"rendered":"https:\/\/gadgetingcar.com\/?post_type=product&#038;p=274"},"modified":"2026-03-29T01:27:50","modified_gmt":"2026-03-29T01:27:50","slug":"cappuccio-della-leva-del-cambio","status":"publish","type":"product","link":"https:\/\/gadgetingcar.com\/it\/product\/cappuccio-della-leva-del-cambio\/","title":{"rendered":"Cappuccio della leva del cambio"},"content":{"rendered":"<p><strong>Cappa del cambio mini: aggiungere un tocco divertente e alla moda alla vostra auto<\/strong><\/p>\n<p><strong>Caratteristiche principali:<\/strong><\/p>\n<ul>\n<li><strong>Design unico e creativo:<\/strong> Questa felpa con cappuccio con mini cambio non \u00e8 solo un accessorio, ma una dichiarazione di stile! Trasforma un elemento comune della vostra auto nel centro dell'attenzione con questo design originale e pieno di personalit\u00e0. Perfetto per chi vuole aggiungere un tocco unico e divertente agli interni della propria auto.<\/li>\n<li><strong>Protezione funzionale:<\/strong> Oltre all'aspetto estetico, questa copertura protegge la leva del cambio dall'usura quotidiana, dalla polvere e dai graffi. Contribuisce a mantenere l'auto pulita e curata, aggiungendo un dettaglio innovativo al design degli interni.<\/li>\n<li><strong>Variet\u00e0 di colori:<\/strong> Disponibile in un'ampia gamma di colori vivaci come rosso, nero, bianco, grigio, blu e verde, questa mini felpa si adatta perfettamente a qualsiasi stile o preferenza. Scegliete il vostro colore preferito o mescolatelo per creare un look dinamico per il vostro veicolo.<\/li>\n<li><strong>Materiale di alta qualit\u00e0:<\/strong> Realizzato in tessuto morbido e resistente, questo rivestimento \u00e8 durevole e facile da pulire. Il suo design garantisce il comfort al tatto e la facilit\u00e0 di installazione e rimozione, per una maggiore comodit\u00e0.<\/li>\n<\/ul>\n<p>&nbsp;<\/p>\n<hr \/>\n<p><strong>Specifiche del prodotto:<\/strong><\/p>\n<ul>\n<li><strong>Materiale:<\/strong> Tessuto morbido e resistente per un'esperienza confortevole e duratura.<\/li>\n<li><strong>Colori disponibili:<\/strong> Rosso, nero, bianco, grigio, blu e verde.<\/li>\n<li><strong>Compatibilit\u00e0:<\/strong> Si adatta alla maggior parte delle leve del cambio standard.<\/li>\n<\/ul>\n<p>&nbsp;<\/p>\n<hr \/>\n<p><strong>Perch\u00e9 scegliere la felpa Mini Shift Lever?<\/strong> Questo accessorio non solo migliora l'estetica dell'auto, ma la personalizza in modo divertente e creativo. \u00c8 ideale per chi vuole distinguersi e trasformare la propria auto in un riflesso del proprio stile unico. \u00c8 anche un regalo perfetto per gli amanti delle auto e per gli appassionati di dettagli innovativi.<\/p>\n<p><strong>Rendete pi\u00f9 emozionante ogni cambio di marcia con questa mini felpa con cappuccio! Personalizzate il vostro veicolo e aggiungete un tocco speciale: acquistate ora e sorprendete tutti con questo originale accessorio automobilistico!<\/strong><\/p>","protected":false},"excerpt":{"rendered":"<div class=\"flex max-w-full flex-col flex-grow\">\n<div class=\"min-h-8 text-message flex w-full flex-col items-end gap-2 whitespace-normal break-words text-start [.text-message+&amp;]:mt-5\" dir=\"auto\" data-message-author-role=\"assistant\" data-message-id=\"6a7a0627-521d-4290-b31f-5f57f69ab514\" data-message-model-slug=\"gpt-4o\">\n<div class=\"flex w-full flex-col gap-1 empty:hidden first:pt-[3px]\">\n<div class=\"markdown prose w-full break-words dark:prose-invert light\">\n<p>Dai un tocco unico alla tua auto con questa divertente mini felpa con cappuccio per il cambio! Proteggi e personalizza con stile: scegli il tuo colore preferito e acquista subito!<\/p>\n<\/div>\n<\/div>\n<\/div>\n<\/div>","protected":false},"featured_media":275,"comment_status":"open","ping_status":"closed","template":"","meta":[],"product_brand":[],"product_cat":[24],"product_tag":[],"class_list":{"0":"post-274","1":"product","2":"type-product","3":"status-publish","4":"has-post-thumbnail","6":"product_cat-decoracion","8":"first","9":"instock","10":"shipping-taxable","11":"purchasable","12":"product-type-variable"},"aioseo_notices":[],"jetpack_sharing_enabled":true,"_links":{"self":[{"href":"https:\/\/gadgetingcar.com\/it\/wp-json\/wp\/v2\/product\/274","targetHints":{"allow":["GET"]}}],"collection":[{"href":"https:\/\/gadgetingcar.com\/it\/wp-json\/wp\/v2\/product"}],"about":[{"href":"https:\/\/gadgetingcar.com\/it\/wp-json\/wp\/v2\/types\/product"}],"replies":[{"embeddable":true,"href":"https:\/\/gadgetingcar.com\/it\/wp-json\/wp\/v2\/comments?post=274"}],"wp:featuredmedia":[{"embeddable":true,"href":"https:\/\/gadgetingcar.com\/it\/wp-json\/wp\/v2\/media\/275"}],"wp:attachment":[{"href":"https:\/\/gadgetingcar.com\/it\/wp-json\/wp\/v2\/media?parent=274"}],"wp:term":[{"taxonomy":"product_brand","embeddable":true,"href":"https:\/\/gadgetingcar.com\/it\/wp-json\/wp\/v2\/product_brand?post=274"},{"taxonomy":"product_cat","embeddable":true,"href":"https:\/\/gadgetingcar.com\/it\/wp-json\/wp\/v2\/product_cat?post=274"},{"taxonomy":"product_tag","embeddable":true,"href":"https:\/\/gadgetingcar.com\/it\/wp-json\/wp\/v2\/product_tag?post=274"}],"curies":[{"name":"wp","href":"https:\/\/api.w.org\/{rel}","templated":true}]}}