{"id":560,"date":"2024-12-21T16:03:25","date_gmt":"2024-12-21T16:03:25","guid":{"rendered":"https:\/\/gadgetingcar.com\/producto\/coche-de-drift-toyota-ae-86\/"},"modified":"2025-09-15T05:49:27","modified_gmt":"2025-09-15T05:49:27","slug":"auto-da-drift-toyota-ae-86","status":"publish","type":"product","link":"https:\/\/gadgetingcar.com\/it\/product\/auto-da-drift-toyota-ae-86\/","title":{"rendered":"Auto da drift, Toyota AE 86"},"content":{"rendered":"<p>Caratteristiche principali:<br \/>\nDesign realistico e dettagli meticolosi: questa auto da drift rotante vanta un aspetto ultra realistico, comprese le parti mobili come ruote e portiere, che le conferiscono un aspetto autentico e accattivante. Gli interni dettagliati delizieranno gli appassionati di auto, assicurando che ogni elemento sia realizzato con precisione.<br \/>\nIdeale per appassionati e fan: perfetto per chi ama le auto di lusso e i modelli iconici. Che tu sia un collezionista, un appassionato di auto o semplicemente desideri un tocco unico per la tua auto o il tuo spazio, questo ornamento \u00e8 l&#039;ideale per te.<\/p>\n<p>Esperienza di guida rinnovata: aggiungi un tocco fresco e dinamico alla tua esperienza di guida. Questo accessorio non solo decora, ma evoca anche emozioni con il suo design vivace e moderno.<\/p>\n<p>Regalo perfetto: sorprendi i tuoi amici o i tuoi cari appassionati di auto. Questa auto da drift \u00e8 un regalo unico e memorabile che sar\u00e0 sicuramente apprezzato da chi ama i modellini di automobili.<\/p>\n<p>Specifiche del prodotto:<br \/>\nStili disponibili: Toyota AE 86<br \/>\nInclude: 1 auto, 1 espositore pieghevole per drift, 2 colle extra.<br \/>\nMateriale: Allineamento in metallo.<\/p>\n<p>Nota importante:<br \/>\nQuesto prodotto \u00e8 realizzato con grande attenzione ai dettagli, ma a causa della misurazione manuale, potrebbero verificarsi lievi variazioni nelle dimensioni (1-2 cm). Inoltre, i colori possono variare leggermente a causa delle impostazioni del monitor.<\/p>","protected":false},"excerpt":{"rendered":"<p>Caracter\u00edsticas Principales: Dise\u00f1o Realista y Detalles Meticulosos: Este coche giratorio de drift cuenta con un aspecto ultra realista que incluye piezas m\u00f3viles como ruedas y puertas, lo que le da un toque aut\u00e9ntico y fascinante. El interior detallado har\u00e1 las delicias de los amantes de los autom\u00f3viles, asegurando que cada elemento est\u00e9 dise\u00f1ado con precisi\u00f3n. [&hellip;]<\/p>","protected":false},"featured_media":559,"comment_status":"open","ping_status":"closed","template":"","meta":[],"product_brand":[],"product_cat":[15],"product_tag":[],"class_list":{"0":"post-560","1":"product","2":"type-product","3":"status-publish","4":"has-post-thumbnail","6":"product_cat-sin-categorizar","8":"first","9":"instock","10":"shipping-taxable","11":"purchasable","12":"product-type-simple"},"aioseo_notices":[],"jetpack_sharing_enabled":true,"_links":{"self":[{"href":"https:\/\/gadgetingcar.com\/it\/wp-json\/wp\/v2\/product\/560","targetHints":{"allow":["GET"]}}],"collection":[{"href":"https:\/\/gadgetingcar.com\/it\/wp-json\/wp\/v2\/product"}],"about":[{"href":"https:\/\/gadgetingcar.com\/it\/wp-json\/wp\/v2\/types\/product"}],"replies":[{"embeddable":true,"href":"https:\/\/gadgetingcar.com\/it\/wp-json\/wp\/v2\/comments?post=560"}],"wp:featuredmedia":[{"embeddable":true,"href":"https:\/\/gadgetingcar.com\/it\/wp-json\/wp\/v2\/media\/559"}],"wp:attachment":[{"href":"https:\/\/gadgetingcar.com\/it\/wp-json\/wp\/v2\/media?parent=560"}],"wp:term":[{"taxonomy":"product_brand","embeddable":true,"href":"https:\/\/gadgetingcar.com\/it\/wp-json\/wp\/v2\/product_brand?post=560"},{"taxonomy":"product_cat","embeddable":true,"href":"https:\/\/gadgetingcar.com\/it\/wp-json\/wp\/v2\/product_cat?post=560"},{"taxonomy":"product_tag","embeddable":true,"href":"https:\/\/gadgetingcar.com\/it\/wp-json\/wp\/v2\/product_tag?post=560"}],"curies":[{"name":"wp","href":"https:\/\/api.w.org\/{rel}","templated":true}]}}