{"id":921,"date":"2025-02-17T21:50:27","date_gmt":"2025-02-17T21:50:27","guid":{"rendered":"https:\/\/gadgetingcar.com\/?post_type=product&#038;p=921"},"modified":"2026-03-09T18:56:51","modified_gmt":"2026-03-09T18:56:51","slug":"sjabloon-die-je-hebt-geparkeerd-zoals-de-clo","status":"publish","type":"product","link":"https:\/\/gadgetingcar.com\/nl\/product\/sjabloon-die-je-hebt-geparkeerd-zoals-de-clo\/","title":{"rendered":"Je hebt als een idioot geparkeerd"},"content":{"rendered":"<p>Het sjabloon &#039;Parkeren als de C&#039;<em data-start=\"31\" data-end=\"235\">&quot;lo&quot; is een humoristisch ontwerp dat bedoeld is om op een speelse manier de aandacht te vestigen op fout parkeren. Het bestaat uit een afbeelding met een zwarte achtergrond en witte tekst in grote letters: &quot;JE HEBT GEPARKEERD ZOALS DE C&quot;<\/em>LO&quot; (vervang de &quot;U&quot; door een asterisk). Daaronder staat in kleinere letters: &quot;(REDE ACHTER)&quot;. Dit ontwerp kan worden gedownload als PDF, zodat gebruikers het kunnen afdrukken en gebruiken zoals ze willen.<\/p>","protected":false},"excerpt":{"rendered":"<p>La \u00abPlantilla Aparcas Como el Clo\u00bb es un dise\u00f1o humor\u00edstico destinado a se\u00f1alar de manera divertida los malos estacionamientos. Consiste en una imagen con fondo negro y texto blanco en letras grandes que dice: \u00abHAS APARCADO COMO EL CLO\u00bb (sustituyendo la \u00abU\u00bb por un asterisco). Debajo, en una tipograf\u00eda m\u00e1s peque\u00f1a, se lee: \u00ab(RAZ\u00d3N POR [&hellip;]<\/p>","protected":false},"featured_media":708,"comment_status":"open","ping_status":"closed","template":"","meta":[],"product_brand":[],"product_cat":[15],"product_tag":[],"class_list":{"0":"post-921","1":"product","2":"type-product","3":"status-publish","4":"has-post-thumbnail","6":"product_cat-sin-categorizar","8":"first","9":"instock","10":"downloadable","11":"shipping-taxable","12":"purchasable","13":"product-type-simple"},"aioseo_notices":[],"jetpack_sharing_enabled":true,"_links":{"self":[{"href":"https:\/\/gadgetingcar.com\/nl\/wp-json\/wp\/v2\/product\/921","targetHints":{"allow":["GET"]}}],"collection":[{"href":"https:\/\/gadgetingcar.com\/nl\/wp-json\/wp\/v2\/product"}],"about":[{"href":"https:\/\/gadgetingcar.com\/nl\/wp-json\/wp\/v2\/types\/product"}],"replies":[{"embeddable":true,"href":"https:\/\/gadgetingcar.com\/nl\/wp-json\/wp\/v2\/comments?post=921"}],"wp:featuredmedia":[{"embeddable":true,"href":"https:\/\/gadgetingcar.com\/nl\/wp-json\/wp\/v2\/media\/708"}],"wp:attachment":[{"href":"https:\/\/gadgetingcar.com\/nl\/wp-json\/wp\/v2\/media?parent=921"}],"wp:term":[{"taxonomy":"product_brand","embeddable":true,"href":"https:\/\/gadgetingcar.com\/nl\/wp-json\/wp\/v2\/product_brand?post=921"},{"taxonomy":"product_cat","embeddable":true,"href":"https:\/\/gadgetingcar.com\/nl\/wp-json\/wp\/v2\/product_cat?post=921"},{"taxonomy":"product_tag","embeddable":true,"href":"https:\/\/gadgetingcar.com\/nl\/wp-json\/wp\/v2\/product_tag?post=921"}],"curies":[{"name":"wp","href":"https:\/\/api.w.org\/{rel}","templated":true}]}}