{"id":1277,"date":"2025-03-05T12:17:58","date_gmt":"2025-03-05T12:17:58","guid":{"rendered":"https:\/\/gadgetingcar.com\/?post_type=product&#038;p=1277"},"modified":"2026-02-27T04:37:35","modified_gmt":"2026-02-27T04:37:35","slug":"zel-do-czyszczenia-samochodow-magic-slime-zatrzymuje-kurz-i-brud","status":"publish","type":"product","link":"https:\/\/gadgetingcar.com\/pl\/product\/zel-do-czyszczenia-samochodow-magic-slime-zatrzymuje-kurz-i-brud\/","title":{"rendered":"Magic Car Gel Cleaner - Szlam zatrzymuj\u0105cy kurz i brud"},"content":{"rendered":"<p>G\u0142\u00f3wne cechy:<\/p>\n<p>\u2022 Dok\u0142adne czyszczenie: \u017belowa konsystencja wnika w trudno dost\u0119pne zakamarki, takie jak kratki wentylacyjne, klawiatury i ma\u0142e przestrzenie.<\/p>\n<p>\u2022 Wielokrotnego u\u017cytku i przyjazny dla \u015brodowiska: Mo\u017cna go u\u017cywa\u0107 wielokrotnie, a\u017c zmieni kolor, co b\u0119dzie oznacza\u0142o, \u017ce wch\u0142on\u0105\u0142 wystarczaj\u0105c\u0105 ilo\u015b\u0107 brudu.<\/p>\n<p>\u2022 \u0141atwy w u\u017cyciu: Wystarczy docisn\u0105\u0107 \u017cel do powierzchni, pozwoli\u0107 mu wch\u0142on\u0105\u0107 kurz, a nast\u0119pnie usun\u0105\u0107 go bez pozostawiania \u015blad\u00f3w.<\/p>\n<p>\u2022 Bezpieczne i nietoksyczne: Wykonane z biodegradowalnych i bezpiecznych dla sk\u00f3ry materia\u0142\u00f3w.<\/p>\n<p>\u2022 Wielofunkcyjny: Idealny do czyszczenia samochod\u00f3w, klawiatur, pilot\u00f3w i innych urz\u0105dze\u0144 elektronicznych.<\/p>\n<p>Okular:<\/p>\n<p>\u2022 Waga: 70 g<\/p>\n<p>\u2022 Kolor: niebieski<\/p>\n<p>\u2022 Opakowanie: Zamykana torebka, aby zachowa\u0107 \u015bwie\u017co\u015b\u0107<\/p>\n<p>\u2022 Materia\u0142: Czyszczenie polimer\u00f3w za pomoc\u0105 technologii wychwytywania py\u0142u<\/p>\n<p>Dlaczego ten produkt?<\/p>\n<p>Utrzymaj sw\u00f3j samoch\u00f3d w nieskazitelnej czysto\u015bci dzi\u0119ki Magic Cleaning Gel, kt\u00f3ry zatrzymuje kurz, w\u0142osy i zanieczyszczenia, nie uszkadzaj\u0105c powierzchni. Jego specjalna formu\u0142a nie pozostawia lepkiego osadu.<\/p>","protected":false},"excerpt":{"rendered":"<p>Magiczny \u017cel czyszcz\u0105cy idealny do usuwania kurzu i brudu z trudno dost\u0119pnych miejsc w samochodzie. Elastyczny, wielokrotnego u\u017cytku i \u0142atwy w u\u017cyciu.<\/p>","protected":false},"featured_media":1278,"comment_status":"open","ping_status":"closed","template":"","meta":[],"product_brand":[],"product_cat":[23],"product_tag":[],"class_list":{"0":"post-1277","1":"product","2":"type-product","3":"status-publish","4":"has-post-thumbnail","6":"product_cat-accesorios","8":"first","9":"instock","10":"shipping-taxable","11":"purchasable","12":"product-type-simple"},"aioseo_notices":[],"jetpack_sharing_enabled":true,"_links":{"self":[{"href":"https:\/\/gadgetingcar.com\/pl\/wp-json\/wp\/v2\/product\/1277","targetHints":{"allow":["GET"]}}],"collection":[{"href":"https:\/\/gadgetingcar.com\/pl\/wp-json\/wp\/v2\/product"}],"about":[{"href":"https:\/\/gadgetingcar.com\/pl\/wp-json\/wp\/v2\/types\/product"}],"replies":[{"embeddable":true,"href":"https:\/\/gadgetingcar.com\/pl\/wp-json\/wp\/v2\/comments?post=1277"}],"wp:featuredmedia":[{"embeddable":true,"href":"https:\/\/gadgetingcar.com\/pl\/wp-json\/wp\/v2\/media\/1278"}],"wp:attachment":[{"href":"https:\/\/gadgetingcar.com\/pl\/wp-json\/wp\/v2\/media?parent=1277"}],"wp:term":[{"taxonomy":"product_brand","embeddable":true,"href":"https:\/\/gadgetingcar.com\/pl\/wp-json\/wp\/v2\/product_brand?post=1277"},{"taxonomy":"product_cat","embeddable":true,"href":"https:\/\/gadgetingcar.com\/pl\/wp-json\/wp\/v2\/product_cat?post=1277"},{"taxonomy":"product_tag","embeddable":true,"href":"https:\/\/gadgetingcar.com\/pl\/wp-json\/wp\/v2\/product_tag?post=1277"}],"curies":[{"name":"wp","href":"https:\/\/api.w.org\/{rel}","templated":true}]}}