{"id":1536,"date":"2025-07-03T18:45:48","date_gmt":"2025-07-03T18:45:48","guid":{"rendered":"https:\/\/gadgetingcar.com\/?post_type=product&#038;p=1536"},"modified":"2025-10-24T23:07:33","modified_gmt":"2025-10-24T23:07:33","slug":"podnosnik-hydrauliczny-do-samochodow-osobowych-i-ciezarowych","status":"publish","type":"product","link":"https:\/\/gadgetingcar.com\/pl\/product\/podnosnik-hydrauliczny-do-samochodow-osobowych-i-ciezarowych\/","title":{"rendered":"Przeno\u015bny hydrauliczny podno\u015bnik butelkowy do samochod\u00f3w osobowych i ci\u0119\u017carowych"},"content":{"rendered":"<h3 data-start=\"275\" data-end=\"312\"><strong data-start=\"279\" data-end=\"310\">G\u0142\u00f3wne cechy<\/strong><\/h3>\n<ul data-start=\"313\" data-end=\"1175\">\n<li data-start=\"313\" data-end=\"482\">\n<p data-start=\"315\" data-end=\"482\"><strong data-start=\"315\" data-end=\"361\">Ud\u017awig 8 ton (8T)<\/strong>Idealny do bezproblemowego podnoszenia samochod\u00f3w osobowych, ci\u0119\u017carowych, przyczep kempingowych i traktor\u00f3w. Bezpiecznie utrzymuje ci\u0119\u017ckie \u0142adunki.<\/p>\n<\/li>\n<li data-start=\"483\" data-end=\"634\">\n<p data-start=\"485\" data-end=\"634\"><strong data-start=\"485\" data-end=\"509\">Solidna konstrukcja<\/strong>: Korpus w ca\u0142o\u015bci wykonany z metalu, z pogrubion\u0105 p\u0142yt\u0105 stalow\u0105, co gwarantuje d\u0142ugoterminow\u0105 trwa\u0142o\u015b\u0107 i wytrzyma\u0142o\u015b\u0107.<\/p>\n<\/li>\n<li data-start=\"635\" data-end=\"798\">\n<p data-start=\"637\" data-end=\"798\"><strong data-start=\"637\" data-end=\"657\">Regulowana wysoko\u015b\u0107<\/strong>:Umo\u017cliwia wyd\u0142u\u017cenie od 200 mm do 385 mm za pomoc\u0105 g\u00f3rnego mechanizmu \u015brubowego, u\u0142atwiaj\u0105c prac\u0119 na pojazdach o r\u00f3\u017cnej wysoko\u015bci.<\/p>\n<\/li>\n<li data-start=\"799\" data-end=\"917\">\n<p data-start=\"801\" data-end=\"917\"><strong data-start=\"801\" data-end=\"831\">Przeno\u015bna i praktyczna konstrukcja<\/strong>: Z od\u0142\u0105czan\u0105 dwucz\u0119\u015bciow\u0105 r\u0105czk\u0105 u\u0142atwiaj\u0105c\u0105 transport i przechowywanie.<\/p>\n<\/li>\n<li data-start=\"918\" data-end=\"1046\">\n<p data-start=\"920\" data-end=\"1046\"><strong data-start=\"920\" data-end=\"945\">Gwarantowane bezpiecze\u0144stwo<\/strong>:Antypo\u015blizgowa powierzchnia g\u00f3rna z rowkami poprzecznymi i poszerzon\u0105 podstaw\u0105 zapewniaj\u0105c\u0105 dodatkow\u0105 stabilno\u015b\u0107.<\/p>\n<\/li>\n<li data-start=\"1047\" data-end=\"1175\">\n<p data-start=\"1049\" data-end=\"1175\"><strong data-start=\"1049\" data-end=\"1076\">Prosta obs\u0142uga<\/strong>:Uk\u0142ad hydrauliczny z zaworem zwrotnym oleju umo\u017cliwiaj\u0105cy kontrolowane automatyczne opuszczanie.<\/p>\n<\/li>\n<\/ul>\n<h3 data-start=\"1177\" data-end=\"1212\"><strong data-start=\"1181\" data-end=\"1210\">Dane techniczne<\/strong><\/h3>\n<div class=\"_tableContainer_80l1q_1\">\n<div class=\"_tableWrapper_80l1q_14 group flex w-fit flex-col-reverse\" tabindex=\"-1\">\n<table class=\"w-fit min-w-(--thread-content-width)\" data-start=\"1213\" data-end=\"2075\">\n<thead data-start=\"1213\" data-end=\"1283\">\n<tr data-start=\"1213\" data-end=\"1283\">\n<th data-start=\"1213\" data-end=\"1239\" data-col-size=\"sm\">Specyfikacja<\/th>\n<th data-start=\"1239\" data-end=\"1283\" data-col-size=\"sm\">Szczeg\u00f3\u0142<\/th>\n<\/tr>\n<\/thead>\n<tbody data-start=\"1356\" data-end=\"2075\">\n<tr data-start=\"1356\" data-end=\"1427\">\n<td data-start=\"1356\" data-end=\"1383\" data-col-size=\"sm\">Facet<\/td>\n<td data-col-size=\"sm\" data-start=\"1383\" data-end=\"1427\">Podno\u015bnik hydrauliczny<\/td>\n<\/tr>\n<tr data-start=\"1428\" data-end=\"1499\">\n<td data-start=\"1428\" data-end=\"1455\" data-col-size=\"sm\">No\u015bno\u015b\u0107<\/td>\n<td data-col-size=\"sm\" data-start=\"1455\" data-end=\"1499\">8 ton (8000 kg)<\/td>\n<\/tr>\n<tr data-start=\"1500\" data-end=\"1571\">\n<td data-start=\"1500\" data-end=\"1527\" data-col-size=\"sm\">Minimalna wysoko\u015b\u0107<\/td>\n<td data-col-size=\"sm\" data-start=\"1527\" data-end=\"1571\">200 mm (7,87 cala)<\/td>\n<\/tr>\n<tr data-start=\"1572\" data-end=\"1643\">\n<td data-start=\"1572\" data-end=\"1599\" data-col-size=\"sm\">Maksymalna wysoko\u015b\u0107<\/td>\n<td data-col-size=\"sm\" data-start=\"1599\" data-end=\"1643\">385 mm (15,15 cala)<\/td>\n<\/tr>\n<tr data-start=\"1644\" data-end=\"1715\">\n<td data-start=\"1644\" data-end=\"1671\" data-col-size=\"sm\">Regulowana wysoko\u015b\u0107<\/td>\n<td data-col-size=\"sm\" data-start=\"1671\" data-end=\"1715\">60 mm<\/td>\n<\/tr>\n<tr data-start=\"1716\" data-end=\"1787\">\n<td data-start=\"1716\" data-end=\"1743\" data-col-size=\"sm\">Wysoko\u015b\u0107 podnoszenia<\/td>\n<td data-col-size=\"sm\" data-start=\"1743\" data-end=\"1787\">125 mm<\/td>\n<\/tr>\n<tr data-start=\"1788\" data-end=\"1859\">\n<td data-start=\"1788\" data-end=\"1815\" data-col-size=\"sm\">Waga<\/td>\n<td data-col-size=\"sm\" data-start=\"1815\" data-end=\"1859\">3,75 kg<\/td>\n<\/tr>\n<tr data-start=\"1860\" data-end=\"1931\">\n<td data-start=\"1860\" data-end=\"1887\" data-col-size=\"sm\">Tworzywo<\/td>\n<td data-col-size=\"sm\" data-start=\"1887\" data-end=\"1931\">Metal o trwa\u0142ym wyko\u0144czeniu<\/td>\n<\/tr>\n<tr data-start=\"1932\" data-end=\"2003\">\n<td data-start=\"1932\" data-end=\"1959\" data-col-size=\"sm\">Aplikacje<\/td>\n<td data-col-size=\"sm\" data-start=\"1959\" data-end=\"2003\">Motoryzacja, rolnictwo, przemys\u0142<\/td>\n<\/tr>\n<tr data-start=\"2004\" data-end=\"2075\">\n<td data-start=\"2004\" data-end=\"2031\" data-col-size=\"sm\">Wymaga u\u017cycia w pionie<\/td>\n<td data-col-size=\"sm\" data-start=\"2031\" data-end=\"2075\">Tak (nie u\u017cywa\u0107 na boki lub do g\u00f3ry nogami)<\/td>\n<\/tr>\n<\/tbody>\n<\/table>\n<div class=\"sticky end-(--thread-content-margin) h-0 self-end select-none\">\n<div class=\"absolute end-0 flex items-end\"><\/div>\n<\/div>\n<\/div>\n<\/div>\n<h3 data-start=\"2077\" data-end=\"2110\"><strong data-start=\"2081\" data-end=\"2108\">Dlaczego ten produkt?<\/strong><\/h3>\n<p data-start=\"2111\" data-end=\"2498\">Ten hydrauliczny podno\u015bnik butelkowy to kompaktowe i wydajne rozwi\u0105zanie do bezpiecznego i \u0142atwego podnoszenia ci\u0119\u017ckich pojazd\u00f3w. Jego wzmocniona metalowa konstrukcja i \u0142atwa obs\u0142uga sprawiaj\u0105, \u017ce idealnie nadaje si\u0119 zar\u00f3wno do u\u017cytku profesjonalnego, jak i do pomocy w nag\u0142ych wypadkach drogowych. Zawiera r\u00f3wnie\u017c instrukcje dotycz\u0105ce prostej konserwacji uk\u0142adu hydraulicznego, gwarantuj\u0105c d\u0142ug\u0105 \u017cywotno\u015b\u0107 i brak wyciek\u00f3w.<\/p>\n<p data-start=\"2500\" data-end=\"2686\">Idealny dla mechanik\u00f3w, przewo\u017anik\u00f3w i kierowc\u00f3w potrzebuj\u0105cych niezawodnego narz\u0119dzia; podno\u015bnik ten jest m\u0105dr\u0105 inwestycj\u0105 w ka\u017cdy zestaw narz\u0119dzi samochodowych.<\/p>","protected":false},"excerpt":{"rendered":"<p data-start=\"2018\" data-end=\"2164\">Przeno\u015bny hydrauliczny podno\u015bnik butelkowy 8T, idealny do bezpiecznego i \u0142atwego podnoszenia samochod\u00f3w osobowych, ci\u0119\u017carowych i ci\u0105gnik\u00f3w. Wytrzyma\u0142y, kompaktowy i niezawodny.<\/p>","protected":false},"featured_media":1537,"comment_status":"open","ping_status":"closed","template":"","meta":[],"product_brand":[],"product_cat":[23],"product_tag":[],"class_list":{"0":"post-1536","1":"product","2":"type-product","3":"status-publish","4":"has-post-thumbnail","6":"product_cat-accesorios","8":"first","9":"instock","10":"sale","11":"shipping-taxable","12":"purchasable","13":"product-type-simple"},"aioseo_notices":[],"jetpack_sharing_enabled":true,"_links":{"self":[{"href":"https:\/\/gadgetingcar.com\/pl\/wp-json\/wp\/v2\/product\/1536","targetHints":{"allow":["GET"]}}],"collection":[{"href":"https:\/\/gadgetingcar.com\/pl\/wp-json\/wp\/v2\/product"}],"about":[{"href":"https:\/\/gadgetingcar.com\/pl\/wp-json\/wp\/v2\/types\/product"}],"replies":[{"embeddable":true,"href":"https:\/\/gadgetingcar.com\/pl\/wp-json\/wp\/v2\/comments?post=1536"}],"wp:featuredmedia":[{"embeddable":true,"href":"https:\/\/gadgetingcar.com\/pl\/wp-json\/wp\/v2\/media\/1537"}],"wp:attachment":[{"href":"https:\/\/gadgetingcar.com\/pl\/wp-json\/wp\/v2\/media?parent=1536"}],"wp:term":[{"taxonomy":"product_brand","embeddable":true,"href":"https:\/\/gadgetingcar.com\/pl\/wp-json\/wp\/v2\/product_brand?post=1536"},{"taxonomy":"product_cat","embeddable":true,"href":"https:\/\/gadgetingcar.com\/pl\/wp-json\/wp\/v2\/product_cat?post=1536"},{"taxonomy":"product_tag","embeddable":true,"href":"https:\/\/gadgetingcar.com\/pl\/wp-json\/wp\/v2\/product_tag?post=1536"}],"curies":[{"name":"wp","href":"https:\/\/api.w.org\/{rel}","templated":true}]}}