{"id":1872,"date":"2025-11-25T21:20:40","date_gmt":"2025-11-25T21:20:40","guid":{"rendered":"https:\/\/gadgetingcar.com\/?post_type=product&#038;p=1872"},"modified":"2025-12-03T11:55:58","modified_gmt":"2025-12-03T11:55:58","slug":"uchwyt-samochodowy-na-telefon-topk-z-obrotowym-klipsem-na-kratke-wentylacyjna-o-360-kompatybilny-z-grubymi-etui","status":"publish","type":"product","link":"https:\/\/gadgetingcar.com\/pl\/product\/uchwyt-samochodowy-na-telefon-topk-z-obrotowym-klipsem-na-kratke-wentylacyjna-o-360-kompatybilny-z-grubymi-etui\/","title":{"rendered":"Uchwyt samochodowy na telefon TOPK z klipsem na kratk\u0119 wentylacyjn\u0105, obrotowy 360\u00b0, kompatybilny z grubymi etui"},"content":{"rendered":"<p data-start=\"325\" data-end=\"779\"><strong data-start=\"325\" data-end=\"357\">G\u0142\u00f3wne cechy:<\/strong><br data-start=\"357\" data-end=\"360\" \/>Uchwyt samochodowy na telefon TOPK zapewnia pewny i stabilny chwyt, nawet w przypadku telefon\u00f3w z grubymi etui. Zaprojektowany do monta\u017cu na kratkach wentylacyjnych w samochodzie, wyposa\u017cony jest w ulepszony zaczep zapewniaj\u0105cy maksymaln\u0105 stabilno\u015b\u0107, idealny podczas podr\u00f3\u017cy, na wyboistych drogach lub podczas ostrych zakr\u0119t\u00f3w. Obr\u00f3t o 360\u00b0 pozwala na \u0142atw\u0105 regulacj\u0119 k\u0105ta widzenia, zar\u00f3wno w trybie pionowym, jak i poziomym.<\/p>\n<p data-start=\"781\" data-end=\"804\"><strong data-start=\"781\" data-end=\"802\">Okular:<\/strong><\/p>\n<ul data-start=\"805\" data-end=\"1288\">\n<li data-start=\"805\" data-end=\"820\">\n<p data-start=\"807\" data-end=\"820\">Marka: TOPK<\/p>\n<\/li>\n<li data-start=\"821\" data-end=\"932\">\n<p data-start=\"823\" data-end=\"932\">Kompatybilno\u015b\u0107: smartfony o przek\u0105tnej od 4 do 7 cali (w tym iPhone 14, 13, 12, SE, XS, XR, Samsung Galaxy itp.)<\/p>\n<\/li>\n<li data-start=\"933\" data-end=\"972\">\n<p data-start=\"935\" data-end=\"972\">Szeroko\u015b\u0107 podparcia: 6,5 cm do 10,7 cm<\/p>\n<\/li>\n<li data-start=\"973\" data-end=\"992\">\n<p data-start=\"975\" data-end=\"992\">Wysoko\u015b\u0107: 13,4 cm<\/p>\n<\/li>\n<li data-start=\"993\" data-end=\"1068\">\n<p data-start=\"995\" data-end=\"1068\">Materia\u0142: Wytrzyma\u0142y plastik z silikonowymi podk\u0142adkami zapobiegaj\u0105cymi zarysowaniom<\/p>\n<\/li>\n<li data-start=\"1069\" data-end=\"1134\">\n<p data-start=\"1071\" data-end=\"1134\">Monta\u017c: Klips wentylacyjny ze wzmocnionym hakiem zaciskowym<\/p>\n<\/li>\n<li data-start=\"1135\" data-end=\"1214\">\n<p data-start=\"1137\" data-end=\"1214\">Regulacja: obr\u00f3t o 360\u00b0, regulowane ramiona boczne i przycisk szybkiego zwalniania<\/p>\n<\/li>\n<li data-start=\"1215\" data-end=\"1288\">\n<p data-start=\"1217\" data-end=\"1288\">Zastosowanie: Kompatybilny z kratkami wentylacyjnymi poziomymi i pionowymi<\/p>\n<\/li>\n<\/ul>\n<p data-start=\"1290\" data-end=\"1735\"><strong data-start=\"1290\" data-end=\"1317\">Dlaczego ten produkt?<\/strong><br data-start=\"1317\" data-end=\"1320\" \/>Uchwyt wyr\u00f3\u017cnia si\u0119 \u0142atwo\u015bci\u0105 obs\u0142ugi jedn\u0105 r\u0119k\u0105, kompatybilno\u015bci\u0105 z du\u017cymi etui oraz bezpiecznym systemem chwytu, kt\u00f3ry zapobiega przypadkowemu upadkowi. Silikonowe nak\u0142adki chroni\u0105 telefon przed zarysowaniami i zapewniaj\u0105 bezpieczn\u0105 i komfortow\u0105 jazd\u0119. To idealny wyb\u00f3r dla os\u00f3b poszukuj\u0105cych praktyczno\u015bci, trwa\u0142o\u015bci i stabilno\u015bci w jednym produkcie.<\/p>","protected":false},"excerpt":{"rendered":"<p data-start=\"1742\" data-end=\"1901\">Uchwyt na telefon kom\u00f3rkowy z bezpiecznym mocowaniem do kratki wentylacyjnej, obrotowy w zakresie 360\u00b0, kompatybilny z grubymi etui i regulowany jedn\u0105 r\u0119k\u0105.<\/p>","protected":false},"featured_media":1931,"comment_status":"open","ping_status":"closed","template":"","meta":[],"product_brand":[],"product_cat":[15],"product_tag":[],"class_list":{"0":"post-1872","1":"product","2":"type-product","3":"status-publish","4":"has-post-thumbnail","6":"product_cat-sin-categorizar","8":"first","9":"instock","10":"sale","11":"shipping-taxable","12":"purchasable","13":"product-type-simple"},"aioseo_notices":[],"jetpack_sharing_enabled":true,"_links":{"self":[{"href":"https:\/\/gadgetingcar.com\/pl\/wp-json\/wp\/v2\/product\/1872","targetHints":{"allow":["GET"]}}],"collection":[{"href":"https:\/\/gadgetingcar.com\/pl\/wp-json\/wp\/v2\/product"}],"about":[{"href":"https:\/\/gadgetingcar.com\/pl\/wp-json\/wp\/v2\/types\/product"}],"replies":[{"embeddable":true,"href":"https:\/\/gadgetingcar.com\/pl\/wp-json\/wp\/v2\/comments?post=1872"}],"wp:featuredmedia":[{"embeddable":true,"href":"https:\/\/gadgetingcar.com\/pl\/wp-json\/wp\/v2\/media\/1931"}],"wp:attachment":[{"href":"https:\/\/gadgetingcar.com\/pl\/wp-json\/wp\/v2\/media?parent=1872"}],"wp:term":[{"taxonomy":"product_brand","embeddable":true,"href":"https:\/\/gadgetingcar.com\/pl\/wp-json\/wp\/v2\/product_brand?post=1872"},{"taxonomy":"product_cat","embeddable":true,"href":"https:\/\/gadgetingcar.com\/pl\/wp-json\/wp\/v2\/product_cat?post=1872"},{"taxonomy":"product_tag","embeddable":true,"href":"https:\/\/gadgetingcar.com\/pl\/wp-json\/wp\/v2\/product_tag?post=1872"}],"curies":[{"name":"wp","href":"https:\/\/api.w.org\/{rel}","templated":true}]}}