{"id":1933,"date":"2025-12-03T12:23:24","date_gmt":"2025-12-03T12:23:24","guid":{"rendered":"https:\/\/gadgetingcar.com\/?post_type=product&#038;p=1933"},"modified":"2026-03-29T01:04:38","modified_gmt":"2026-03-29T01:04:38","slug":"zatwierdzony-przez-dgt-sygnal-v16-z-geolokalizacja-i-obowiazkowa-karta-esim-do-2026-r","status":"publish","type":"product","link":"https:\/\/gadgetingcar.com\/pl\/product\/zatwierdzony-przez-dgt-sygnal-v16-z-geolokalizacja-i-obowiazkowa-karta-esim-do-2026-r\/","title":{"rendered":"Zatwierdzony przez DGT nadajnik Connected V16 Beacon z geolokalizacj\u0105 i eSIM \u2013 obowi\u0105zkowy od 2026 r."},"content":{"rendered":"<p data-start=\"205\" data-end=\"646\"><strong data-start=\"205\" data-end=\"237\">G\u0142\u00f3wne cechy:<\/strong><br data-start=\"237\" data-end=\"240\" \/>Po\u0142\u0105czony sygnalizator V16 jest oficjalnym zamiennikiem tr\u00f3jk\u0105t\u00f3w ostrzegawczych i b\u0119dzie obowi\u0105zkowy w Hiszpanii od stycznia 2026 roku. Model ten posiada homologacj\u0119 DGT (Hiszpa\u0144skiej Dyrekcji Generalnej ds. Ruchu Drogowego) zgodnie ze standardem V16 3.0 i \u0142\u0105czy si\u0119 bezpo\u015brednio z sieci\u0105 za po\u015brednictwem karty eSIM, aby ostrzega\u0107 kierowc\u00f3w o sytuacjach awaryjnych z precyzyjn\u0105 lokalizacj\u0105. Jest wykonany z trwa\u0142ych materia\u0142\u00f3w i zaprojektowany tak, aby zapewni\u0107 maksymalne bezpiecze\u0144stwo i widoczno\u015b\u0107 na drodze.<\/p>\n<p data-start=\"648\" data-end=\"671\"><strong data-start=\"648\" data-end=\"669\">Okular:<\/strong><\/p>\n<ul data-start=\"672\" data-end=\"1141\">\n<li data-start=\"672\" data-end=\"724\">\n<p data-start=\"674\" data-end=\"724\"><strong data-start=\"674\" data-end=\"691\">Homologacja:<\/strong> Wersja V16 3.0 certyfikowana przez DGT<\/p>\n<\/li>\n<li data-start=\"725\" data-end=\"807\">\n<p data-start=\"727\" data-end=\"807\"><strong data-start=\"727\" data-end=\"744\">\u0141\u0105czno\u015b\u0107:<\/strong> Zintegrowana karta eSIM (Orange lub Telef\u00f3nica w zale\u017cno\u015bci od dost\u0119pnego modelu)<\/p>\n<\/li>\n<li data-start=\"808\" data-end=\"873\">\n<p data-start=\"810\" data-end=\"873\"><strong data-start=\"810\" data-end=\"830\">Geolokalizacja:<\/strong> Chip i antena GNSS dla precyzyjnej lokalizacji<\/p>\n<\/li>\n<li data-start=\"874\" data-end=\"946\">\n<p data-start=\"876\" data-end=\"946\"><strong data-start=\"876\" data-end=\"892\">Widoczno\u015b\u0107:<\/strong> 9 diod LED o wysokiej intensywno\u015bci \u015bwiat\u0142a, \u015bwiat\u0142o 360\u00b0, widoczne z odleg\u0142o\u015bci 1 km<\/p>\n<\/li>\n<li data-start=\"947\" data-end=\"1013\">\n<p data-start=\"949\" data-end=\"1013\"><strong data-start=\"949\" data-end=\"965\">Obiekt:<\/strong> Podstawa magnetyczna, do u\u017cytku wewn\u0105trz pojazdu<\/p>\n<\/li>\n<li data-start=\"1014\" data-end=\"1054\">\n<p data-start=\"1016\" data-end=\"1054\"><strong data-start=\"1016\" data-end=\"1032\">Wytrzyma\u0142o\u015b\u0107:<\/strong> IP54 (woda i kurz)<\/p>\n<\/li>\n<li data-start=\"1055\" data-end=\"1141\">\n<p data-start=\"1057\" data-end=\"1141\"><strong data-start=\"1057\" data-end=\"1079\">Us\u0142uga danych:<\/strong> Obejmuje 12 lat bezp\u0142atnej subskrypcji od 2026 r., automatyczna aktywacja<\/p>\n<\/li>\n<\/ul>\n<p data-start=\"1143\" data-end=\"1533\"><strong data-start=\"1143\" data-end=\"1170\">Dlaczego ten produkt?<\/strong><br data-start=\"1170\" data-end=\"1173\" \/>Ten sygnalizator V16 reprezentuje najnowsz\u0105 technologi\u0119 w dziedzinie bezpiecze\u0144stwa ruchu drogowego. Jego automatyczna \u0142\u0105czno\u015b\u0107 z DGT (hiszpa\u0144sk\u0105 Generaln\u0105 Dyrekcj\u0105 Ruchu Drogowego) oraz system geolokalizacji zapewniaj\u0105 szybk\u0105 reakcj\u0119 w razie wypadku. Co wi\u0119cej, \u0142atwy monta\u017c wewn\u0105trz pojazdu minimalizuje ryzyko dla kierowcy. To niezb\u0119dna inwestycja, aby spe\u0142ni\u0107 przepisy i zapewni\u0107 bezpiecze\u0144stwo.<\/p>","protected":false},"excerpt":{"rendered":"<p data-start=\"1540\" data-end=\"1697\">Latarka V16, pod\u0142\u0105czona i zatwierdzona przez DGT (hiszpa\u0144sk\u0105 Generaln\u0105 Dyrekcj\u0119 Ruchu Drogowego), z eSIM i geolokalizacj\u0105. Obowi\u0105zkowa od 2026 roku. Maksymalne bezpiecze\u0144stwo bez wysiadania z samochodu.<\/p>","protected":false},"featured_media":1934,"comment_status":"open","ping_status":"closed","template":"","meta":[],"product_brand":[],"product_cat":[15],"product_tag":[],"class_list":{"0":"post-1933","1":"product","2":"type-product","3":"status-publish","4":"has-post-thumbnail","6":"product_cat-sin-categorizar","8":"first","9":"instock","10":"shipping-taxable","11":"purchasable","12":"product-type-simple"},"aioseo_notices":[],"jetpack_sharing_enabled":true,"_links":{"self":[{"href":"https:\/\/gadgetingcar.com\/pl\/wp-json\/wp\/v2\/product\/1933","targetHints":{"allow":["GET"]}}],"collection":[{"href":"https:\/\/gadgetingcar.com\/pl\/wp-json\/wp\/v2\/product"}],"about":[{"href":"https:\/\/gadgetingcar.com\/pl\/wp-json\/wp\/v2\/types\/product"}],"replies":[{"embeddable":true,"href":"https:\/\/gadgetingcar.com\/pl\/wp-json\/wp\/v2\/comments?post=1933"}],"wp:featuredmedia":[{"embeddable":true,"href":"https:\/\/gadgetingcar.com\/pl\/wp-json\/wp\/v2\/media\/1934"}],"wp:attachment":[{"href":"https:\/\/gadgetingcar.com\/pl\/wp-json\/wp\/v2\/media?parent=1933"}],"wp:term":[{"taxonomy":"product_brand","embeddable":true,"href":"https:\/\/gadgetingcar.com\/pl\/wp-json\/wp\/v2\/product_brand?post=1933"},{"taxonomy":"product_cat","embeddable":true,"href":"https:\/\/gadgetingcar.com\/pl\/wp-json\/wp\/v2\/product_cat?post=1933"},{"taxonomy":"product_tag","embeddable":true,"href":"https:\/\/gadgetingcar.com\/pl\/wp-json\/wp\/v2\/product_tag?post=1933"}],"curies":[{"name":"wp","href":"https:\/\/api.w.org\/{rel}","templated":true}]}}