{"id":343,"date":"2024-12-14T16:23:25","date_gmt":"2024-12-14T16:23:25","guid":{"rendered":"https:\/\/gadgetingcar.com\/?post_type=product&#038;p=343"},"modified":"2025-10-31T20:04:44","modified_gmt":"2025-10-31T20:04:44","slug":"szczotka-do-czyszczenia-samochodu","status":"publish","type":"product","link":"https:\/\/gadgetingcar.com\/pl\/product\/szczotka-do-czyszczenia-samochodu\/","title":{"rendered":"Szczotka do czyszczenia samochodu"},"content":{"rendered":"<p><strong>Mini bluza z kapturem z d\u017awigni\u0105 zmiany bieg\u00f3w: spersonalizuj i chro\u0144 sw\u00f3j pojazd stylowo<\/strong><\/p>\n<p><strong>G\u0142\u00f3wne cechy:<\/strong><\/p>\n<ul>\n<li><strong>Niepowtarzalny i zabawny projekt:<\/strong> Pokrowiec na d\u017awigni\u0119 zmiany bieg\u00f3w w kszta\u0142cie bluzy z kapturem doda wn\u0119trzu Twojego samochodu odrobin\u0119 oryginalno\u015bci i charakteru, czyni\u0105c je bardziej przyjazn\u0105 i stylow\u0105 przestrzeni\u0105.<\/li>\n<li><strong>Skuteczna ochrona:<\/strong> Wykonany z materia\u0142\u00f3w najwy\u017cszej jako\u015bci, chroni d\u017awigni\u0119 zmiany bieg\u00f3w przed codziennym zu\u017cyciem, kurzem i zarysowaniami, wyd\u0142u\u017caj\u0105c jej \u017cywotno\u015b\u0107 i utrzymuj\u0105c j\u0105 w optymalnym stanie.<\/li>\n<li><strong>R\u00f3\u017cnorodno\u015b\u0107 kolor\u00f3w i styl\u00f3w:<\/strong> Dost\u0119pny w wielu kolorach i wzorach, pozwala na dostosowanie wn\u0119trza pojazdu do w\u0142asnych preferencji, tak aby pasowa\u0142o do reszty wystroju.<\/li>\n<li><strong>\u0141atwa instalacja i czyszczenie:<\/strong> Jego elastyczna i regulowana konstrukcja u\u0142atwia zak\u0142adanie i zdejmowanie, a ponadto mo\u017cna go pra\u0107, co gwarantuje \u015bwie\u017cy i czysty wygl\u0105d w ka\u017cdej sytuacji.<\/li>\n<\/ul>\n<p><strong>Specyfikacja produktu:<\/strong><\/p>\n<ul>\n<li><strong>Materia\u0142:<\/strong> Wysokiej jako\u015bci, mi\u0119kka i trwa\u0142a tkanina.<\/li>\n<li><strong>Wymiary:<\/strong> Kompatybilne z wi\u0119kszo\u015bci\u0105 standardowych d\u017awigni zmiany bieg\u00f3w.<\/li>\n<li><strong>Dost\u0119pne kolory:<\/strong> Czarny, szary, czerwony, niebieski i inne.<\/li>\n<\/ul>\n<p><strong>Dlaczego warto wybra\u0107 bluz\u0119 z ga\u0142k\u0105 zmiany bieg\u00f3w Mini:<\/strong> Ten dodatek nie tylko upi\u0119kszy wn\u0119trze Twojego samochodu, ale tak\u017ce odzwierciedli Tw\u00f3j osobisty styl i dba\u0142o\u015b\u0107 o detale. To idealny prezent dla mi\u0142o\u015bnik\u00f3w motoryzacji i \u015bwietny spos\u00f3b na \u0142atwe i niedrogie od\u015bwie\u017cenie wygl\u0105du pojazdu.<\/p>\n<p><strong>Dodaj odrobin\u0119 zabawy i ochrony swojemu samochodowi dzi\u0119ki tej innowacyjnej os\u0142onie d\u017awigni zmiany bieg\u00f3w!<\/strong><\/p>","protected":false},"excerpt":{"rendered":"<div class=\"flex max-w-full flex-col flex-grow\">\n<div class=\"min-h-8 text-message flex w-full flex-col items-end gap-2 whitespace-normal break-words text-start [.text-message+&amp;]:mt-5\" dir=\"auto\" data-message-author-role=\"assistant\" data-message-id=\"181cadea-9fbc-4155-959b-be28021d3ef6\" data-message-model-slug=\"gpt-4o\">\n<div class=\"flex w-full flex-col gap-1 empty:hidden first:pt-[3px]\">\n<div class=\"markdown prose w-full break-words dark:prose-invert light\">\n<p>Odmie\u0144 sw\u00f3j samoch\u00f3d dzi\u0119ki tej zabawnej os\u0142onie d\u017awigni zmiany bieg\u00f3w w kszta\u0142cie bluzy! Chro\u0144 j\u0105 stylowo i dodaj wyj\u0105tkowego akcentu swojemu wn\u0119trzu. Kup teraz i zaskocz wszystkich!<\/p>\n<\/div>\n<\/div>\n<\/div>\n<\/div>","protected":false},"featured_media":347,"comment_status":"open","ping_status":"closed","template":"","meta":[],"product_brand":[],"product_cat":[23],"product_tag":[],"class_list":{"0":"post-343","1":"product","2":"type-product","3":"status-publish","4":"has-post-thumbnail","6":"product_cat-accesorios","8":"first","9":"instock","10":"shipping-taxable","11":"purchasable","12":"product-type-simple"},"aioseo_notices":[],"jetpack_sharing_enabled":true,"_links":{"self":[{"href":"https:\/\/gadgetingcar.com\/pl\/wp-json\/wp\/v2\/product\/343","targetHints":{"allow":["GET"]}}],"collection":[{"href":"https:\/\/gadgetingcar.com\/pl\/wp-json\/wp\/v2\/product"}],"about":[{"href":"https:\/\/gadgetingcar.com\/pl\/wp-json\/wp\/v2\/types\/product"}],"replies":[{"embeddable":true,"href":"https:\/\/gadgetingcar.com\/pl\/wp-json\/wp\/v2\/comments?post=343"}],"wp:featuredmedia":[{"embeddable":true,"href":"https:\/\/gadgetingcar.com\/pl\/wp-json\/wp\/v2\/media\/347"}],"wp:attachment":[{"href":"https:\/\/gadgetingcar.com\/pl\/wp-json\/wp\/v2\/media?parent=343"}],"wp:term":[{"taxonomy":"product_brand","embeddable":true,"href":"https:\/\/gadgetingcar.com\/pl\/wp-json\/wp\/v2\/product_brand?post=343"},{"taxonomy":"product_cat","embeddable":true,"href":"https:\/\/gadgetingcar.com\/pl\/wp-json\/wp\/v2\/product_cat?post=343"},{"taxonomy":"product_tag","embeddable":true,"href":"https:\/\/gadgetingcar.com\/pl\/wp-json\/wp\/v2\/product_tag?post=343"}],"curies":[{"name":"wp","href":"https:\/\/api.w.org\/{rel}","templated":true}]}}