{"id":560,"date":"2024-12-21T16:03:25","date_gmt":"2024-12-21T16:03:25","guid":{"rendered":"https:\/\/gadgetingcar.com\/producto\/coche-de-drift-toyota-ae-86\/"},"modified":"2025-09-15T05:49:27","modified_gmt":"2025-09-15T05:49:27","slug":"samochod-do-driftu-toyota-ae-86","status":"publish","type":"product","link":"https:\/\/gadgetingcar.com\/pl\/product\/samochod-do-driftu-toyota-ae-86\/","title":{"rendered":"Samoch\u00f3d do driftu, Toyota AE 86"},"content":{"rendered":"<p>G\u0142\u00f3wne cechy:<br \/>\nRealistyczny design i dopracowane detale: Ten wiruj\u0105cy samoch\u00f3d do driftu zachwyca ultrarealistycznym wygl\u0105dem, w tym ruchomymi elementami, takimi jak ko\u0142a i drzwi, co nadaje mu autentyczny i urzekaj\u0105cy charakter. Szczeg\u00f3\u0142owe wn\u0119trze zachwyci mi\u0142o\u015bnik\u00f3w motoryzacji, gwarantuj\u0105c precyzyjne wykonanie ka\u017cdego elementu.<br \/>\nIdealny dla fan\u00f3w i entuzjast\u00f3w: Idealny dla mi\u0142o\u015bnik\u00f3w luksusowych samochod\u00f3w i kultowych modeli. Niezale\u017cnie od tego, czy jeste\u015b kolekcjonerem, entuzjast\u0105 motoryzacji, czy po prostu chcesz nada\u0107 swojemu samochodowi lub przestrzeni wyj\u0105tkowego charakteru, ta ozdoba jest idealna dla Ciebie.<\/p>\n<p>Od\u015bwie\u017cone wra\u017cenia z jazdy: Dodaj \u015bwie\u017co\u015bci i dynamiki do swoich wra\u017ce\u0144 z jazdy. Ten dodatek nie tylko zdobi, ale tak\u017ce budzi emocje dzi\u0119ki swojemu \u017cywemu i nowoczesnemu designowi.<\/p>\n<p>Idealny prezent: Zaskocz swoich przyjaci\u00f3\u0142 lub bliskich, kt\u00f3rzy pasjonuj\u0105 si\u0119 motoryzacj\u0105. Ten samoch\u00f3d do driftu to wyj\u0105tkowy i niezapomniany prezent, kt\u00f3ry z pewno\u015bci\u0105 doceni\u0105 mi\u0142o\u015bnicy modeli samochodowych.<\/p>\n<p>Specyfikacja produktu:<br \/>\nDost\u0119pne style: Toyota AE 86<br \/>\nZawarto\u015b\u0107: 1 samoch\u00f3d, 1 sk\u0142adany stojak do eksponowania modeli driftowych, 2 dodatkowe kleje.<br \/>\nMateria\u0142: Wyr\u00f3wnanie metalowe.<\/p>\n<p>Wa\u017cna uwaga:<br \/>\nProdukt zosta\u0142 wykonany z dba\u0142o\u015bci\u0105 o szczeg\u00f3\u0142y, jednak ze wzgl\u0119du na pomiary r\u0119czne mog\u0105 wyst\u0105pi\u0107 niewielkie r\u00f3\u017cnice w rozmiarze (1-2 cm). Ponadto kolory mog\u0105 si\u0119 nieznacznie r\u00f3\u017cni\u0107 ze wzgl\u0119du na ustawienia monitora.<\/p>","protected":false},"excerpt":{"rendered":"<p>Caracter\u00edsticas Principales: Dise\u00f1o Realista y Detalles Meticulosos: Este coche giratorio de drift cuenta con un aspecto ultra realista que incluye piezas m\u00f3viles como ruedas y puertas, lo que le da un toque aut\u00e9ntico y fascinante. El interior detallado har\u00e1 las delicias de los amantes de los autom\u00f3viles, asegurando que cada elemento est\u00e9 dise\u00f1ado con precisi\u00f3n. [&hellip;]<\/p>","protected":false},"featured_media":559,"comment_status":"open","ping_status":"closed","template":"","meta":[],"product_brand":[],"product_cat":[15],"product_tag":[],"class_list":{"0":"post-560","1":"product","2":"type-product","3":"status-publish","4":"has-post-thumbnail","6":"product_cat-sin-categorizar","8":"first","9":"instock","10":"shipping-taxable","11":"purchasable","12":"product-type-simple"},"aioseo_notices":[],"jetpack_sharing_enabled":true,"_links":{"self":[{"href":"https:\/\/gadgetingcar.com\/pl\/wp-json\/wp\/v2\/product\/560","targetHints":{"allow":["GET"]}}],"collection":[{"href":"https:\/\/gadgetingcar.com\/pl\/wp-json\/wp\/v2\/product"}],"about":[{"href":"https:\/\/gadgetingcar.com\/pl\/wp-json\/wp\/v2\/types\/product"}],"replies":[{"embeddable":true,"href":"https:\/\/gadgetingcar.com\/pl\/wp-json\/wp\/v2\/comments?post=560"}],"wp:featuredmedia":[{"embeddable":true,"href":"https:\/\/gadgetingcar.com\/pl\/wp-json\/wp\/v2\/media\/559"}],"wp:attachment":[{"href":"https:\/\/gadgetingcar.com\/pl\/wp-json\/wp\/v2\/media?parent=560"}],"wp:term":[{"taxonomy":"product_brand","embeddable":true,"href":"https:\/\/gadgetingcar.com\/pl\/wp-json\/wp\/v2\/product_brand?post=560"},{"taxonomy":"product_cat","embeddable":true,"href":"https:\/\/gadgetingcar.com\/pl\/wp-json\/wp\/v2\/product_cat?post=560"},{"taxonomy":"product_tag","embeddable":true,"href":"https:\/\/gadgetingcar.com\/pl\/wp-json\/wp\/v2\/product_tag?post=560"}],"curies":[{"name":"wp","href":"https:\/\/api.w.org\/{rel}","templated":true}]}}