{"id":59,"date":"2024-12-09T15:55:59","date_gmt":"2024-12-09T15:55:59","guid":{"rendered":"https:\/\/gadgetingcar.com\/?post_type=product&#038;p=59"},"modified":"2024-12-15T11:01:40","modified_gmt":"2024-12-15T11:01:40","slug":"obracajacy-sie-samochod-porsche-drift","status":"publish","type":"product","link":"https:\/\/gadgetingcar.com\/pl\/product\/obracajacy-sie-samochod-porsche-drift\/","title":{"rendered":"Obrotowy samoch\u00f3d driftowy, Porsche"},"content":{"rendered":"<p><strong>G\u0142\u00f3wne cechy:<\/strong><\/p>\n<ul>\n<li><strong>Realistyczny projekt i dopracowane szczeg\u00f3\u0142y:<\/strong> Ten obrotowy samoch\u00f3d do driftu charakteryzuje si\u0119 ultrarealistycznym wygl\u0105dem, dzi\u0119ki ruchomym elementom, takim jak ko\u0142a i drzwi, co nadaje mu autentyczny i urzekaj\u0105cy charakter. Szczeg\u00f3\u0142owo dopracowane wn\u0119trze zachwyci mi\u0142o\u015bnik\u00f3w motoryzacji, gwarantuj\u0105c precyzyjne wykonanie ka\u017cdego elementu.<\/li>\n<li><strong>Idealne dla fan\u00f3w i entuzjast\u00f3w:<\/strong> Idealna dla mi\u0142o\u015bnik\u00f3w luksusowych samochod\u00f3w i kultowych modeli. Niezale\u017cnie od tego, czy jeste\u015b kolekcjonerem, pasjonatem motoryzacji, czy po prostu chcesz nada\u0107 swojemu samochodowi lub przestrzeni wyj\u0105tkowego charakteru, ta ozdoba jest dla Ciebie idealna.<\/li>\n<li><strong>Odnowione wra\u017cenia z jazdy:<\/strong> Dodaj \u015bwie\u017co\u015bci i dynamiki do swoich wra\u017ce\u0144 z jazdy. Ten dodatek nie tylko zdobi, ale tak\u017ce budzi emocje dzi\u0119ki swojemu \u017cywemu i nowoczesnemu designowi.<\/li>\n<li><strong>Idealny prezent:<\/strong> Zaskocz swoich przyjaci\u00f3\u0142 lub bliskich, kt\u00f3rzy pasjonuj\u0105 si\u0119 motoryzacj\u0105. Ten samoch\u00f3d do driftu to wyj\u0105tkowy i niezapomniany prezent, kt\u00f3ry z pewno\u015bci\u0105 doceni\u0105 mi\u0142o\u015bnicy modeli samochodowych.<\/li>\n<\/ul>\n<p>&nbsp;<\/p>\n<hr \/>\n<p><strong>Specyfikacja produktu:<\/strong><\/p>\n<ul>\n<li><strong>Dost\u0119pne style:<\/strong> Porsche 911<\/li>\n<li><strong>Dost\u0119pne kolory: <\/strong>Niebieski, czerwony, zielony i bia\u0142y.<\/li>\n<li><strong>Zawiera:<\/strong> 1 samoch\u00f3d, 1 sk\u0142adany stojak do driftu, 2 dodatkowe kleje.<\/li>\n<li><strong>Materia\u0142:<\/strong> Wyr\u00f3wnanie metalu.<\/li>\n<\/ul>\n<p>&nbsp;<\/p>\n<hr \/>\n<p><strong>Wa\u017cna uwaga:<\/strong><br \/>\nProdukt zosta\u0142 wykonany z dba\u0142o\u015bci\u0105 o szczeg\u00f3\u0142y, jednak ze wzgl\u0119du na pomiary r\u0119czne mog\u0105 wyst\u0105pi\u0107 niewielkie r\u00f3\u017cnice w rozmiarze (1-2 cm). Ponadto kolory mog\u0105 si\u0119 nieznacznie r\u00f3\u017cni\u0107 ze wzgl\u0119du na ustawienia monitora.<\/p>","protected":false},"excerpt":{"rendered":"<div class=\"flex max-w-full flex-col flex-grow\">\n<div class=\"min-h-8 text-message flex w-full flex-col items-end gap-2 whitespace-normal break-words text-start [.text-message+&amp;]:mt-5\" dir=\"auto\" data-message-author-role=\"assistant\" data-message-id=\"c4359df1-a71e-45c2-bbfa-7700ae9f510c\" data-message-model-slug=\"gpt-4o\">\n<div class=\"flex w-full flex-col gap-1 empty:hidden first:pt-[3px]\">\n<div class=\"markdown prose w-full break-words dark:prose-invert light\">\n<p>Odmie\u0144 sw\u00f3j samoch\u00f3d lub przestrze\u0144 dzi\u0119ki tej wyj\u0105tkowej, obrotowej zabawce Drift Car! Realistyczny design, \u017cywe kolory i ruchome cz\u0119\u015bci sprawiaj\u0105, \u017ce to idealny prezent dla mi\u0142o\u015bnik\u00f3w motoryzacji. Dodaj swojemu \u017cyciu wyj\u0105tkowego i nowoczesnego akcentu.<\/p>\n<\/div>\n<\/div>\n<\/div>\n<\/div>","protected":false},"featured_media":71,"comment_status":"open","ping_status":"closed","template":"","meta":[],"product_brand":[],"product_cat":[18],"product_tag":[],"class_list":{"0":"post-59","1":"product","2":"type-product","3":"status-publish","4":"has-post-thumbnail","6":"product_cat-juguetes","8":"first","9":"instock","10":"shipping-taxable","11":"purchasable","12":"product-type-variable"},"aioseo_notices":[],"jetpack_sharing_enabled":true,"_links":{"self":[{"href":"https:\/\/gadgetingcar.com\/pl\/wp-json\/wp\/v2\/product\/59","targetHints":{"allow":["GET"]}}],"collection":[{"href":"https:\/\/gadgetingcar.com\/pl\/wp-json\/wp\/v2\/product"}],"about":[{"href":"https:\/\/gadgetingcar.com\/pl\/wp-json\/wp\/v2\/types\/product"}],"replies":[{"embeddable":true,"href":"https:\/\/gadgetingcar.com\/pl\/wp-json\/wp\/v2\/comments?post=59"}],"wp:featuredmedia":[{"embeddable":true,"href":"https:\/\/gadgetingcar.com\/pl\/wp-json\/wp\/v2\/media\/71"}],"wp:attachment":[{"href":"https:\/\/gadgetingcar.com\/pl\/wp-json\/wp\/v2\/media?parent=59"}],"wp:term":[{"taxonomy":"product_brand","embeddable":true,"href":"https:\/\/gadgetingcar.com\/pl\/wp-json\/wp\/v2\/product_brand?post=59"},{"taxonomy":"product_cat","embeddable":true,"href":"https:\/\/gadgetingcar.com\/pl\/wp-json\/wp\/v2\/product_cat?post=59"},{"taxonomy":"product_tag","embeddable":true,"href":"https:\/\/gadgetingcar.com\/pl\/wp-json\/wp\/v2\/product_tag?post=59"}],"curies":[{"name":"wp","href":"https:\/\/api.w.org\/{rel}","templated":true}]}}