{"id":707,"date":"2025-01-27T22:36:58","date_gmt":"2025-01-27T22:36:58","guid":{"rendered":"https:\/\/gadgetingcar.com\/?post_type=product&#038;p=707"},"modified":"2025-10-15T20:35:05","modified_gmt":"2025-10-15T20:35:05","slug":"zaparkowales-swoje-karty-jak-gowno","status":"publish","type":"product","link":"https:\/\/gadgetingcar.com\/pl\/product\/zaparkowales-swoje-karty-jak-gowno\/","title":{"rendered":"Karty \"Zaparkowa\u0142e\u015b jak dupa\"."},"content":{"rendered":"<div dir=\"auto\"><strong>Masz do\u015b\u0107 kiepskich parkingowych? Daj im lekcj\u0119 w dobrym stylu!\u00a0<\/strong><\/div>\n<div dir=\"auto\"><\/div>\n<div dir=\"auto\">Wszyscy widzieli\u015bmy te \u017ale zaparkowane samochody:<\/div>\n<div dir=\"auto\">\u2013 W dw\u00f3ch miejscach jednocze\u015bnie.<\/div>\n<div dir=\"auto\">\u2013 Stop\u0119 od linii, jakby grali w Tetrisa.<\/div>\n<div dir=\"auto\">\u2013 Albo bezpo\u015brednio zajmuje pas ruchu, uniemo\u017cliwiaj\u0105c nawet wyprzedzanie.<\/div>\n<div dir=\"auto\"><\/div>\n<div dir=\"auto\">Je\u015bli kiedykolwiek poczu\u0142e\u015b potrzeb\u0119 udzielenia komu\u015b nauczki (albo po prostu wy\u017calinia si\u0119), te kartki to Twoja nowa tajna bro\u0144. Koniec z cichymi obelgami i nienawistnymi spojrzeniami: zostaw kartk\u0119, po\u015bmiej si\u0119 i wr\u00f3\u0107 do swoich zaj\u0119\u0107.<\/div>\n<div dir=\"auto\"><\/div>\n<div dir=\"auto\">\u25ca 100% gwarantowany sarkazm.<\/div>\n<div dir=\"auto\">\u25ca Gwarantowana dobra zabawa (dla Ciebie, nie dla osoby, kt\u00f3ra j\u0105 otrzymuje).<\/div>\n<div dir=\"auto\">\u25ca Idealny prezent dla przyjaci\u00f3\u0142 o wybuchowym charakterze i ceni\u0105cych sobie bezpiecze\u0144stwo na drodze.<\/div>\n<div dir=\"auto\"><\/div>\n<div dir=\"auto\"><strong>Zam\u00f3w sw\u00f3j pakiet ju\u017c teraz i sta\u0144 si\u0119 bohaterem, kt\u00f3rego potrzebuje ruch uliczny!<\/strong><\/div>\n<div dir=\"auto\"><\/div>\n<p>&nbsp;<\/p>","protected":false},"excerpt":{"rendered":"<p>Idealne karty dla os\u00f3b, kt\u00f3re nie wiedz\u0105, jak parkowa\u0107.<\/p>","protected":false},"featured_media":708,"comment_status":"open","ping_status":"closed","template":"","meta":[],"product_brand":[],"product_cat":[28],"product_tag":[],"class_list":{"0":"post-707","1":"product","2":"type-product","3":"status-publish","4":"has-post-thumbnail","6":"product_cat-tarjetas","8":"first","9":"instock","10":"sale","11":"shipping-taxable","12":"purchasable","13":"product-type-variable"},"aioseo_notices":[],"jetpack_sharing_enabled":true,"_links":{"self":[{"href":"https:\/\/gadgetingcar.com\/pl\/wp-json\/wp\/v2\/product\/707","targetHints":{"allow":["GET"]}}],"collection":[{"href":"https:\/\/gadgetingcar.com\/pl\/wp-json\/wp\/v2\/product"}],"about":[{"href":"https:\/\/gadgetingcar.com\/pl\/wp-json\/wp\/v2\/types\/product"}],"replies":[{"embeddable":true,"href":"https:\/\/gadgetingcar.com\/pl\/wp-json\/wp\/v2\/comments?post=707"}],"wp:featuredmedia":[{"embeddable":true,"href":"https:\/\/gadgetingcar.com\/pl\/wp-json\/wp\/v2\/media\/708"}],"wp:attachment":[{"href":"https:\/\/gadgetingcar.com\/pl\/wp-json\/wp\/v2\/media?parent=707"}],"wp:term":[{"taxonomy":"product_brand","embeddable":true,"href":"https:\/\/gadgetingcar.com\/pl\/wp-json\/wp\/v2\/product_brand?post=707"},{"taxonomy":"product_cat","embeddable":true,"href":"https:\/\/gadgetingcar.com\/pl\/wp-json\/wp\/v2\/product_cat?post=707"},{"taxonomy":"product_tag","embeddable":true,"href":"https:\/\/gadgetingcar.com\/pl\/wp-json\/wp\/v2\/product_tag?post=707"}],"curies":[{"name":"wp","href":"https:\/\/api.w.org\/{rel}","templated":true}]}}