{"id":921,"date":"2025-02-17T21:50:27","date_gmt":"2025-02-17T21:50:27","guid":{"rendered":"https:\/\/gadgetingcar.com\/?post_type=product&#038;p=921"},"modified":"2026-03-09T18:56:51","modified_gmt":"2026-03-09T18:56:51","slug":"szablon-ktory-zaparkowales-jak-clo","status":"publish","type":"product","link":"https:\/\/gadgetingcar.com\/pl\/product\/szablon-ktory-zaparkowales-jak-clo\/","title":{"rendered":"Szablon \"Zaparkowa\u0142e\u015b jak C*lo\"."},"content":{"rendered":"<p>Szablon \u00abParkujesz jak C\u201d<em data-start=\"31\" data-end=\"235\">\u00bbLo\u00ab to humorystyczny projekt maj\u0105cy na celu \u017cartobliwe zwr\u00f3cenie uwagi na z\u0142e parkowanie. Sk\u0142ada si\u0119 z obrazka na czarnym tle i du\u017cego bia\u0142ego tekstu: \u201eZAPARKOWA\u0141E\u015a JAK C\u201d.<\/em>LO\u00bb (zast\u0119puj\u0105c \u00abU\u00bb gwiazdk\u0105). Poni\u017cej, mniejsz\u0105 czcionk\u0105, widnieje napis: \u00ab(ROZUMIE SI\u0118)\u00bb. Projekt jest dost\u0119pny do pobrania w formacie PDF, dzi\u0119ki czemu u\u017cytkownicy mog\u0105 go wydrukowa\u0107 i wykorzysta\u0107 wed\u0142ug w\u0142asnego uznania.<\/p>","protected":false},"excerpt":{"rendered":"<p>La \u00abPlantilla Aparcas Como el Clo\u00bb es un dise\u00f1o humor\u00edstico destinado a se\u00f1alar de manera divertida los malos estacionamientos. Consiste en una imagen con fondo negro y texto blanco en letras grandes que dice: \u00abHAS APARCADO COMO EL CLO\u00bb (sustituyendo la \u00abU\u00bb por un asterisco). Debajo, en una tipograf\u00eda m\u00e1s peque\u00f1a, se lee: \u00ab(RAZ\u00d3N POR [&hellip;]<\/p>","protected":false},"featured_media":708,"comment_status":"open","ping_status":"closed","template":"","meta":[],"product_brand":[],"product_cat":[15],"product_tag":[],"class_list":{"0":"post-921","1":"product","2":"type-product","3":"status-publish","4":"has-post-thumbnail","6":"product_cat-sin-categorizar","8":"first","9":"instock","10":"downloadable","11":"shipping-taxable","12":"purchasable","13":"product-type-simple"},"aioseo_notices":[],"jetpack_sharing_enabled":true,"_links":{"self":[{"href":"https:\/\/gadgetingcar.com\/pl\/wp-json\/wp\/v2\/product\/921","targetHints":{"allow":["GET"]}}],"collection":[{"href":"https:\/\/gadgetingcar.com\/pl\/wp-json\/wp\/v2\/product"}],"about":[{"href":"https:\/\/gadgetingcar.com\/pl\/wp-json\/wp\/v2\/types\/product"}],"replies":[{"embeddable":true,"href":"https:\/\/gadgetingcar.com\/pl\/wp-json\/wp\/v2\/comments?post=921"}],"wp:featuredmedia":[{"embeddable":true,"href":"https:\/\/gadgetingcar.com\/pl\/wp-json\/wp\/v2\/media\/708"}],"wp:attachment":[{"href":"https:\/\/gadgetingcar.com\/pl\/wp-json\/wp\/v2\/media?parent=921"}],"wp:term":[{"taxonomy":"product_brand","embeddable":true,"href":"https:\/\/gadgetingcar.com\/pl\/wp-json\/wp\/v2\/product_brand?post=921"},{"taxonomy":"product_cat","embeddable":true,"href":"https:\/\/gadgetingcar.com\/pl\/wp-json\/wp\/v2\/product_cat?post=921"},{"taxonomy":"product_tag","embeddable":true,"href":"https:\/\/gadgetingcar.com\/pl\/wp-json\/wp\/v2\/product_tag?post=921"}],"curies":[{"name":"wp","href":"https:\/\/api.w.org\/{rel}","templated":true}]}}