{"id":1536,"date":"2025-07-03T18:45:48","date_gmt":"2025-07-03T18:45:48","guid":{"rendered":"https:\/\/gadgetingcar.com\/?post_type=product&#038;p=1536"},"modified":"2025-10-24T23:07:33","modified_gmt":"2025-10-24T23:07:33","slug":"macaco-hidraulico-para-carros-e-caminhoes","status":"publish","type":"product","link":"https:\/\/gadgetingcar.com\/pt\/product\/macaco-hidraulico-para-carros-e-caminhoes\/","title":{"rendered":"Macaco hidr\u00e1ulico port\u00e1til para carros e cami\u00f5es"},"content":{"rendered":"<h3 data-start=\"275\" data-end=\"312\"><strong data-start=\"279\" data-end=\"310\">Principais caracter\u00edsticas<\/strong><\/h3>\n<ul data-start=\"313\" data-end=\"1175\">\n<li data-start=\"313\" data-end=\"482\">\n<p data-start=\"315\" data-end=\"482\"><strong data-start=\"315\" data-end=\"361\">Capacidade de eleva\u00e7\u00e3o de 8 toneladas (8T)<\/strong>Ideal para levantar carros, caminh\u00f5es, caravanas e tratores sem esfor\u00e7o. Suporta cargas pesadas com seguran\u00e7a.<\/p>\n<\/li>\n<li data-start=\"483\" data-end=\"634\">\n<p data-start=\"485\" data-end=\"634\"><strong data-start=\"485\" data-end=\"509\">Constru\u00e7\u00e3o robusta<\/strong>Corpo totalmente em metal fundido com chapa de a\u00e7o espessa que garante durabilidade e resist\u00eancia a longo prazo.<\/p>\n<\/li>\n<li data-start=\"635\" data-end=\"798\">\n<p data-start=\"637\" data-end=\"798\"><strong data-start=\"637\" data-end=\"657\">Altura ajust\u00e1vel<\/strong>Permite extens\u00e3o de 200 mm a 385 mm com um mecanismo de parafuso superior, facilitando o trabalho em ve\u00edculos de diferentes alturas.<\/p>\n<\/li>\n<li data-start=\"799\" data-end=\"917\">\n<p data-start=\"801\" data-end=\"917\"><strong data-start=\"801\" data-end=\"831\">Design port\u00e1til e pr\u00e1tico<\/strong>Com al\u00e7a remov\u00edvel em duas partes para facilitar o transporte e o armazenamento.<\/p>\n<\/li>\n<li data-start=\"918\" data-end=\"1046\">\n<p data-start=\"920\" data-end=\"1046\"><strong data-start=\"920\" data-end=\"945\">Seguran\u00e7a garantida<\/strong>Superf\u00edcie superior antiderrapante com ranhuras transversais e base alargada para maior estabilidade.<\/p>\n<\/li>\n<li data-start=\"1047\" data-end=\"1175\">\n<p data-start=\"1049\" data-end=\"1175\"><strong data-start=\"1049\" data-end=\"1076\">Opera\u00e7\u00e3o simples<\/strong>Sistema hidr\u00e1ulico com v\u00e1lvula de retorno de \u00f3leo que permite a descida autom\u00e1tica controlada.<\/p>\n<\/li>\n<\/ul>\n<h3 data-start=\"1177\" data-end=\"1212\"><strong data-start=\"1181\" data-end=\"1210\">Especifica\u00e7\u00f5es t\u00e9cnicas<\/strong><\/h3>\n<div class=\"_tableContainer_80l1q_1\">\n<div class=\"_tableWrapper_80l1q_14 group flex w-fit flex-col-reverse\" tabindex=\"-1\">\n<table class=\"w-fit min-w-(--thread-content-width)\" data-start=\"1213\" data-end=\"2075\">\n<thead data-start=\"1213\" data-end=\"1283\">\n<tr data-start=\"1213\" data-end=\"1283\">\n<th data-start=\"1213\" data-end=\"1239\" data-col-size=\"sm\">Especifica\u00e7\u00e3o<\/th>\n<th data-start=\"1239\" data-end=\"1283\" data-col-size=\"sm\">Detalhe<\/th>\n<\/tr>\n<\/thead>\n<tbody data-start=\"1356\" data-end=\"2075\">\n<tr data-start=\"1356\" data-end=\"1427\">\n<td data-start=\"1356\" data-end=\"1383\" data-col-size=\"sm\">Cara<\/td>\n<td data-col-size=\"sm\" data-start=\"1383\" data-end=\"1427\">Macaco hidr\u00e1ulico de garrafa<\/td>\n<\/tr>\n<tr data-start=\"1428\" data-end=\"1499\">\n<td data-start=\"1428\" data-end=\"1455\" data-col-size=\"sm\">Capacidade de carga<\/td>\n<td data-col-size=\"sm\" data-start=\"1455\" data-end=\"1499\">8 toneladas (8000 kg)<\/td>\n<\/tr>\n<tr data-start=\"1500\" data-end=\"1571\">\n<td data-start=\"1500\" data-end=\"1527\" data-col-size=\"sm\">Altura m\u00ednima<\/td>\n<td data-col-size=\"sm\" data-start=\"1527\" data-end=\"1571\">200 mm (7,87 polegadas)<\/td>\n<\/tr>\n<tr data-start=\"1572\" data-end=\"1643\">\n<td data-start=\"1572\" data-end=\"1599\" data-col-size=\"sm\">Altura m\u00e1xima<\/td>\n<td data-col-size=\"sm\" data-start=\"1599\" data-end=\"1643\">385 mm (15,15 polegadas)<\/td>\n<\/tr>\n<tr data-start=\"1644\" data-end=\"1715\">\n<td data-start=\"1644\" data-end=\"1671\" data-col-size=\"sm\">Altura ajust\u00e1vel<\/td>\n<td data-col-size=\"sm\" data-start=\"1671\" data-end=\"1715\">60 mm<\/td>\n<\/tr>\n<tr data-start=\"1716\" data-end=\"1787\">\n<td data-start=\"1716\" data-end=\"1743\" data-col-size=\"sm\">altura de eleva\u00e7\u00e3o<\/td>\n<td data-col-size=\"sm\" data-start=\"1743\" data-end=\"1787\">125 mm<\/td>\n<\/tr>\n<tr data-start=\"1788\" data-end=\"1859\">\n<td data-start=\"1788\" data-end=\"1815\" data-col-size=\"sm\">Peso<\/td>\n<td data-col-size=\"sm\" data-start=\"1815\" data-end=\"1859\">3,75 kg<\/td>\n<\/tr>\n<tr data-start=\"1860\" data-end=\"1931\">\n<td data-start=\"1860\" data-end=\"1887\" data-col-size=\"sm\">Material<\/td>\n<td data-col-size=\"sm\" data-start=\"1887\" data-end=\"1931\">Metal com acabamento dur\u00e1vel<\/td>\n<\/tr>\n<tr data-start=\"1932\" data-end=\"2003\">\n<td data-start=\"1932\" data-end=\"1959\" data-col-size=\"sm\">Aplica\u00e7\u00f5es<\/td>\n<td data-col-size=\"sm\" data-start=\"1959\" data-end=\"2003\">Automotivo, agricultura, ind\u00fastria<\/td>\n<\/tr>\n<tr data-start=\"2004\" data-end=\"2075\">\n<td data-start=\"2004\" data-end=\"2031\" data-col-size=\"sm\">Requer uso vertical<\/td>\n<td data-col-size=\"sm\" data-start=\"2031\" data-end=\"2075\">Sim (n\u00e3o use de lado ou de cabe\u00e7a para baixo)<\/td>\n<\/tr>\n<\/tbody>\n<\/table>\n<div class=\"sticky end-(--thread-content-margin) h-0 self-end select-none\">\n<div class=\"absolute end-0 flex items-end\"><\/div>\n<\/div>\n<\/div>\n<\/div>\n<h3 data-start=\"2077\" data-end=\"2110\"><strong data-start=\"2081\" data-end=\"2108\">Por que este produto?<\/strong><\/h3>\n<p data-start=\"2111\" data-end=\"2498\">Este macaco hidr\u00e1ulico tipo garrafa \u00e9 uma solu\u00e7\u00e3o compacta e potente para levantar ve\u00edculos pesados com seguran\u00e7a e facilidade. Seu design em metal refor\u00e7ado e opera\u00e7\u00e3o intuitiva o tornam ideal tanto para uso profissional quanto para emerg\u00eancias na estrada. Inclui tamb\u00e9m instru\u00e7\u00f5es para manuten\u00e7\u00e3o simplificada do sistema hidr\u00e1ulico, garantindo longa vida \u00fatil e prevenindo vazamentos.<\/p>\n<p data-start=\"2500\" data-end=\"2686\">Ideal para mec\u00e2nicos, transportadores e motoristas que precisam de uma ferramenta confi\u00e1vel, este elevador \u00e9 um investimento inteligente para qualquer caixa de ferramentas automotiva.<\/p>","protected":false},"excerpt":{"rendered":"<p data-start=\"2018\" data-end=\"2164\">Macaco hidr\u00e1ulico port\u00e1til de 8 toneladas, ideal para levantar carros, caminh\u00f5es e tratores com seguran\u00e7a e facilidade. Robusto, compacto e confi\u00e1vel.<\/p>","protected":false},"featured_media":1537,"comment_status":"open","ping_status":"closed","template":"","meta":[],"product_brand":[],"product_cat":[23],"product_tag":[],"class_list":{"0":"post-1536","1":"product","2":"type-product","3":"status-publish","4":"has-post-thumbnail","6":"product_cat-accesorios","8":"first","9":"instock","10":"sale","11":"shipping-taxable","12":"purchasable","13":"product-type-simple"},"aioseo_notices":[],"jetpack_sharing_enabled":true,"_links":{"self":[{"href":"https:\/\/gadgetingcar.com\/pt\/wp-json\/wp\/v2\/product\/1536","targetHints":{"allow":["GET"]}}],"collection":[{"href":"https:\/\/gadgetingcar.com\/pt\/wp-json\/wp\/v2\/product"}],"about":[{"href":"https:\/\/gadgetingcar.com\/pt\/wp-json\/wp\/v2\/types\/product"}],"replies":[{"embeddable":true,"href":"https:\/\/gadgetingcar.com\/pt\/wp-json\/wp\/v2\/comments?post=1536"}],"wp:featuredmedia":[{"embeddable":true,"href":"https:\/\/gadgetingcar.com\/pt\/wp-json\/wp\/v2\/media\/1537"}],"wp:attachment":[{"href":"https:\/\/gadgetingcar.com\/pt\/wp-json\/wp\/v2\/media?parent=1536"}],"wp:term":[{"taxonomy":"product_brand","embeddable":true,"href":"https:\/\/gadgetingcar.com\/pt\/wp-json\/wp\/v2\/product_brand?post=1536"},{"taxonomy":"product_cat","embeddable":true,"href":"https:\/\/gadgetingcar.com\/pt\/wp-json\/wp\/v2\/product_cat?post=1536"},{"taxonomy":"product_tag","embeddable":true,"href":"https:\/\/gadgetingcar.com\/pt\/wp-json\/wp\/v2\/product_tag?post=1536"}],"curies":[{"name":"wp","href":"https:\/\/api.w.org\/{rel}","templated":true}]}}