{"id":1872,"date":"2025-11-25T21:20:40","date_gmt":"2025-11-25T21:20:40","guid":{"rendered":"https:\/\/gadgetingcar.com\/?post_type=product&#038;p=1872"},"modified":"2025-12-03T11:55:58","modified_gmt":"2025-12-03T11:55:58","slug":"suporte-para-celular-veicular-topk-com-clipe-giratorio-de-360-para-saida-de-ar-compativel-com-capas-grossas","status":"publish","type":"product","link":"https:\/\/gadgetingcar.com\/pt\/product\/suporte-para-celular-veicular-topk-com-clipe-giratorio-de-360-para-saida-de-ar-compativel-com-capas-grossas\/","title":{"rendered":"Suporte para celular TOPK para carro com clipe para sa\u00edda de ar, rota\u00e7\u00e3o de 360\u00b0, compat\u00edvel com capas grossas."},"content":{"rendered":"<p data-start=\"325\" data-end=\"779\"><strong data-start=\"325\" data-end=\"357\">Carater\u00edsticas principais:<\/strong><br data-start=\"357\" data-end=\"360\" \/>O suporte para celular veicular TOPK oferece uma fixa\u00e7\u00e3o firme e segura, mesmo para celulares com capas grossas. Projetado para ser fixado nas sa\u00eddas de ar do ve\u00edculo, possui um clipe de gancho aprimorado para m\u00e1xima estabilidade, ideal para viagens longas, estradas irregulares ou curvas acentuadas. Sua rota\u00e7\u00e3o de 360\u00b0 permite o ajuste f\u00e1cil do \u00e2ngulo de vis\u00e3o, tanto na vertical quanto na horizontal.<\/p>\n<p data-start=\"781\" data-end=\"804\"><strong data-start=\"781\" data-end=\"802\">Especifica\u00e7\u00f5es:<\/strong><\/p>\n<ul data-start=\"805\" data-end=\"1288\">\n<li data-start=\"805\" data-end=\"820\">\n<p data-start=\"807\" data-end=\"820\">Marca: TOPK<\/p>\n<\/li>\n<li data-start=\"821\" data-end=\"932\">\n<p data-start=\"823\" data-end=\"932\">Compatibilidade: Smartphones de 4 a 7 polegadas (incluindo iPhone 14, 13, 12, SE, XS, XR, Samsung Galaxy, etc.)<\/p>\n<\/li>\n<li data-start=\"933\" data-end=\"972\">\n<p data-start=\"935\" data-end=\"972\">Largura de suporte: 6,5 cm a 10,7 cm<\/p>\n<\/li>\n<li data-start=\"973\" data-end=\"992\">\n<p data-start=\"975\" data-end=\"992\">Altura: 13,4 cm<\/p>\n<\/li>\n<li data-start=\"993\" data-end=\"1068\">\n<p data-start=\"995\" data-end=\"1068\">Material: Pl\u00e1stico resistente com almofadas de silicone antirriscos.<\/p>\n<\/li>\n<li data-start=\"1069\" data-end=\"1134\">\n<p data-start=\"1071\" data-end=\"1134\">Montagem: Clipe de ventila\u00e7\u00e3o com gancho de fixa\u00e7\u00e3o refor\u00e7ado<\/p>\n<\/li>\n<li data-start=\"1135\" data-end=\"1214\">\n<p data-start=\"1137\" data-end=\"1214\">Ajuste: rota\u00e7\u00e3o de 360\u00b0, bra\u00e7os laterais ajust\u00e1veis e bot\u00e3o de libera\u00e7\u00e3o r\u00e1pida.<\/p>\n<\/li>\n<li data-start=\"1215\" data-end=\"1288\">\n<p data-start=\"1217\" data-end=\"1288\">Utiliza\u00e7\u00e3o: Compat\u00edvel com grelhas de ventila\u00e7\u00e3o horizontais e verticais.<\/p>\n<\/li>\n<\/ul>\n<p data-start=\"1290\" data-end=\"1735\"><strong data-start=\"1290\" data-end=\"1317\">Por que este produto?<\/strong><br data-start=\"1317\" data-end=\"1320\" \/>Este suporte destaca-se pela facilidade de uso com uma s\u00f3 m\u00e3o, compatibilidade com capas robustas e um sistema de fixa\u00e7\u00e3o seguro que evita quedas acidentais. Al\u00e9m disso, protege o seu telefone contra riscos gra\u00e7as \u00e0s almofadas de silicone e garante uma experi\u00eancia de condu\u00e7\u00e3o segura e confort\u00e1vel. \u00c9 a escolha ideal para quem procura praticidade, durabilidade e estabilidade num \u00fanico produto.<\/p>","protected":false},"excerpt":{"rendered":"<p data-start=\"1742\" data-end=\"1901\">Suporte para celular com fixa\u00e7\u00e3o segura na sa\u00edda de ar, rota\u00e7\u00e3o de 360\u00b0, compat\u00edvel com capas grossas e ajuste com uma s\u00f3 m\u00e3o.<\/p>","protected":false},"featured_media":1931,"comment_status":"open","ping_status":"closed","template":"","meta":[],"product_brand":[],"product_cat":[15],"product_tag":[],"class_list":{"0":"post-1872","1":"product","2":"type-product","3":"status-publish","4":"has-post-thumbnail","6":"product_cat-sin-categorizar","8":"first","9":"instock","10":"sale","11":"shipping-taxable","12":"purchasable","13":"product-type-simple"},"aioseo_notices":[],"jetpack_sharing_enabled":true,"_links":{"self":[{"href":"https:\/\/gadgetingcar.com\/pt\/wp-json\/wp\/v2\/product\/1872","targetHints":{"allow":["GET"]}}],"collection":[{"href":"https:\/\/gadgetingcar.com\/pt\/wp-json\/wp\/v2\/product"}],"about":[{"href":"https:\/\/gadgetingcar.com\/pt\/wp-json\/wp\/v2\/types\/product"}],"replies":[{"embeddable":true,"href":"https:\/\/gadgetingcar.com\/pt\/wp-json\/wp\/v2\/comments?post=1872"}],"wp:featuredmedia":[{"embeddable":true,"href":"https:\/\/gadgetingcar.com\/pt\/wp-json\/wp\/v2\/media\/1931"}],"wp:attachment":[{"href":"https:\/\/gadgetingcar.com\/pt\/wp-json\/wp\/v2\/media?parent=1872"}],"wp:term":[{"taxonomy":"product_brand","embeddable":true,"href":"https:\/\/gadgetingcar.com\/pt\/wp-json\/wp\/v2\/product_brand?post=1872"},{"taxonomy":"product_cat","embeddable":true,"href":"https:\/\/gadgetingcar.com\/pt\/wp-json\/wp\/v2\/product_cat?post=1872"},{"taxonomy":"product_tag","embeddable":true,"href":"https:\/\/gadgetingcar.com\/pt\/wp-json\/wp\/v2\/product_tag?post=1872"}],"curies":[{"name":"wp","href":"https:\/\/api.w.org\/{rel}","templated":true}]}}