{"id":274,"date":"2024-12-10T14:41:58","date_gmt":"2024-12-10T14:41:58","guid":{"rendered":"https:\/\/gadgetingcar.com\/?post_type=product&#038;p=274"},"modified":"2026-03-29T01:27:50","modified_gmt":"2026-03-29T01:27:50","slug":"tampa-da-alavanca-de-velocidades","status":"publish","type":"product","link":"https:\/\/gadgetingcar.com\/pt\/product\/tampa-da-alavanca-de-velocidades\/","title":{"rendered":"Cobertura da alavanca de velocidades"},"content":{"rendered":"<p><strong>Capota para mini-cambio: d\u00ea um toque divertido e moderno ao seu carro<\/strong><\/p>\n<p><strong>Carater\u00edsticas principais:<\/strong><\/p>\n<ul>\n<li><strong>Design \u00fanico e criativo:<\/strong> Este mini-capuz da alavanca de velocidades n\u00e3o \u00e9 apenas um acess\u00f3rio, \u00e9 uma afirma\u00e7\u00e3o de estilo! Transforme um elemento comum do seu autom\u00f3vel no centro das aten\u00e7\u00f5es com este design original e cheio de personalidade. Perfeito para quem procura dar um toque \u00fanico e divertido ao interior do seu autom\u00f3vel.<\/li>\n<li><strong>Prote\u00e7\u00e3o funcional:<\/strong> Para al\u00e9m do seu aspeto atraente, esta cobertura protege a alavanca de velocidades do desgaste di\u00e1rio, do p\u00f3 e dos riscos. Ajuda a manter o seu autom\u00f3vel limpo e bem cuidado, ao mesmo tempo que acrescenta um pormenor inovador ao design interior do seu autom\u00f3vel.<\/li>\n<li><strong>Variedade de cores:<\/strong> Dispon\u00edvel numa vasta gama de cores vibrantes, como vermelho, preto, branco, cinzento, azul e verde, esta mini-camisola adapta-se perfeitamente a qualquer estilo ou prefer\u00eancia. Escolha a sua cor favorita ou misture e combine para criar um visual din\u00e2mico para o seu ve\u00edculo.<\/li>\n<li><strong>Material de alta qualidade:<\/strong> Fabricada em tecido macio e resistente, esta capa \u00e9 duradoura e f\u00e1cil de limpar. O seu design garante conforto ao toque, al\u00e9m de ser f\u00e1cil de instalar e remover, para maior comodidade.<\/li>\n<\/ul>\n<p>&nbsp;<\/p>\n<hr \/>\n<p><strong>Especifica\u00e7\u00f5es do produto:<\/strong><\/p>\n<ul>\n<li><strong>Material:<\/strong> Tecido macio e resistente para uma experi\u00eancia confort\u00e1vel e duradoura.<\/li>\n<li><strong>Cores dispon\u00edveis:<\/strong> Vermelho, preto, branco, cinzento, azul e verde.<\/li>\n<li><strong>Compatibilidade:<\/strong> Adapta-se \u00e0 maioria das alavancas de velocidades normais.<\/li>\n<\/ul>\n<p>&nbsp;<\/p>\n<hr \/>\n<p><strong>Porqu\u00ea escolher a Sweatshirt Mini Shift Lever?<\/strong> Este acess\u00f3rio n\u00e3o s\u00f3 melhora a est\u00e9tica do seu autom\u00f3vel, como tamb\u00e9m o personaliza de uma forma divertida e criativa. \u00c9 ideal para aqueles que querem destacar-se e transformar o seu carro num reflexo do seu estilo \u00fanico. \u00c9 tamb\u00e9m um presente perfeito para os amantes de autom\u00f3veis e entusiastas de pormenores inovadores.<\/p>\n<p><strong>Torne cada mudan\u00e7a de velocidade mais emocionante com este mini-capuz! Personalize o seu ve\u00edculo e d\u00ea um toque especial hoje mesmo - compre agora e surpreenda todos com este original acess\u00f3rio autom\u00f3vel!<\/strong><\/p>","protected":false},"excerpt":{"rendered":"<div class=\"flex max-w-full flex-col flex-grow\">\n<div class=\"min-h-8 text-message flex w-full flex-col items-end gap-2 whitespace-normal break-words text-start [.text-message+&amp;]:mt-5\" dir=\"auto\" data-message-author-role=\"assistant\" data-message-id=\"6a7a0627-521d-4290-b31f-5f57f69ab514\" data-message-model-slug=\"gpt-4o\">\n<div class=\"flex w-full flex-col gap-1 empty:hidden first:pt-[3px]\">\n<div class=\"markdown prose w-full break-words dark:prose-invert light\">\n<p>D\u00ea um toque \u00fanico ao seu carro com este divertido mini-capuz da alavanca de velocidades! Proteja e personalize com estilo - escolha a sua cor favorita e compre j\u00e1!<\/p>\n<\/div>\n<\/div>\n<\/div>\n<\/div>","protected":false},"featured_media":275,"comment_status":"open","ping_status":"closed","template":"","meta":[],"product_brand":[],"product_cat":[24],"product_tag":[],"class_list":{"0":"post-274","1":"product","2":"type-product","3":"status-publish","4":"has-post-thumbnail","6":"product_cat-decoracion","8":"first","9":"instock","10":"shipping-taxable","11":"purchasable","12":"product-type-variable"},"aioseo_notices":[],"jetpack_sharing_enabled":true,"_links":{"self":[{"href":"https:\/\/gadgetingcar.com\/pt\/wp-json\/wp\/v2\/product\/274","targetHints":{"allow":["GET"]}}],"collection":[{"href":"https:\/\/gadgetingcar.com\/pt\/wp-json\/wp\/v2\/product"}],"about":[{"href":"https:\/\/gadgetingcar.com\/pt\/wp-json\/wp\/v2\/types\/product"}],"replies":[{"embeddable":true,"href":"https:\/\/gadgetingcar.com\/pt\/wp-json\/wp\/v2\/comments?post=274"}],"wp:featuredmedia":[{"embeddable":true,"href":"https:\/\/gadgetingcar.com\/pt\/wp-json\/wp\/v2\/media\/275"}],"wp:attachment":[{"href":"https:\/\/gadgetingcar.com\/pt\/wp-json\/wp\/v2\/media?parent=274"}],"wp:term":[{"taxonomy":"product_brand","embeddable":true,"href":"https:\/\/gadgetingcar.com\/pt\/wp-json\/wp\/v2\/product_brand?post=274"},{"taxonomy":"product_cat","embeddable":true,"href":"https:\/\/gadgetingcar.com\/pt\/wp-json\/wp\/v2\/product_cat?post=274"},{"taxonomy":"product_tag","embeddable":true,"href":"https:\/\/gadgetingcar.com\/pt\/wp-json\/wp\/v2\/product_tag?post=274"}],"curies":[{"name":"wp","href":"https:\/\/api.w.org\/{rel}","templated":true}]}}