{"id":707,"date":"2025-01-27T22:36:58","date_gmt":"2025-01-27T22:36:58","guid":{"rendered":"https:\/\/gadgetingcar.com\/?post_type=product&#038;p=707"},"modified":"2025-10-15T20:35:05","modified_gmt":"2025-10-15T20:35:05","slug":"voce-estacionou-seus-cartoes-como-se-fossem-lixo","status":"publish","type":"product","link":"https:\/\/gadgetingcar.com\/pt\/product\/voce-estacionou-seus-cartoes-como-se-fossem-lixo\/","title":{"rendered":"Cart\u00f5es \"Estacionaste como um idiota\"."},"content":{"rendered":"<div dir=\"auto\"><strong>Cansado de maus funcion\u00e1rios do estacionamento? D\u00ea uma li\u00e7\u00e3o neles com estilo!\u00a0<\/strong><\/div>\n<div dir=\"auto\"><\/div>\n<div dir=\"auto\">Todos n\u00f3s j\u00e1 vimos aqueles carros mal estacionados:<\/div>\n<div dir=\"auto\">\u2013 Em dois lugares ao mesmo tempo.<\/div>\n<div dir=\"auto\">\u2013 A um passo da linha, como se estivessem jogando Tetris.<\/div>\n<div dir=\"auto\">Ou ocupando diretamente a faixa, impedindo at\u00e9 mesmo a ultrapassagem.<\/div>\n<div dir=\"auto\"><\/div>\n<div dir=\"auto\">Se voc\u00ea j\u00e1 sentiu necessidade de dar uma li\u00e7\u00e3o em algu\u00e9m (ou simplesmente desabafar), estes cart\u00f5es s\u00e3o sua nova arma secreta. Chega de insultos silenciosos ou olhares de \u00f3dio: deixe um cart\u00e3o, d\u00ea uma risada e siga com o seu dia.<\/div>\n<div dir=\"auto\"><\/div>\n<div dir=\"auto\">\u25ca 100% sarcasmo garantido.<\/div>\n<div dir=\"auto\">\u25ca Divers\u00e3o garantida (para voc\u00ea, n\u00e3o para quem recebe).<\/div>\n<div dir=\"auto\">\u25ca O presente perfeito para amigos com temperamento dif\u00edcil, mas que prezam por uma boa conduta no tr\u00e2nsito.<\/div>\n<div dir=\"auto\"><\/div>\n<div dir=\"auto\"><strong>Encomende j\u00e1 o seu pacote e torne-se o her\u00f3i que o tr\u00e2nsito precisa!<\/strong><\/div>\n<div dir=\"auto\"><\/div>\n<p>&nbsp;<\/p>","protected":false},"excerpt":{"rendered":"<p>Cart\u00f5es perfeitos para dar a pessoas que n\u00e3o sabem estacionar.<\/p>","protected":false},"featured_media":708,"comment_status":"open","ping_status":"closed","template":"","meta":[],"product_brand":[],"product_cat":[28],"product_tag":[],"class_list":{"0":"post-707","1":"product","2":"type-product","3":"status-publish","4":"has-post-thumbnail","6":"product_cat-tarjetas","8":"first","9":"instock","10":"sale","11":"shipping-taxable","12":"purchasable","13":"product-type-variable"},"aioseo_notices":[],"jetpack_sharing_enabled":true,"_links":{"self":[{"href":"https:\/\/gadgetingcar.com\/pt\/wp-json\/wp\/v2\/product\/707","targetHints":{"allow":["GET"]}}],"collection":[{"href":"https:\/\/gadgetingcar.com\/pt\/wp-json\/wp\/v2\/product"}],"about":[{"href":"https:\/\/gadgetingcar.com\/pt\/wp-json\/wp\/v2\/types\/product"}],"replies":[{"embeddable":true,"href":"https:\/\/gadgetingcar.com\/pt\/wp-json\/wp\/v2\/comments?post=707"}],"wp:featuredmedia":[{"embeddable":true,"href":"https:\/\/gadgetingcar.com\/pt\/wp-json\/wp\/v2\/media\/708"}],"wp:attachment":[{"href":"https:\/\/gadgetingcar.com\/pt\/wp-json\/wp\/v2\/media?parent=707"}],"wp:term":[{"taxonomy":"product_brand","embeddable":true,"href":"https:\/\/gadgetingcar.com\/pt\/wp-json\/wp\/v2\/product_brand?post=707"},{"taxonomy":"product_cat","embeddable":true,"href":"https:\/\/gadgetingcar.com\/pt\/wp-json\/wp\/v2\/product_cat?post=707"},{"taxonomy":"product_tag","embeddable":true,"href":"https:\/\/gadgetingcar.com\/pt\/wp-json\/wp\/v2\/product_tag?post=707"}],"curies":[{"name":"wp","href":"https:\/\/api.w.org\/{rel}","templated":true}]}}