{"id":921,"date":"2025-02-17T21:50:27","date_gmt":"2025-02-17T21:50:27","guid":{"rendered":"https:\/\/gadgetingcar.com\/?post_type=product&#038;p=921"},"modified":"2026-03-09T18:56:51","modified_gmt":"2026-03-09T18:56:51","slug":"modelo-que-voce-estacionou-como-o-clo","status":"publish","type":"product","link":"https:\/\/gadgetingcar.com\/pt\/product\/modelo-que-voce-estacionou-como-o-clo\/","title":{"rendered":"Gabarito \"Estacionaste como o C*lo\"."},"content":{"rendered":"<p>Modelo &quot;Voc\u00ea Estaciona Como o C&quot;<em data-start=\"31\" data-end=\"235\">&quot;Lo&quot; \u00e9 um design humor\u00edstico criado para apontar, de forma divertida, estacionamentos malfeitos. Consiste em uma imagem com fundo preto e um grande texto branco que diz: &quot;VOC\u00ca ESTACIONOU COMO UM IDIOTA&quot;<\/em>LO\u00bb (substituindo o \u00abU\u00bb por um asterisco). Abaixo, em letras menores, l\u00ea-se: \u00ab(MOTIVO POR TR\u00c1S DA MARCA)\u00bb. Este design est\u00e1 dispon\u00edvel para download em formato PDF, permitindo que os usu\u00e1rios o imprimam e utilizem como desejarem.<\/p>","protected":false},"excerpt":{"rendered":"<p>La \u00abPlantilla Aparcas Como el Clo\u00bb es un dise\u00f1o humor\u00edstico destinado a se\u00f1alar de manera divertida los malos estacionamientos. Consiste en una imagen con fondo negro y texto blanco en letras grandes que dice: \u00abHAS APARCADO COMO EL CLO\u00bb (sustituyendo la \u00abU\u00bb por un asterisco). Debajo, en una tipograf\u00eda m\u00e1s peque\u00f1a, se lee: \u00ab(RAZ\u00d3N POR [&hellip;]<\/p>","protected":false},"featured_media":708,"comment_status":"open","ping_status":"closed","template":"","meta":[],"product_brand":[],"product_cat":[15],"product_tag":[],"class_list":{"0":"post-921","1":"product","2":"type-product","3":"status-publish","4":"has-post-thumbnail","6":"product_cat-sin-categorizar","8":"first","9":"instock","10":"downloadable","11":"shipping-taxable","12":"purchasable","13":"product-type-simple"},"aioseo_notices":[],"jetpack_sharing_enabled":true,"_links":{"self":[{"href":"https:\/\/gadgetingcar.com\/pt\/wp-json\/wp\/v2\/product\/921","targetHints":{"allow":["GET"]}}],"collection":[{"href":"https:\/\/gadgetingcar.com\/pt\/wp-json\/wp\/v2\/product"}],"about":[{"href":"https:\/\/gadgetingcar.com\/pt\/wp-json\/wp\/v2\/types\/product"}],"replies":[{"embeddable":true,"href":"https:\/\/gadgetingcar.com\/pt\/wp-json\/wp\/v2\/comments?post=921"}],"wp:featuredmedia":[{"embeddable":true,"href":"https:\/\/gadgetingcar.com\/pt\/wp-json\/wp\/v2\/media\/708"}],"wp:attachment":[{"href":"https:\/\/gadgetingcar.com\/pt\/wp-json\/wp\/v2\/media?parent=921"}],"wp:term":[{"taxonomy":"product_brand","embeddable":true,"href":"https:\/\/gadgetingcar.com\/pt\/wp-json\/wp\/v2\/product_brand?post=921"},{"taxonomy":"product_cat","embeddable":true,"href":"https:\/\/gadgetingcar.com\/pt\/wp-json\/wp\/v2\/product_cat?post=921"},{"taxonomy":"product_tag","embeddable":true,"href":"https:\/\/gadgetingcar.com\/pt\/wp-json\/wp\/v2\/product_tag?post=921"}],"curies":[{"name":"wp","href":"https:\/\/api.w.org\/{rel}","templated":true}]}}